{"id":20201,"date":"2024-08-05T14:50:53","date_gmt":"2024-08-05T12:50:53","guid":{"rendered":"https:\/\/www.orreke.ee\/blogi\/"},"modified":"2026-04-17T10:51:05","modified_gmt":"2026-04-17T08:51:05","slug":"blogi","status":"publish","type":"page","link":"https:\/\/www.orreke.ee\/fi\/blogi\/","title":{"rendered":"Blogi"},"content":{"rendered":"\t\t<div data-elementor-type=\"wp-page\" data-elementor-id=\"20201\" class=\"elementor elementor-20201 elementor-989\" data-elementor-post-type=\"page\">\n\t\t\t\t<div class=\"elementor-element elementor-element-8627b48 e-flex e-con-boxed e-con e-parent\" data-id=\"8627b48\" data-element_type=\"container\" data-e-type=\"container\">\n\t\t\t\t\t<div class=\"e-con-inner\">\n\t\t\t\t<div class=\"elementor-element elementor-element-6cd0d3e elementor-widget elementor-widget-spacer\" data-id=\"6cd0d3e\" data-element_type=\"widget\" data-e-type=\"widget\" data-widget_type=\"spacer.default\">\n\t\t\t\t<div class=\"elementor-widget-container\">\n\t\t\t\t\t\t\t<div class=\"elementor-spacer\">\n\t\t\t<div class=\"elementor-spacer-inner\"><\/div>\n\t\t<\/div>\n\t\t\t\t\t\t<\/div>\n\t\t\t\t<\/div>\n\t\t\t\t<div class=\"elementor-element elementor-element-73ddfd1 elementor-widget elementor-widget-heading\" data-id=\"73ddfd1\" data-element_type=\"widget\" data-e-type=\"widget\" data-widget_type=\"heading.default\">\n\t\t\t\t<div class=\"elementor-widget-container\">\n\t\t\t\t\t<h2 class=\"elementor-heading-title elementor-size-default\">\u00d6rrekese toimetused<\/h2>\t\t\t\t<\/div>\n\t\t\t\t<\/div>\n\t\t\t\t<div class=\"elementor-element elementor-element-a56d2d0 elementor-widget__width-initial elementor-widget elementor-widget-text-editor\" data-id=\"a56d2d0\" data-element_type=\"widget\" data-e-type=\"widget\" data-widget_type=\"text-editor.default\">\n\t\t\t\t<div class=\"elementor-widget-container\">\n\t\t\t\t\t\t\t\t\t<p>Koondame \u00d6rrekese blogisse erinevad meisterdamised, mida saad kodus lihtsasti ise teha, samuti \u00fcldisemad lood k\u00e4sit\u00f6\u00f6st, materjalidest, loovusest ja ka sellest, kuidas need meisterdused \u00d6rrekeseni on j\u00f5udnud.<\/p>\t\t\t\t\t\t\t\t<\/div>\n\t\t\t\t<\/div>\n\t\t\t\t<div class=\"elementor-element elementor-element-d4d1a77 elementor-widget elementor-widget-spacer\" data-id=\"d4d1a77\" data-element_type=\"widget\" data-e-type=\"widget\" data-widget_type=\"spacer.default\">\n\t\t\t\t<div class=\"elementor-widget-container\">\n\t\t\t\t\t\t\t<div class=\"elementor-spacer\">\n\t\t\t<div class=\"elementor-spacer-inner\"><\/div>\n\t\t<\/div>\n\t\t\t\t\t\t<\/div>\n\t\t\t\t<\/div>\n\t\t\t\t<div class=\"elementor-element elementor-element-e433e9b elementor-posts--align-left elementor-grid-2 elementor-grid-tablet-2 elementor-grid-mobile-1 elementor-posts--thumbnail-top elementor-widget elementor-widget-posts\" data-id=\"e433e9b\" data-element_type=\"widget\" data-e-type=\"widget\" data-settings=\"{&quot;classic_row_gap&quot;:{&quot;unit&quot;:&quot;px&quot;,&quot;size&quot;:20,&quot;sizes&quot;:[]},&quot;pagination_type&quot;:&quot;load_more_infinite_scroll&quot;,&quot;classic_columns&quot;:&quot;2&quot;,&quot;classic_columns_tablet&quot;:&quot;2&quot;,&quot;classic_columns_mobile&quot;:&quot;1&quot;,&quot;classic_row_gap_tablet&quot;:{&quot;unit&quot;:&quot;px&quot;,&quot;size&quot;:&quot;&quot;,&quot;sizes&quot;:[]},&quot;classic_row_gap_mobile&quot;:{&quot;unit&quot;:&quot;px&quot;,&quot;size&quot;:&quot;&quot;,&quot;sizes&quot;:[]},&quot;load_more_spinner&quot;:{&quot;value&quot;:&quot;fas fa-spinner&quot;,&quot;library&quot;:&quot;fa-solid&quot;}}\" data-widget_type=\"posts.classic\">\n\t\t\t\t<div class=\"elementor-widget-container\">\n\t\t\t\t\t\t\t<div class=\"elementor-posts-container elementor-posts elementor-posts--skin-classic elementor-grid\" role=\"list\">\n\t\t\t\t<article class=\"elementor-post elementor-grid-item post-18536 post type-post status-publish format-standard has-post-thumbnail hentry category-uncategorized-fi\" role=\"listitem\">\n\t\t\t\t<a class=\"elementor-post__thumbnail__link\" href=\"https:\/\/www.orreke.ee\/fi\/sytytystulpat-kynttilanjatteista\/\" tabindex=\"-1\" >\n\t\t\t<div class=\"elementor-post__thumbnail\"><img fetchpriority=\"high\" decoding=\"async\" width=\"900\" height=\"700\" src=\"https:\/\/www.orreke.ee\/wp-content\/uploads\/2025\/01\/6rrek20nov_030-E.jpg\" class=\"attachment-full size-full wp-image-18537\" alt=\"\" srcset=\"https:\/\/www.orreke.ee\/wp-content\/uploads\/2025\/01\/6rrek20nov_030-E.jpg 900w, https:\/\/www.orreke.ee\/wp-content\/uploads\/2025\/01\/6rrek20nov_030-E-300x233.jpg 300w, https:\/\/www.orreke.ee\/wp-content\/uploads\/2025\/01\/6rrek20nov_030-E-768x597.jpg 768w\" sizes=\"(max-width: 900px) 100vw, 900px\" \/><\/div>\n\t\t<\/a>\n\t\t\t\t<div class=\"elementor-post__text\">\n\t\t\t\t<h2 class=\"elementor-post__title\">\n\t\t\t<a href=\"https:\/\/www.orreke.ee\/fi\/sytytystulpat-kynttilanjatteista\/\" >\n\t\t\t\tEco-life-ty\u00f6paja 5, kynttil\u00e4j\u00e4tteist\u00e4 valmistetut sytytysnauhat\t\t\t<\/a>\n\t\t<\/h2>\n\t\t\n\t\t<a class=\"elementor-post__read-more\" href=\"https:\/\/www.orreke.ee\/fi\/sytytystulpat-kynttilanjatteista\/\" aria-label=\"Read more about Eco-life-ty\u00f6paja 5, kynttil\u00e4j\u00e4tteist\u00e4 valmistetut sytytysnauhat\" tabindex=\"-1\" >\n\t\t\tLoe rohkem \u00bb\t\t<\/a>\n\n\t\t\t\t<\/div>\n\t\t\t\t<\/article>\n\t\t\t\t<article class=\"elementor-post elementor-grid-item post-18539 post type-post status-publish format-standard has-post-thumbnail hentry category-eco-life-tyopajat tag-desovar-fi tag-ekologisen-elamantavan-tyopaja\" role=\"listitem\">\n\t\t\t\t<a class=\"elementor-post__thumbnail__link\" href=\"https:\/\/www.orreke.ee\/fi\/eco-life-workshop-4-kodin-siivousaineet\/\" tabindex=\"-1\" >\n\t\t\t<div class=\"elementor-post__thumbnail\"><img decoding=\"async\" width=\"900\" height=\"700\" src=\"https:\/\/www.orreke.ee\/wp-content\/uploads\/2019\/02\/IMG_8853.jpg\" class=\"attachment-full size-full wp-image-18540\" alt=\"\" srcset=\"https:\/\/www.orreke.ee\/wp-content\/uploads\/2019\/02\/IMG_8853.jpg 900w, https:\/\/www.orreke.ee\/wp-content\/uploads\/2019\/02\/IMG_8853-300x233.jpg 300w, https:\/\/www.orreke.ee\/wp-content\/uploads\/2019\/02\/IMG_8853-768x597.jpg 768w\" sizes=\"(max-width: 900px) 100vw, 900px\" \/><\/div>\n\t\t<\/a>\n\t\t\t\t<div class=\"elementor-post__text\">\n\t\t\t\t<h2 class=\"elementor-post__title\">\n\t\t\t<a href=\"https:\/\/www.orreke.ee\/fi\/eco-life-workshop-4-kodin-siivousaineet\/\" >\n\t\t\t\tEco-life workshop 4, Kodin siivousaineet\t\t\t<\/a>\n\t\t<\/h2>\n\t\t\n\t\t<a class=\"elementor-post__read-more\" href=\"https:\/\/www.orreke.ee\/fi\/eco-life-workshop-4-kodin-siivousaineet\/\" aria-label=\"Read more about Eco-life workshop 4, Kodin siivousaineet\" tabindex=\"-1\" >\n\t\t\tLoe rohkem \u00bb\t\t<\/a>\n\n\t\t\t\t<\/div>\n\t\t\t\t<\/article>\n\t\t\t\t<article class=\"elementor-post elementor-grid-item post-18541 post type-post status-publish format-standard has-post-thumbnail hentry category-eco-life-tyopajat tag-ekologisen-elamantavan-tyopaja\" role=\"listitem\">\n\t\t\t\t<a class=\"elementor-post__thumbnail__link\" href=\"https:\/\/www.orreke.ee\/fi\/deodorant\/\" tabindex=\"-1\" >\n\t\t\t<div class=\"elementor-post__thumbnail\"><img decoding=\"async\" width=\"900\" height=\"700\" src=\"https:\/\/www.orreke.ee\/wp-content\/uploads\/2019\/11\/deodorant-1.jpg\" class=\"attachment-full size-full wp-image-18543\" alt=\"Eesti k\u00e4sit\u00f6\u00f6\" srcset=\"https:\/\/www.orreke.ee\/wp-content\/uploads\/2019\/11\/deodorant-1.jpg 900w, https:\/\/www.orreke.ee\/wp-content\/uploads\/2019\/11\/deodorant-1-300x233.jpg 300w, https:\/\/www.orreke.ee\/wp-content\/uploads\/2019\/11\/deodorant-1-768x597.jpg 768w\" sizes=\"(max-width: 900px) 100vw, 900px\" \/><\/div>\n\t\t<\/a>\n\t\t\t\t<div class=\"elementor-post__text\">\n\t\t\t\t<h2 class=\"elementor-post__title\">\n\t\t\t<a href=\"https:\/\/www.orreke.ee\/fi\/deodorant\/\" >\n\t\t\t\tEco-life workshop 3, kotitekoinen deodorantti\t\t\t<\/a>\n\t\t<\/h2>\n\t\t\n\t\t<a class=\"elementor-post__read-more\" href=\"https:\/\/www.orreke.ee\/fi\/deodorant\/\" aria-label=\"Read more about Eco-life workshop 3, kotitekoinen deodorantti\" tabindex=\"-1\" >\n\t\t\tLoe rohkem \u00bb\t\t<\/a>\n\n\t\t\t\t<\/div>\n\t\t\t\t<\/article>\n\t\t\t\t<\/div>\n\t\t\t\t\t<span class=\"e-load-more-spinner\">\n\t\t\t\t<svg aria-hidden=\"true\" class=\"e-font-icon-svg e-fas-spinner\" viewBox=\"0 0 512 512\" xmlns=\"http:\/\/www.w3.org\/2000\/svg\"><path d=\"M304 48c0 26.51-21.49 48-48 48s-48-21.49-48-48 21.49-48 48-48 48 21.49 48 48zm-48 368c-26.51 0-48 21.49-48 48s21.49 48 48 48 48-21.49 48-48-21.49-48-48-48zm208-208c-26.51 0-48 21.49-48 48s21.49 48 48 48 48-21.49 48-48-21.49-48-48-48zM96 256c0-26.51-21.49-48-48-48S0 229.49 0 256s21.49 48 48 48 48-21.49 48-48zm12.922 99.078c-26.51 0-48 21.49-48 48s21.49 48 48 48 48-21.49 48-48c0-26.509-21.491-48-48-48zm294.156 0c-26.51 0-48 21.49-48 48s21.49 48 48 48 48-21.49 48-48c0-26.509-21.49-48-48-48zM108.922 60.922c-26.51 0-48 21.49-48 48s21.49 48 48 48 48-21.49 48-48-21.491-48-48-48z\"><\/path><\/svg>\t\t\t<\/span>\n\t\t\n\t\t\t\t\t\t<\/div>\n\t\t\t\t<\/div>\n\t\t\t\t\t<\/div>\n\t\t\t\t<\/div>\n\t\t\t\t<\/div>\n\t\t","protected":false},"excerpt":{"rendered":"<p>\u00d6rrekese toimetused Koondame \u00d6rrekese blogisse erinevad meisterdamised, mida saad kodus lihtsasti ise teha, samuti \u00fcldisemad lood k\u00e4sit\u00f6\u00f6st, materjalidest, loovusest ja ka sellest, kuidas need meisterdused<\/p>\n","protected":false},"author":1,"featured_media":18398,"parent":0,"menu_order":0,"comment_status":"closed","ping_status":"closed","template":"","meta":{"_acf_changed":false,"footnotes":""},"class_list":["post-20201","page","type-page","status-publish","has-post-thumbnail","hentry"],"acf":[],"yoast_head":"<!-- This site is optimized with the Yoast SEO plugin v27.4 - https:\/\/yoast.com\/product\/yoast-seo-wordpress\/ -->\n<title>\u00d6rreke Blogi - Lood k\u00e4sit\u00f6\u00f6st ning k\u00f5igest sellega seonduvast<\/title>\n<meta name=\"description\" content=\"\u00d6rrekese blogis on ise tehtavad meisterdamised, \u00fcldisemad lood k\u00e4sit\u00f6\u00f6st, materjalidest ja kuidas need meisterdused \u00d6rrekeseni on j\u00f5udnud.\" \/>\n<meta name=\"robots\" content=\"index, follow, max-snippet:-1, max-image-preview:large, max-video-preview:-1\" \/>\n<link rel=\"canonical\" href=\"https:\/\/www.orreke.ee\/fi\/blogi\/\" \/>\n<meta property=\"og:locale\" content=\"fi_FI\" \/>\n<meta property=\"og:type\" content=\"article\" \/>\n<meta property=\"og:title\" content=\"\u00d6rreke Blogi - Lood k\u00e4sit\u00f6\u00f6st ning k\u00f5igest sellega seonduvast\" \/>\n<meta property=\"og:description\" content=\"\u00d6rrekese blogis on ise tehtavad meisterdamised, \u00fcldisemad lood k\u00e4sit\u00f6\u00f6st, materjalidest ja kuidas need meisterdused \u00d6rrekeseni on j\u00f5udnud.\" \/>\n<meta property=\"og:url\" content=\"https:\/\/www.orreke.ee\/fi\/blogi\/\" \/>\n<meta property=\"og:site_name\" content=\"\u00d6rreke\" \/>\n<meta property=\"article:publisher\" content=\"https:\/\/www.facebook.com\/orreke\/\" \/>\n<meta property=\"article:modified_time\" content=\"2026-04-17T08:51:05+00:00\" \/>\n<meta property=\"og:image\" content=\"https:\/\/www.orreke.ee\/wp-content\/uploads\/2024\/09\/Uusdisaini-opituba-3-scaled-e1727007375782.jpg\" \/>\n\t<meta property=\"og:image:width\" content=\"1920\" \/>\n\t<meta property=\"og:image:height\" content=\"961\" \/>\n\t<meta property=\"og:image:type\" content=\"image\/jpeg\" \/>\n<meta name=\"twitter:card\" content=\"summary_large_image\" \/>\n<script type=\"application\/ld+json\" class=\"yoast-schema-graph\">{\"@context\":\"https:\\\/\\\/schema.org\",\"@graph\":[{\"@type\":\"WebPage\",\"@id\":\"https:\\\/\\\/www.orreke.ee\\\/fi\\\/blogi\\\/\",\"url\":\"https:\\\/\\\/www.orreke.ee\\\/fi\\\/blogi\\\/\",\"name\":\"\u00d6rreke Blogi - Lood k\u00e4sit\u00f6\u00f6st ning k\u00f5igest sellega seonduvast\",\"isPartOf\":{\"@id\":\"https:\\\/\\\/www.orreke.ee\\\/fi\\\/#website\"},\"primaryImageOfPage\":{\"@id\":\"https:\\\/\\\/www.orreke.ee\\\/fi\\\/blogi\\\/#primaryimage\"},\"image\":{\"@id\":\"https:\\\/\\\/www.orreke.ee\\\/fi\\\/blogi\\\/#primaryimage\"},\"thumbnailUrl\":\"https:\\\/\\\/www.orreke.ee\\\/wp-content\\\/uploads\\\/2024\\\/09\\\/Uusdisaini-opituba-3-scaled-e1727007375782.jpg\",\"datePublished\":\"2024-08-05T12:50:53+00:00\",\"dateModified\":\"2026-04-17T08:51:05+00:00\",\"description\":\"\u00d6rrekese blogis on ise tehtavad meisterdamised, \u00fcldisemad lood k\u00e4sit\u00f6\u00f6st, materjalidest ja kuidas need meisterdused \u00d6rrekeseni on j\u00f5udnud.\",\"breadcrumb\":{\"@id\":\"https:\\\/\\\/www.orreke.ee\\\/fi\\\/blogi\\\/#breadcrumb\"},\"inLanguage\":\"fi\",\"potentialAction\":[{\"@type\":\"ReadAction\",\"target\":[\"https:\\\/\\\/www.orreke.ee\\\/fi\\\/blogi\\\/\"]}]},{\"@type\":\"ImageObject\",\"inLanguage\":\"fi\",\"@id\":\"https:\\\/\\\/www.orreke.ee\\\/fi\\\/blogi\\\/#primaryimage\",\"url\":\"https:\\\/\\\/www.orreke.ee\\\/wp-content\\\/uploads\\\/2024\\\/09\\\/Uusdisaini-opituba-3-scaled-e1727007375782.jpg\",\"contentUrl\":\"https:\\\/\\\/www.orreke.ee\\\/wp-content\\\/uploads\\\/2024\\\/09\\\/Uusdisaini-opituba-3-scaled-e1727007375782.jpg\",\"width\":1920,\"height\":961},{\"@type\":\"BreadcrumbList\",\"@id\":\"https:\\\/\\\/www.orreke.ee\\\/fi\\\/blogi\\\/#breadcrumb\",\"itemListElement\":[{\"@type\":\"ListItem\",\"position\":1,\"name\":\"Home\",\"item\":\"https:\\\/\\\/www.orreke.ee\\\/fi\\\/\"},{\"@type\":\"ListItem\",\"position\":2,\"name\":\"Blogi\"}]},{\"@type\":\"WebSite\",\"@id\":\"https:\\\/\\\/www.orreke.ee\\\/fi\\\/#website\",\"url\":\"https:\\\/\\\/www.orreke.ee\\\/fi\\\/\",\"name\":\"\u00d6rreke\",\"description\":\"Rohkem kui pelgalt k\u00e4sit\u00f6\u00f6!\",\"publisher\":{\"@id\":\"https:\\\/\\\/www.orreke.ee\\\/fi\\\/#organization\"},\"alternateName\":\"K\u00e4sit\u00f6\u00f6 \u00f5pitoad\",\"potentialAction\":[{\"@type\":\"SearchAction\",\"target\":{\"@type\":\"EntryPoint\",\"urlTemplate\":\"https:\\\/\\\/www.orreke.ee\\\/fi\\\/?s={search_term_string}\"},\"query-input\":{\"@type\":\"PropertyValueSpecification\",\"valueRequired\":true,\"valueName\":\"search_term_string\"}}],\"inLanguage\":\"fi\"},{\"@type\":\"Organization\",\"@id\":\"https:\\\/\\\/www.orreke.ee\\\/fi\\\/#organization\",\"name\":\"\u00d6rreke\",\"alternateName\":\"K\u00e4sit\u00f6\u00f6 \u00f5pitoad Sinu \u00fcritusel\",\"url\":\"https:\\\/\\\/www.orreke.ee\\\/fi\\\/\",\"logo\":{\"@type\":\"ImageObject\",\"inLanguage\":\"fi\",\"@id\":\"https:\\\/\\\/www.orreke.ee\\\/fi\\\/#\\\/schema\\\/logo\\\/image\\\/\",\"url\":\"https:\\\/\\\/www.orreke.ee\\\/wp-content\\\/uploads\\\/2024\\\/08\\\/ORREKE.svg\",\"contentUrl\":\"https:\\\/\\\/www.orreke.ee\\\/wp-content\\\/uploads\\\/2024\\\/08\\\/ORREKE.svg\",\"width\":317,\"height\":69,\"caption\":\"\u00d6rreke\"},\"image\":{\"@id\":\"https:\\\/\\\/www.orreke.ee\\\/fi\\\/#\\\/schema\\\/logo\\\/image\\\/\"},\"sameAs\":[\"https:\\\/\\\/www.facebook.com\\\/orreke\\\/\",\"https:\\\/\\\/www.instagram.com\\\/orrekesemeistrikoda\\\/\",\"https:\\\/\\\/www.linkedin.com\\\/company\\\/orrekese-meistrikoda\\\/\"]}]}<\/script>\n<!-- \/ Yoast SEO plugin. -->","yoast_head_json":{"title":"\u00d6rreke Blogi - Lood k\u00e4sit\u00f6\u00f6st ning k\u00f5igest sellega seonduvast","description":"\u00d6rrekese blogis on ise tehtavad meisterdamised, \u00fcldisemad lood k\u00e4sit\u00f6\u00f6st, materjalidest ja kuidas need meisterdused \u00d6rrekeseni on j\u00f5udnud.","robots":{"index":"index","follow":"follow","max-snippet":"max-snippet:-1","max-image-preview":"max-image-preview:large","max-video-preview":"max-video-preview:-1"},"canonical":"https:\/\/www.orreke.ee\/fi\/blogi\/","og_locale":"fi_FI","og_type":"article","og_title":"\u00d6rreke Blogi - Lood k\u00e4sit\u00f6\u00f6st ning k\u00f5igest sellega seonduvast","og_description":"\u00d6rrekese blogis on ise tehtavad meisterdamised, \u00fcldisemad lood k\u00e4sit\u00f6\u00f6st, materjalidest ja kuidas need meisterdused \u00d6rrekeseni on j\u00f5udnud.","og_url":"https:\/\/www.orreke.ee\/fi\/blogi\/","og_site_name":"\u00d6rreke","article_publisher":"https:\/\/www.facebook.com\/orreke\/","article_modified_time":"2026-04-17T08:51:05+00:00","og_image":[{"width":1920,"height":961,"url":"https:\/\/www.orreke.ee\/wp-content\/uploads\/2024\/09\/Uusdisaini-opituba-3-scaled-e1727007375782.jpg","type":"image\/jpeg"}],"twitter_card":"summary_large_image","schema":{"@context":"https:\/\/schema.org","@graph":[{"@type":"WebPage","@id":"https:\/\/www.orreke.ee\/fi\/blogi\/","url":"https:\/\/www.orreke.ee\/fi\/blogi\/","name":"\u00d6rreke Blogi - Lood k\u00e4sit\u00f6\u00f6st ning k\u00f5igest sellega seonduvast","isPartOf":{"@id":"https:\/\/www.orreke.ee\/fi\/#website"},"primaryImageOfPage":{"@id":"https:\/\/www.orreke.ee\/fi\/blogi\/#primaryimage"},"image":{"@id":"https:\/\/www.orreke.ee\/fi\/blogi\/#primaryimage"},"thumbnailUrl":"https:\/\/www.orreke.ee\/wp-content\/uploads\/2024\/09\/Uusdisaini-opituba-3-scaled-e1727007375782.jpg","datePublished":"2024-08-05T12:50:53+00:00","dateModified":"2026-04-17T08:51:05+00:00","description":"\u00d6rrekese blogis on ise tehtavad meisterdamised, \u00fcldisemad lood k\u00e4sit\u00f6\u00f6st, materjalidest ja kuidas need meisterdused \u00d6rrekeseni on j\u00f5udnud.","breadcrumb":{"@id":"https:\/\/www.orreke.ee\/fi\/blogi\/#breadcrumb"},"inLanguage":"fi","potentialAction":[{"@type":"ReadAction","target":["https:\/\/www.orreke.ee\/fi\/blogi\/"]}]},{"@type":"ImageObject","inLanguage":"fi","@id":"https:\/\/www.orreke.ee\/fi\/blogi\/#primaryimage","url":"https:\/\/www.orreke.ee\/wp-content\/uploads\/2024\/09\/Uusdisaini-opituba-3-scaled-e1727007375782.jpg","contentUrl":"https:\/\/www.orreke.ee\/wp-content\/uploads\/2024\/09\/Uusdisaini-opituba-3-scaled-e1727007375782.jpg","width":1920,"height":961},{"@type":"BreadcrumbList","@id":"https:\/\/www.orreke.ee\/fi\/blogi\/#breadcrumb","itemListElement":[{"@type":"ListItem","position":1,"name":"Home","item":"https:\/\/www.orreke.ee\/fi\/"},{"@type":"ListItem","position":2,"name":"Blogi"}]},{"@type":"WebSite","@id":"https:\/\/www.orreke.ee\/fi\/#website","url":"https:\/\/www.orreke.ee\/fi\/","name":"\u00d6rreke","description":"Rohkem kui pelgalt k\u00e4sit\u00f6\u00f6!","publisher":{"@id":"https:\/\/www.orreke.ee\/fi\/#organization"},"alternateName":"K\u00e4sit\u00f6\u00f6 \u00f5pitoad","potentialAction":[{"@type":"SearchAction","target":{"@type":"EntryPoint","urlTemplate":"https:\/\/www.orreke.ee\/fi\/?s={search_term_string}"},"query-input":{"@type":"PropertyValueSpecification","valueRequired":true,"valueName":"search_term_string"}}],"inLanguage":"fi"},{"@type":"Organization","@id":"https:\/\/www.orreke.ee\/fi\/#organization","name":"\u00d6rreke","alternateName":"K\u00e4sit\u00f6\u00f6 \u00f5pitoad Sinu \u00fcritusel","url":"https:\/\/www.orreke.ee\/fi\/","logo":{"@type":"ImageObject","inLanguage":"fi","@id":"https:\/\/www.orreke.ee\/fi\/#\/schema\/logo\/image\/","url":"https:\/\/www.orreke.ee\/wp-content\/uploads\/2024\/08\/ORREKE.svg","contentUrl":"https:\/\/www.orreke.ee\/wp-content\/uploads\/2024\/08\/ORREKE.svg","width":317,"height":69,"caption":"\u00d6rreke"},"image":{"@id":"https:\/\/www.orreke.ee\/fi\/#\/schema\/logo\/image\/"},"sameAs":["https:\/\/www.facebook.com\/orreke\/","https:\/\/www.instagram.com\/orrekesemeistrikoda\/","https:\/\/www.linkedin.com\/company\/orrekese-meistrikoda\/"]}]}},"_links":{"self":[{"href":"https:\/\/www.orreke.ee\/fi\/wp-json\/wp\/v2\/pages\/20201","targetHints":{"allow":["GET"]}}],"collection":[{"href":"https:\/\/www.orreke.ee\/fi\/wp-json\/wp\/v2\/pages"}],"about":[{"href":"https:\/\/www.orreke.ee\/fi\/wp-json\/wp\/v2\/types\/page"}],"author":[{"embeddable":true,"href":"https:\/\/www.orreke.ee\/fi\/wp-json\/wp\/v2\/users\/1"}],"replies":[{"embeddable":true,"href":"https:\/\/www.orreke.ee\/fi\/wp-json\/wp\/v2\/comments?post=20201"}],"version-history":[{"count":1,"href":"https:\/\/www.orreke.ee\/fi\/wp-json\/wp\/v2\/pages\/20201\/revisions"}],"predecessor-version":[{"id":20202,"href":"https:\/\/www.orreke.ee\/fi\/wp-json\/wp\/v2\/pages\/20201\/revisions\/20202"}],"wp:featuredmedia":[{"embeddable":true,"href":"https:\/\/www.orreke.ee\/fi\/wp-json\/wp\/v2\/media\/18398"}],"wp:attachment":[{"href":"https:\/\/www.orreke.ee\/fi\/wp-json\/wp\/v2\/media?parent=20201"}],"curies":[{"name":"wp","href":"https:\/\/api.w.org\/{rel}","templated":true}]}}