{"id":20176,"date":"2024-09-15T16:49:26","date_gmt":"2024-09-15T14:49:26","guid":{"rendered":"https:\/\/www.orreke.ee\/tietosuojakaytanto\/"},"modified":"2026-04-17T10:51:03","modified_gmt":"2026-04-17T08:51:03","slug":"tietosuojakaytanto","status":"publish","type":"page","link":"https:\/\/www.orreke.ee\/fi\/tietosuojakaytanto\/","title":{"rendered":"Tietosuojak\u00e4yt\u00e4nt\u00f6"},"content":{"rendered":"\t\t<div data-elementor-type=\"wp-page\" data-elementor-id=\"20176\" class=\"elementor elementor-20176 elementor-15023\" data-elementor-post-type=\"page\">\n\t\t\t\t<div class=\"elementor-element elementor-element-d32a46c e-flex e-con-boxed e-con e-parent\" data-id=\"d32a46c\" data-element_type=\"container\" data-e-type=\"container\">\n\t\t\t\t\t<div class=\"e-con-inner\">\n\t\t\t\t<div class=\"elementor-element elementor-element-908049b elementor-widget elementor-widget-spacer\" data-id=\"908049b\" data-element_type=\"widget\" data-e-type=\"widget\" data-widget_type=\"spacer.default\">\n\t\t\t\t<div class=\"elementor-widget-container\">\n\t\t\t\t\t\t\t<div class=\"elementor-spacer\">\n\t\t\t<div class=\"elementor-spacer-inner\"><\/div>\n\t\t<\/div>\n\t\t\t\t\t\t<\/div>\n\t\t\t\t<\/div>\n\t\t\t\t<div class=\"elementor-element elementor-element-1a21cb4 elementor-widget elementor-widget-heading\" data-id=\"1a21cb4\" data-element_type=\"widget\" data-e-type=\"widget\" data-widget_type=\"heading.default\">\n\t\t\t\t<div class=\"elementor-widget-container\">\n\t\t\t\t\t<h2 class=\"elementor-heading-title elementor-size-default\">Tietosuojak\u00e4yt\u00e4nt\u00f6<\/h2>\t\t\t\t<\/div>\n\t\t\t\t<\/div>\n\t\t\t\t<div class=\"elementor-element elementor-element-e874c9a elementor-widget elementor-widget-text-editor\" data-id=\"e874c9a\" data-element_type=\"widget\" data-e-type=\"widget\" data-widget_type=\"text-editor.default\">\n\t\t\t\t<div class=\"elementor-widget-container\">\n\t\t\t\t\t\t\t\t\t<p class=\"font_8\" style=\"background: transparent; border: 0px; outline: 0px; padding: 0px; vertical-align: baseline; pointer-events: auto; line-height: 1.6; color: rgb(var(--color_15)); margin-block-end: 0px; margin: 0px;\">Meie klientide privaatsuse hoidmine on meile v\u00e4ga oluline. Seep\u00e4rast oleme koostanud privaatsuspoliitika, milles anname teada, kuidas me kogume, kasutame, avaldame, edastame ja s\u00e4ilitame isikuandmeid. Isikuandmeid t\u00f6\u00f6deldes j\u00e4rgime Eestis kehtivaid seaduseid, sealhulgas Euroopa Liidu isikuandmete kaitse \u00fcldm\u00e4\u00e4rust (GDPR).<\/p>\n<p><\/p>\n<p class=\"font_8\" style=\"background: transparent; border: 0px; outline: 0px; padding: 0px; vertical-align: baseline; pointer-events: auto; line-height: 1.6; color: rgb(var(--color_15)); margin-block-end: 0px; margin: 0px;\">Isikuandmed on andmed, mille kaudu on v\u00f5imalik tuvastada \u00fcksikisik.<br><br><\/p>\n<ol class=\"font_8\" style=\"margin: 0px; padding: 0px; list-style-position: initial; list-style-image: initial; pointer-events: auto; line-height: 1.6; color: rgb(var(--color_15)); margin-inline-start: 0.5em; padding-inline: 1.3em 0px;\">\n<li style=\"margin: 0px; padding: 0px; font-style: inherit; font-weight: inherit; line-height: inherit;\">\n<p class=\"font_8\" style=\"background: transparent; border: 0px; outline: 0px; padding: 0px; vertical-align: baseline; line-height: 1.6; color: rgb(var(--color_15)); letter-spacing: 0em; margin-block-end: 0px; margin: 0px;\">\u00d6rrekese meistrikoda (Sinka O\u00dc) palub kliendil edastada meile isikuandmeid juhul, kui klient soovib tellida \u00f5pituba v\u00f5i sooritada ostu e-poest. Isikuandmed, mida palume on:<\/p>\n<ul class=\"font_8\" style=\"margin: 0px; padding: 0px; list-style-position: initial; list-style-image: initial; pointer-events: auto; line-height: 1.6; color: rgb(var(--color_15)); margin-inline-start: 0.5em; padding-inline: 1.3em 0px;\">\n<li style=\"margin: 0px; padding: 0px; font-style: inherit; font-weight: inherit; line-height: inherit;\">\n<p class=\"font_8\" style=\"background: transparent; border: 0px; outline: 0px; padding: 0px; vertical-align: baseline; line-height: 1.6; color: rgb(var(--color_15)); letter-spacing: 0em; margin-block-end: 0px; margin: 0px;\">nimi,<\/p>\n<\/li>\n<li style=\"margin: 0px; padding: 0px; font-style: inherit; font-weight: inherit; line-height: inherit;\">\n<p class=\"font_8\" style=\"background: transparent; border: 0px; outline: 0px; padding: 0px; vertical-align: baseline; line-height: 1.6; color: rgb(var(--color_15)); letter-spacing: 0em; margin-block-end: 0px; margin: 0px;\">telefoninumber,<\/p>\n<\/li>\n<li style=\"margin: 0px; padding: 0px; font-style: inherit; font-weight: inherit; line-height: inherit;\">\n<p class=\"font_8\" style=\"background: transparent; border: 0px; outline: 0px; padding: 0px; vertical-align: baseline; line-height: 1.6; color: rgb(var(--color_15)); letter-spacing: 0em; margin-block-end: 0px; margin: 0px;\"><span style=\"background-color: transparent; color: rgb(var(--color_15)); font-family: var( --e-global-typography-text-font-family ), Sans-serif; font-style: inherit; font-weight: inherit; letter-spacing: 0em; text-align: var(--text-align); font-size: var( --e-global-typography-text-font-size );\">e-posti aadress<br><br><\/span><\/p>\n<\/li>\n<\/ul>\n<\/li>\n<li><span style=\"background-color: transparent; color: rgb(var(--color_15)); font-family: var( --e-global-typography-text-font-family ), Sans-serif; font-style: inherit; font-weight: inherit; letter-spacing: 0em; text-align: var(--text-align);\">Kogutud isikuandmeid kasutame:<\/span><br><ul class=\"font_8\" style=\"margin: 0px; padding: 0px; list-style-position: initial; list-style-image: initial; pointer-events: auto; line-height: 1.6; color: rgb(var(--color_15)); margin-inline-start: 0.5em; padding-inline: 1.3em 0px;\">\n<li style=\"margin: 0px; padding: 0px; font-style: inherit; font-weight: inherit; line-height: inherit;\">\n<p class=\"font_8\" style=\"background: transparent; border: 0px; outline: 0px; padding: 0px; vertical-align: baseline; line-height: 1.6; color: rgb(var(--color_15)); letter-spacing: 0em; margin-block-end: 0px; margin: 0px;\">arvete koostamiseks ja v\u00e4ljastamiseks,<\/p>\n<\/li>\n<li style=\"margin: 0px; padding: 0px; font-style: inherit; font-weight: inherit; line-height: inherit;\">\n<p class=\"font_8\" style=\"background: transparent; border: 0px; outline: 0px; padding: 0px; vertical-align: baseline; line-height: 1.6; color: rgb(var(--color_15)); letter-spacing: 0em; margin-block-end: 0px; margin: 0px;\">kliendile \u00f5pitoa v\u00f5i kauba kohta info saatmiseks.<br><br><\/p>\n<\/li>\n<\/ul>\n<\/li>\n<li>Isikuandmeid on kliendil alati v\u00f5imalik muuta v\u00f5i paluda andmete kustutamist. Selleks tuleb aadressile&nbsp;<a style=\"background-image: initial; background-position: initial; background-size: initial; background-repeat: initial; background-attachment: initial; background-origin: initial; background-clip: initial; border: 0px; margin: 0px; outline: 0px; padding: 0px; vertical-align: baseline; cursor: pointer;\" href=\"mailto:info@orreke.ee\" data-auto-recognition=\"true\">info@orreke.ee<\/a>&nbsp;saata vastava sisuline e-kiri.<br><br><\/li>\n<li>Jagame kogutud isikuandmeid ametiasutuste n\u00f5udel v\u00f5i juhtudel, kui see on vajalik kliendi tellitud teenuse osutamiseks. Andmet\u00f6\u00f6tleja on isikuandmete vastutav t\u00f6\u00f6tleja. Tarne teostamiseks esitame kliendi poolt sisestatud andmed tarne pakkujale.<br>\n<br><br><\/li>\n<li style=\"margin: 0px; padding: 0px; font-style: inherit; font-weight: inherit; line-height: inherit;\">\n<p class=\"font_8\" style=\"background: transparent; border: 0px; outline: 0px; padding: 0px; vertical-align: baseline; line-height: 1.6; color: rgb(var(--color_15)); letter-spacing: 0em; margin-block-end: 0px; margin: 0px;\">Rakendame k\u00f5iki ettevaatusabin\u00f5usid isikuandmete kaitsmiseks. Juurdep\u00e4\u00e4s andmete t\u00f6\u00f6tlemiseks on ainult selleks volitatud t\u00f6\u00f6tajal.<br><br><\/p>\n<\/li>\n<li style=\"margin: 0px; padding: 0px; font-style: inherit; font-weight: inherit; line-height: inherit;\">\n<p class=\"font_8\" style=\"background: transparent; border: 0px; outline: 0px; padding: 0px; vertical-align: baseline; line-height: 1.6; color: rgb(var(--color_15)); letter-spacing: 0em; margin-block-end: 0px; margin: 0px;\">\u00d6rrekese meistrikojal on \u00f5igus vajaduse korral muuta oma privaatsuspoliitika p\u00f5him\u00f5tteid. Sellest teavitame oma kliente, samuti avaldame info muudatuste kohta \u00d6rrekese veebilehel.<br><br><\/p>\n<\/li>\n<li style=\"margin: 0px; padding: 0px; font-style: inherit; font-weight: inherit; line-height: inherit;\">\n<p class=\"font_8\" style=\"background: transparent; border: 0px; outline: 0px; padding: 0px; vertical-align: baseline; line-height: 1.6; color: rgb(var(--color_15)); letter-spacing: 0em; margin-block-end: 0px; margin: 0px;\">K\u00f5ikide k\u00fcsimuste ja ettepanekute korral v\u00f5tke palun \u00fchendust aadressil&nbsp;<a style=\"background-image: initial; background-position: initial; background-size: initial; background-repeat: initial; background-attachment: initial; background-origin: initial; background-clip: initial; border: 0px; margin: 0px; outline: 0px; padding: 0px; vertical-align: baseline; cursor: pointer;\" href=\"mailto:info@orreke.ee\" data-auto-recognition=\"true\">info@orreke.ee<\/a>. Probleemidega on v\u00f5imalik p\u00f6\u00f6rduda ka Andmekaitse Inspektsiooni v\u00f5i kohtu poole.<\/p>\n<\/li>\n<\/ol>\t\t\t\t\t\t\t\t<\/div>\n\t\t\t\t<\/div>\n\t\t\t\t\t<\/div>\n\t\t\t\t<\/div>\n\t\t\t\t<\/div>\n\t\t","protected":false},"excerpt":{"rendered":"<p>Tietosuojak\u00e4yt\u00e4nt\u00f6 Meie klientide privaatsuse hoidmine on meile v\u00e4ga oluline. Seep\u00e4rast oleme koostanud privaatsuspoliitika, milles anname teada, kuidas me kogume, kasutame, avaldame, edastame ja s\u00e4ilitame isikuandmeid. Isikuandmeid t\u00f6\u00f6deldes j\u00e4rgime Eestis kehtivaid seaduseid, sealhulgas Euroopa Liidu isikuandmete kaitse \u00fcldm\u00e4\u00e4rust (GDPR). Isikuandmed on andmed, mille kaudu on v\u00f5imalik tuvastada \u00fcksikisik. \u00d6rrekese meistrikoda (Sinka O\u00dc) palub kliendil edastada meile [&hellip;]<\/p>\n","protected":false},"author":1,"featured_media":0,"parent":0,"menu_order":0,"comment_status":"closed","ping_status":"closed","template":"","meta":{"_acf_changed":false,"footnotes":""},"class_list":["post-20176","page","type-page","status-publish","hentry"],"acf":[],"yoast_head":"<!-- This site is optimized with the Yoast SEO plugin v27.4 - https:\/\/yoast.com\/product\/yoast-seo-wordpress\/ -->\n<title>\u00d6rreke Tietosuojak\u00e4yt\u00e4nt\u00f6 - \u00d6rreke<\/title>\n<meta name=\"description\" content=\"\u00d6rreke asiakkaiden privaatsuse suojaaminen on meile v\u00e4ga t\u00e4rke\u00e4\u00e4. Seep\u00e4rast oleme laadinneet tietosuojak\u00e4yt\u00e4nt\u00f6.\" \/>\n<meta name=\"robots\" content=\"index, follow, max-snippet:-1, max-image-preview:large, max-video-preview:-1\" \/>\n<link rel=\"canonical\" href=\"https:\/\/www.orreke.ee\/fi\/tietosuojakaytanto\/\" \/>\n<meta property=\"og:locale\" content=\"fi_FI\" \/>\n<meta property=\"og:type\" content=\"article\" \/>\n<meta property=\"og:title\" content=\"\u00d6rreke Tietosuojak\u00e4yt\u00e4nt\u00f6 - \u00d6rreke\" \/>\n<meta property=\"og:description\" content=\"\u00d6rreke asiakkaiden privaatsuse suojaaminen on meile v\u00e4ga t\u00e4rke\u00e4\u00e4. Seep\u00e4rast oleme laadinneet tietosuojak\u00e4yt\u00e4nt\u00f6.\" \/>\n<meta property=\"og:url\" content=\"https:\/\/www.orreke.ee\/fi\/tietosuojakaytanto\/\" \/>\n<meta property=\"og:site_name\" content=\"\u00d6rreke\" \/>\n<meta property=\"article:publisher\" content=\"https:\/\/www.facebook.com\/orreke\/\" \/>\n<meta property=\"article:modified_time\" content=\"2026-04-17T08:51:03+00:00\" \/>\n<meta property=\"og:image\" content=\"https:\/\/www.orreke.ee\/wp-content\/uploads\/2024\/09\/Copy-of-mesikanga-opituba-seltskonnale.jpg\" \/>\n\t<meta property=\"og:image:width\" content=\"900\" \/>\n\t<meta property=\"og:image:height\" content=\"700\" \/>\n\t<meta property=\"og:image:type\" content=\"image\/jpeg\" \/>\n<meta name=\"twitter:card\" content=\"summary_large_image\" \/>\n<meta name=\"twitter:label1\" content=\"Arvioitu lukuaika\" \/>\n\t<meta name=\"twitter:data1\" content=\"1 minuutti\" \/>\n<script type=\"application\/ld+json\" class=\"yoast-schema-graph\">{\"@context\":\"https:\\\/\\\/schema.org\",\"@graph\":[{\"@type\":\"WebPage\",\"@id\":\"https:\\\/\\\/www.orreke.ee\\\/fi\\\/tietosuojakaytanto\\\/\",\"url\":\"https:\\\/\\\/www.orreke.ee\\\/fi\\\/tietosuojakaytanto\\\/\",\"name\":\"\u00d6rreke Tietosuojak\u00e4yt\u00e4nt\u00f6 - \u00d6rreke\",\"isPartOf\":{\"@id\":\"https:\\\/\\\/www.orreke.ee\\\/fi\\\/#website\"},\"datePublished\":\"2024-09-15T14:49:26+00:00\",\"dateModified\":\"2026-04-17T08:51:03+00:00\",\"description\":\"\u00d6rreke asiakkaiden privaatsuse suojaaminen on meile v\u00e4ga t\u00e4rke\u00e4\u00e4. Seep\u00e4rast oleme laadinneet tietosuojak\u00e4yt\u00e4nt\u00f6.\",\"breadcrumb\":{\"@id\":\"https:\\\/\\\/www.orreke.ee\\\/fi\\\/tietosuojakaytanto\\\/#breadcrumb\"},\"inLanguage\":\"fi\",\"potentialAction\":[{\"@type\":\"ReadAction\",\"target\":[\"https:\\\/\\\/www.orreke.ee\\\/fi\\\/tietosuojakaytanto\\\/\"]}]},{\"@type\":\"BreadcrumbList\",\"@id\":\"https:\\\/\\\/www.orreke.ee\\\/fi\\\/tietosuojakaytanto\\\/#breadcrumb\",\"itemListElement\":[{\"@type\":\"ListItem\",\"position\":1,\"name\":\"Home\",\"item\":\"https:\\\/\\\/www.orreke.ee\\\/fi\\\/\"},{\"@type\":\"ListItem\",\"position\":2,\"name\":\"Tietosuojak\u00e4yt\u00e4nt\u00f6\"}]},{\"@type\":\"WebSite\",\"@id\":\"https:\\\/\\\/www.orreke.ee\\\/fi\\\/#website\",\"url\":\"https:\\\/\\\/www.orreke.ee\\\/fi\\\/\",\"name\":\"\u00d6rreke\",\"description\":\"Rohkem kui pelgalt k\u00e4sit\u00f6\u00f6!\",\"publisher\":{\"@id\":\"https:\\\/\\\/www.orreke.ee\\\/fi\\\/#organization\"},\"alternateName\":\"K\u00e4sit\u00f6\u00f6 \u00f5pitoad\",\"potentialAction\":[{\"@type\":\"SearchAction\",\"target\":{\"@type\":\"EntryPoint\",\"urlTemplate\":\"https:\\\/\\\/www.orreke.ee\\\/fi\\\/?s={search_term_string}\"},\"query-input\":{\"@type\":\"PropertyValueSpecification\",\"valueRequired\":true,\"valueName\":\"search_term_string\"}}],\"inLanguage\":\"fi\"},{\"@type\":\"Organization\",\"@id\":\"https:\\\/\\\/www.orreke.ee\\\/fi\\\/#organization\",\"name\":\"\u00d6rreke\",\"alternateName\":\"K\u00e4sit\u00f6\u00f6 \u00f5pitoad Sinu \u00fcritusel\",\"url\":\"https:\\\/\\\/www.orreke.ee\\\/fi\\\/\",\"logo\":{\"@type\":\"ImageObject\",\"inLanguage\":\"fi\",\"@id\":\"https:\\\/\\\/www.orreke.ee\\\/fi\\\/#\\\/schema\\\/logo\\\/image\\\/\",\"url\":\"https:\\\/\\\/www.orreke.ee\\\/wp-content\\\/uploads\\\/2024\\\/08\\\/ORREKE.svg\",\"contentUrl\":\"https:\\\/\\\/www.orreke.ee\\\/wp-content\\\/uploads\\\/2024\\\/08\\\/ORREKE.svg\",\"width\":317,\"height\":69,\"caption\":\"\u00d6rreke\"},\"image\":{\"@id\":\"https:\\\/\\\/www.orreke.ee\\\/fi\\\/#\\\/schema\\\/logo\\\/image\\\/\"},\"sameAs\":[\"https:\\\/\\\/www.facebook.com\\\/orreke\\\/\",\"https:\\\/\\\/www.instagram.com\\\/orrekesemeistrikoda\\\/\",\"https:\\\/\\\/www.linkedin.com\\\/company\\\/orrekese-meistrikoda\\\/\"]}]}<\/script>\n<!-- \/ Yoast SEO plugin. -->","yoast_head_json":{"title":"\u00d6rreke Tietosuojak\u00e4yt\u00e4nt\u00f6 - \u00d6rreke","description":"\u00d6rreke asiakkaiden privaatsuse suojaaminen on meile v\u00e4ga t\u00e4rke\u00e4\u00e4. Seep\u00e4rast oleme laadinneet tietosuojak\u00e4yt\u00e4nt\u00f6.","robots":{"index":"index","follow":"follow","max-snippet":"max-snippet:-1","max-image-preview":"max-image-preview:large","max-video-preview":"max-video-preview:-1"},"canonical":"https:\/\/www.orreke.ee\/fi\/tietosuojakaytanto\/","og_locale":"fi_FI","og_type":"article","og_title":"\u00d6rreke Tietosuojak\u00e4yt\u00e4nt\u00f6 - \u00d6rreke","og_description":"\u00d6rreke asiakkaiden privaatsuse suojaaminen on meile v\u00e4ga t\u00e4rke\u00e4\u00e4. Seep\u00e4rast oleme laadinneet tietosuojak\u00e4yt\u00e4nt\u00f6.","og_url":"https:\/\/www.orreke.ee\/fi\/tietosuojakaytanto\/","og_site_name":"\u00d6rreke","article_publisher":"https:\/\/www.facebook.com\/orreke\/","article_modified_time":"2026-04-17T08:51:03+00:00","og_image":[{"width":900,"height":700,"url":"https:\/\/www.orreke.ee\/wp-content\/uploads\/2024\/09\/Copy-of-mesikanga-opituba-seltskonnale.jpg","type":"image\/jpeg"}],"twitter_card":"summary_large_image","twitter_misc":{"Arvioitu lukuaika":"1 minuutti"},"schema":{"@context":"https:\/\/schema.org","@graph":[{"@type":"WebPage","@id":"https:\/\/www.orreke.ee\/fi\/tietosuojakaytanto\/","url":"https:\/\/www.orreke.ee\/fi\/tietosuojakaytanto\/","name":"\u00d6rreke Tietosuojak\u00e4yt\u00e4nt\u00f6 - \u00d6rreke","isPartOf":{"@id":"https:\/\/www.orreke.ee\/fi\/#website"},"datePublished":"2024-09-15T14:49:26+00:00","dateModified":"2026-04-17T08:51:03+00:00","description":"\u00d6rreke asiakkaiden privaatsuse suojaaminen on meile v\u00e4ga t\u00e4rke\u00e4\u00e4. Seep\u00e4rast oleme laadinneet tietosuojak\u00e4yt\u00e4nt\u00f6.","breadcrumb":{"@id":"https:\/\/www.orreke.ee\/fi\/tietosuojakaytanto\/#breadcrumb"},"inLanguage":"fi","potentialAction":[{"@type":"ReadAction","target":["https:\/\/www.orreke.ee\/fi\/tietosuojakaytanto\/"]}]},{"@type":"BreadcrumbList","@id":"https:\/\/www.orreke.ee\/fi\/tietosuojakaytanto\/#breadcrumb","itemListElement":[{"@type":"ListItem","position":1,"name":"Home","item":"https:\/\/www.orreke.ee\/fi\/"},{"@type":"ListItem","position":2,"name":"Tietosuojak\u00e4yt\u00e4nt\u00f6"}]},{"@type":"WebSite","@id":"https:\/\/www.orreke.ee\/fi\/#website","url":"https:\/\/www.orreke.ee\/fi\/","name":"\u00d6rreke","description":"Rohkem kui pelgalt k\u00e4sit\u00f6\u00f6!","publisher":{"@id":"https:\/\/www.orreke.ee\/fi\/#organization"},"alternateName":"K\u00e4sit\u00f6\u00f6 \u00f5pitoad","potentialAction":[{"@type":"SearchAction","target":{"@type":"EntryPoint","urlTemplate":"https:\/\/www.orreke.ee\/fi\/?s={search_term_string}"},"query-input":{"@type":"PropertyValueSpecification","valueRequired":true,"valueName":"search_term_string"}}],"inLanguage":"fi"},{"@type":"Organization","@id":"https:\/\/www.orreke.ee\/fi\/#organization","name":"\u00d6rreke","alternateName":"K\u00e4sit\u00f6\u00f6 \u00f5pitoad Sinu \u00fcritusel","url":"https:\/\/www.orreke.ee\/fi\/","logo":{"@type":"ImageObject","inLanguage":"fi","@id":"https:\/\/www.orreke.ee\/fi\/#\/schema\/logo\/image\/","url":"https:\/\/www.orreke.ee\/wp-content\/uploads\/2024\/08\/ORREKE.svg","contentUrl":"https:\/\/www.orreke.ee\/wp-content\/uploads\/2024\/08\/ORREKE.svg","width":317,"height":69,"caption":"\u00d6rreke"},"image":{"@id":"https:\/\/www.orreke.ee\/fi\/#\/schema\/logo\/image\/"},"sameAs":["https:\/\/www.facebook.com\/orreke\/","https:\/\/www.instagram.com\/orrekesemeistrikoda\/","https:\/\/www.linkedin.com\/company\/orrekese-meistrikoda\/"]}]}},"_links":{"self":[{"href":"https:\/\/www.orreke.ee\/fi\/wp-json\/wp\/v2\/pages\/20176","targetHints":{"allow":["GET"]}}],"collection":[{"href":"https:\/\/www.orreke.ee\/fi\/wp-json\/wp\/v2\/pages"}],"about":[{"href":"https:\/\/www.orreke.ee\/fi\/wp-json\/wp\/v2\/types\/page"}],"author":[{"embeddable":true,"href":"https:\/\/www.orreke.ee\/fi\/wp-json\/wp\/v2\/users\/1"}],"replies":[{"embeddable":true,"href":"https:\/\/www.orreke.ee\/fi\/wp-json\/wp\/v2\/comments?post=20176"}],"version-history":[{"count":1,"href":"https:\/\/www.orreke.ee\/fi\/wp-json\/wp\/v2\/pages\/20176\/revisions"}],"predecessor-version":[{"id":20177,"href":"https:\/\/www.orreke.ee\/fi\/wp-json\/wp\/v2\/pages\/20176\/revisions\/20177"}],"wp:attachment":[{"href":"https:\/\/www.orreke.ee\/fi\/wp-json\/wp\/v2\/media?parent=20176"}],"curies":[{"name":"wp","href":"https:\/\/api.w.org\/{rel}","templated":true}]}}