{"id":18906,"date":"2025-09-05T08:18:33","date_gmt":"2025-09-05T06:18:33","guid":{"rendered":"https:\/\/www.orreke.ee\/toode\/joulukrooni-meisterdamise-komplekt\/"},"modified":"2025-09-24T09:24:06","modified_gmt":"2025-09-24T07:24:06","slug":"christmascrown-making-kit","status":"publish","type":"product","link":"https:\/\/www.orreke.ee\/en\/toode\/christmascrown-making-kit\/","title":{"rendered":"Christmas crown making kit"},"content":{"rendered":"<p>Making Christmas crowns makes you feel like a true Estonian &#8211; the materials come from Estonian nature and the working methods from the Estonian craft tradition. The reeds are collected from the coast of Saaremaa. Christmas crowns are traditional ornaments that were given a meaning in ancient times: they brought good luck and protected against bad luck. Crafting is a creative and fun activity that&#8217;s perfect for spending time at home with a partner or with the kids, offering the chance to create something meaningful with your own hands and decorate your home with a special festive ornament.<\/p>\n","protected":false},"excerpt":{"rendered":"<p><b>The set includes:<\/b><\/p>\n<ul>\n<li>Reed straws (8-10 cm) 12 pieces<\/li>\n<li>Some spare rings<\/li>\n<li>Linen cord<\/li>\n<li>Wire needle<\/li>\n<li>Wool yarns for decoration<\/li>\n<\/ul>\n<p>You can make 1 Christmas croissant (octahedron).<\/p>\n<p>Read more about Christmas crowns <a href=\"https:\/\/www.orreke.ee\/en\/dont-buy-christmas-from-china\/\" target=\"_blank\" rel=\"\"noopener\">on the \u00d6rreke blog.<\/a><\/p>\n","protected":false},"featured_media":18899,"template":"","meta":{"_acf_changed":false},"product_brand":[],"product_cat":[367,363],"product_tag":[],"class_list":{"0":"post-18906","1":"product","2":"type-product","3":"status-publish","4":"has-post-thumbnail","6":"product_cat-all","7":"product_cat-christmas-presents","9":"first","10":"instock","11":"taxable","12":"shipping-taxable","13":"purchasable","14":"product-type-simple"},"acf":[],"yoast_head":"<!-- This site is optimized with the Yoast SEO plugin v27.3 - https:\/\/yoast.com\/product\/yoast-seo-wordpress\/ -->\n<title>Christmas crown making kit - \u00d6rreke<\/title>\n<meta name=\"description\" content=\"Christmas crown making kit. Make a gorgeous topiary from reeds grown in Saaremaa. Christmas crowns decorate the room and protect the home.\" \/>\n<meta name=\"robots\" content=\"index, follow, max-snippet:-1, max-image-preview:large, max-video-preview:-1\" \/>\n<link rel=\"canonical\" href=\"https:\/\/www.orreke.ee\/en\/toode\/christmascrown-making-kit\/\" \/>\n<meta property=\"og:locale\" content=\"en_US\" \/>\n<meta property=\"og:type\" content=\"article\" \/>\n<meta property=\"og:title\" content=\"Christmas crown making kit - \u00d6rreke\" \/>\n<meta property=\"og:description\" content=\"Christmas crown making kit. Make a gorgeous topiary from reeds grown in Saaremaa. Christmas crowns decorate the room and protect the home.\" \/>\n<meta property=\"og:url\" content=\"https:\/\/www.orreke.ee\/en\/toode\/christmascrown-making-kit\/\" \/>\n<meta property=\"og:site_name\" content=\"\u00d6rreke\" \/>\n<meta property=\"article:publisher\" content=\"https:\/\/www.facebook.com\/orreke\/\" \/>\n<meta property=\"article:modified_time\" content=\"2025-09-24T07:24:06+00:00\" \/>\n<meta property=\"og:image\" content=\"https:\/\/www.orreke.ee\/wp-content\/uploads\/2025\/09\/joulukroon-4.jpg\" \/>\n\t<meta property=\"og:image:width\" content=\"900\" \/>\n\t<meta property=\"og:image:height\" content=\"700\" \/>\n\t<meta property=\"og:image:type\" content=\"image\/jpeg\" \/>\n<meta name=\"twitter:card\" content=\"summary_large_image\" \/>\n<script type=\"application\/ld+json\" class=\"yoast-schema-graph\">{\"@context\":\"https:\\\/\\\/schema.org\",\"@graph\":[{\"@type\":\"WebPage\",\"@id\":\"https:\\\/\\\/www.orreke.ee\\\/en\\\/toode\\\/christmascrown-making-kit\\\/\",\"url\":\"https:\\\/\\\/www.orreke.ee\\\/en\\\/toode\\\/christmascrown-making-kit\\\/\",\"name\":\"Christmas crown making kit - \u00d6rreke\",\"isPartOf\":{\"@id\":\"https:\\\/\\\/www.orreke.ee\\\/en\\\/#website\"},\"primaryImageOfPage\":{\"@id\":\"https:\\\/\\\/www.orreke.ee\\\/en\\\/toode\\\/christmascrown-making-kit\\\/#primaryimage\"},\"image\":{\"@id\":\"https:\\\/\\\/www.orreke.ee\\\/en\\\/toode\\\/christmascrown-making-kit\\\/#primaryimage\"},\"thumbnailUrl\":\"https:\\\/\\\/www.orreke.ee\\\/wp-content\\\/uploads\\\/2025\\\/09\\\/joulukroon-4.jpg\",\"datePublished\":\"2025-09-05T06:18:33+00:00\",\"dateModified\":\"2025-09-24T07:24:06+00:00\",\"description\":\"Christmas crown making kit. Make a gorgeous topiary from reeds grown in Saaremaa. Christmas crowns decorate the room and protect the home.\",\"breadcrumb\":{\"@id\":\"https:\\\/\\\/www.orreke.ee\\\/en\\\/toode\\\/christmascrown-making-kit\\\/#breadcrumb\"},\"inLanguage\":\"en-US\",\"potentialAction\":[{\"@type\":\"ReadAction\",\"target\":[\"https:\\\/\\\/www.orreke.ee\\\/en\\\/toode\\\/christmascrown-making-kit\\\/\"]}]},{\"@type\":\"ImageObject\",\"inLanguage\":\"en-US\",\"@id\":\"https:\\\/\\\/www.orreke.ee\\\/en\\\/toode\\\/christmascrown-making-kit\\\/#primaryimage\",\"url\":\"https:\\\/\\\/www.orreke.ee\\\/wp-content\\\/uploads\\\/2025\\\/09\\\/joulukroon-4.jpg\",\"contentUrl\":\"https:\\\/\\\/www.orreke.ee\\\/wp-content\\\/uploads\\\/2025\\\/09\\\/joulukroon-4.jpg\",\"width\":900,\"height\":700},{\"@type\":\"BreadcrumbList\",\"@id\":\"https:\\\/\\\/www.orreke.ee\\\/en\\\/toode\\\/christmascrown-making-kit\\\/#breadcrumb\",\"itemListElement\":[{\"@type\":\"ListItem\",\"position\":1,\"name\":\"Home\",\"item\":\"https:\\\/\\\/www.orreke.ee\\\/en\\\/homepage\\\/\"},{\"@type\":\"ListItem\",\"position\":2,\"name\":\"Products\",\"item\":\"https:\\\/\\\/www.orreke.ee\\\/en\\\/shop\\\/\"},{\"@type\":\"ListItem\",\"position\":3,\"name\":\"Christmas crown making kit\"}]},{\"@type\":\"WebSite\",\"@id\":\"https:\\\/\\\/www.orreke.ee\\\/en\\\/#website\",\"url\":\"https:\\\/\\\/www.orreke.ee\\\/en\\\/\",\"name\":\"\u00d6rreke\",\"description\":\"Rohkem kui pelgalt k\u00e4sit\u00f6\u00f6!\",\"publisher\":{\"@id\":\"https:\\\/\\\/www.orreke.ee\\\/en\\\/#organization\"},\"alternateName\":\"K\u00e4sit\u00f6\u00f6 \u00f5pitoad\",\"potentialAction\":[{\"@type\":\"SearchAction\",\"target\":{\"@type\":\"EntryPoint\",\"urlTemplate\":\"https:\\\/\\\/www.orreke.ee\\\/en\\\/?s={search_term_string}\"},\"query-input\":{\"@type\":\"PropertyValueSpecification\",\"valueRequired\":true,\"valueName\":\"search_term_string\"}}],\"inLanguage\":\"en-US\"},{\"@type\":\"Organization\",\"@id\":\"https:\\\/\\\/www.orreke.ee\\\/en\\\/#organization\",\"name\":\"\u00d6rreke\",\"alternateName\":\"K\u00e4sit\u00f6\u00f6 \u00f5pitoad Sinu \u00fcritusel\",\"url\":\"https:\\\/\\\/www.orreke.ee\\\/en\\\/\",\"logo\":{\"@type\":\"ImageObject\",\"inLanguage\":\"en-US\",\"@id\":\"https:\\\/\\\/www.orreke.ee\\\/en\\\/#\\\/schema\\\/logo\\\/image\\\/\",\"url\":\"https:\\\/\\\/www.orreke.ee\\\/wp-content\\\/uploads\\\/2024\\\/08\\\/ORREKE.svg\",\"contentUrl\":\"https:\\\/\\\/www.orreke.ee\\\/wp-content\\\/uploads\\\/2024\\\/08\\\/ORREKE.svg\",\"caption\":\"\u00d6rreke\"},\"image\":{\"@id\":\"https:\\\/\\\/www.orreke.ee\\\/en\\\/#\\\/schema\\\/logo\\\/image\\\/\"},\"sameAs\":[\"https:\\\/\\\/www.facebook.com\\\/orreke\\\/\",\"https:\\\/\\\/www.instagram.com\\\/orrekesemeistrikoda\\\/\",\"https:\\\/\\\/www.linkedin.com\\\/company\\\/orrekese-meistrikoda\\\/\"]}]}<\/script>\n<!-- \/ Yoast SEO plugin. -->","yoast_head_json":{"title":"Christmas crown making kit - \u00d6rreke","description":"Christmas crown making kit. Make a gorgeous topiary from reeds grown in Saaremaa. Christmas crowns decorate the room and protect the home.","robots":{"index":"index","follow":"follow","max-snippet":"max-snippet:-1","max-image-preview":"max-image-preview:large","max-video-preview":"max-video-preview:-1"},"canonical":"https:\/\/www.orreke.ee\/en\/toode\/christmascrown-making-kit\/","og_locale":"en_US","og_type":"article","og_title":"Christmas crown making kit - \u00d6rreke","og_description":"Christmas crown making kit. Make a gorgeous topiary from reeds grown in Saaremaa. Christmas crowns decorate the room and protect the home.","og_url":"https:\/\/www.orreke.ee\/en\/toode\/christmascrown-making-kit\/","og_site_name":"\u00d6rreke","article_publisher":"https:\/\/www.facebook.com\/orreke\/","article_modified_time":"2025-09-24T07:24:06+00:00","og_image":[{"width":900,"height":700,"url":"https:\/\/www.orreke.ee\/wp-content\/uploads\/2025\/09\/joulukroon-4.jpg","type":"image\/jpeg"}],"twitter_card":"summary_large_image","schema":{"@context":"https:\/\/schema.org","@graph":[{"@type":"WebPage","@id":"https:\/\/www.orreke.ee\/en\/toode\/christmascrown-making-kit\/","url":"https:\/\/www.orreke.ee\/en\/toode\/christmascrown-making-kit\/","name":"Christmas crown making kit - \u00d6rreke","isPartOf":{"@id":"https:\/\/www.orreke.ee\/en\/#website"},"primaryImageOfPage":{"@id":"https:\/\/www.orreke.ee\/en\/toode\/christmascrown-making-kit\/#primaryimage"},"image":{"@id":"https:\/\/www.orreke.ee\/en\/toode\/christmascrown-making-kit\/#primaryimage"},"thumbnailUrl":"https:\/\/www.orreke.ee\/wp-content\/uploads\/2025\/09\/joulukroon-4.jpg","datePublished":"2025-09-05T06:18:33+00:00","dateModified":"2025-09-24T07:24:06+00:00","description":"Christmas crown making kit. Make a gorgeous topiary from reeds grown in Saaremaa. Christmas crowns decorate the room and protect the home.","breadcrumb":{"@id":"https:\/\/www.orreke.ee\/en\/toode\/christmascrown-making-kit\/#breadcrumb"},"inLanguage":"en-US","potentialAction":[{"@type":"ReadAction","target":["https:\/\/www.orreke.ee\/en\/toode\/christmascrown-making-kit\/"]}]},{"@type":"ImageObject","inLanguage":"en-US","@id":"https:\/\/www.orreke.ee\/en\/toode\/christmascrown-making-kit\/#primaryimage","url":"https:\/\/www.orreke.ee\/wp-content\/uploads\/2025\/09\/joulukroon-4.jpg","contentUrl":"https:\/\/www.orreke.ee\/wp-content\/uploads\/2025\/09\/joulukroon-4.jpg","width":900,"height":700},{"@type":"BreadcrumbList","@id":"https:\/\/www.orreke.ee\/en\/toode\/christmascrown-making-kit\/#breadcrumb","itemListElement":[{"@type":"ListItem","position":1,"name":"Home","item":"https:\/\/www.orreke.ee\/en\/homepage\/"},{"@type":"ListItem","position":2,"name":"Products","item":"https:\/\/www.orreke.ee\/en\/shop\/"},{"@type":"ListItem","position":3,"name":"Christmas crown making kit"}]},{"@type":"WebSite","@id":"https:\/\/www.orreke.ee\/en\/#website","url":"https:\/\/www.orreke.ee\/en\/","name":"\u00d6rreke","description":"Rohkem kui pelgalt k\u00e4sit\u00f6\u00f6!","publisher":{"@id":"https:\/\/www.orreke.ee\/en\/#organization"},"alternateName":"K\u00e4sit\u00f6\u00f6 \u00f5pitoad","potentialAction":[{"@type":"SearchAction","target":{"@type":"EntryPoint","urlTemplate":"https:\/\/www.orreke.ee\/en\/?s={search_term_string}"},"query-input":{"@type":"PropertyValueSpecification","valueRequired":true,"valueName":"search_term_string"}}],"inLanguage":"en-US"},{"@type":"Organization","@id":"https:\/\/www.orreke.ee\/en\/#organization","name":"\u00d6rreke","alternateName":"K\u00e4sit\u00f6\u00f6 \u00f5pitoad Sinu \u00fcritusel","url":"https:\/\/www.orreke.ee\/en\/","logo":{"@type":"ImageObject","inLanguage":"en-US","@id":"https:\/\/www.orreke.ee\/en\/#\/schema\/logo\/image\/","url":"https:\/\/www.orreke.ee\/wp-content\/uploads\/2024\/08\/ORREKE.svg","contentUrl":"https:\/\/www.orreke.ee\/wp-content\/uploads\/2024\/08\/ORREKE.svg","caption":"\u00d6rreke"},"image":{"@id":"https:\/\/www.orreke.ee\/en\/#\/schema\/logo\/image\/"},"sameAs":["https:\/\/www.facebook.com\/orreke\/","https:\/\/www.instagram.com\/orrekesemeistrikoda\/","https:\/\/www.linkedin.com\/company\/orrekese-meistrikoda\/"]}]}},"_links":{"self":[{"href":"https:\/\/www.orreke.ee\/en\/wp-json\/wp\/v2\/product\/18906","targetHints":{"allow":["GET"]}}],"collection":[{"href":"https:\/\/www.orreke.ee\/en\/wp-json\/wp\/v2\/product"}],"about":[{"href":"https:\/\/www.orreke.ee\/en\/wp-json\/wp\/v2\/types\/product"}],"wp:featuredmedia":[{"embeddable":true,"href":"https:\/\/www.orreke.ee\/en\/wp-json\/wp\/v2\/media\/18899"}],"wp:attachment":[{"href":"https:\/\/www.orreke.ee\/en\/wp-json\/wp\/v2\/media?parent=18906"}],"wp:term":[{"taxonomy":"product_brand","embeddable":true,"href":"https:\/\/www.orreke.ee\/en\/wp-json\/wp\/v2\/product_brand?post=18906"},{"taxonomy":"product_cat","embeddable":true,"href":"https:\/\/www.orreke.ee\/en\/wp-json\/wp\/v2\/product_cat?post=18906"},{"taxonomy":"product_tag","embeddable":true,"href":"https:\/\/www.orreke.ee\/en\/wp-json\/wp\/v2\/product_tag?post=18906"}],"curies":[{"name":"wp","href":"https:\/\/api.w.org\/{rel}","templated":true}]}}