{"id":17955,"date":"2025-02-07T10:08:25","date_gmt":"2025-02-07T08:08:25","guid":{"rendered":"https:\/\/www.orreke.ee\/?post_type=product&#038;p=17955"},"modified":"2025-09-24T09:27:55","modified_gmt":"2025-09-24T07:27:55","slug":"3-picture-soap-set","status":"publish","type":"product","link":"https:\/\/www.orreke.ee\/en\/toode\/3-picture-soap-set\/","title":{"rendered":"3 picturesoap set"},"content":{"rendered":"<p>In the old days, soap was made on farms. It was made from ash lye, animal fat, and on the islands, even seal fat. The skill of soapmaking was held in high esteem and carefully passed down from generation to generation \u2013 on every farm, soap was a kind of work of art.   A soap kit for everyone to make. It&#8217;s especially fun to make soap together with children by adding different insoluble pictures to the soap. The kit includes everything you need to make your own soap for your family. The craft kit is assembled in such a way that there is no unnecessary waste and all the material is used up in the process.<\/p>\n<p>A soap making kit is not a toy. Young children should only make soap with an adult! <\/p>\n","protected":false},"excerpt":{"rendered":"<p>A craft kit for making soaps. In the kit you will find: soap paste to make three soaps, three soap moulds (may differ from the one in the photo), different soap pictures from \u00d6rreke&#8217;s assortment (may differ from the one in the photo), toothpick for mixing, fragrance oil, instructions for making both soaps and gift bags. The range of fragrance oils is raspberry, blueberry, citrus. Write in the comments which fragrance oil you prefer. If no selection is included, we will pack one of the \u00d6rreke selection.  <a href=\"https:\/\/www.orreke.ee\/en\/tutorial-videos\/seebi-meisterdamine\/\" target=\"_blank\" rel=\"\"noopener noopener\">Watch the video tutorial here.<\/a><\/p>\n","protected":false},"featured_media":17957,"template":"","meta":{"_acf_changed":false},"product_brand":[],"product_cat":[367,362,364],"product_tag":[],"class_list":{"0":"post-17955","1":"product","2":"type-product","3":"status-publish","4":"has-post-thumbnail","6":"product_cat-all","7":"product_cat-for-mothers-day","8":"product_cat-making-home-cosmetics-and-eco-products","10":"first","11":"instock","12":"taxable","13":"shipping-taxable","14":"purchasable","15":"product-type-simple"},"acf":[],"yoast_head":"<!-- This site is optimized with the Yoast SEO plugin v27.4 - https:\/\/yoast.com\/product\/yoast-seo-wordpress\/ -->\n<title>3 picturesoap set - \u00d6rreke<\/title>\n<meta name=\"description\" content=\"A cute craft kit for making soaps with a picture. Set of three soap bars with fragrance oil, soap moulds and soap pictures.\" \/>\n<meta name=\"robots\" content=\"index, follow, max-snippet:-1, max-image-preview:large, max-video-preview:-1\" \/>\n<link rel=\"canonical\" href=\"https:\/\/www.orreke.ee\/en\/toode\/3-picture-soap-set\/\" \/>\n<meta property=\"og:locale\" content=\"en_US\" \/>\n<meta property=\"og:type\" content=\"article\" \/>\n<meta property=\"og:title\" content=\"3 picturesoap set - \u00d6rreke\" \/>\n<meta property=\"og:description\" content=\"A cute craft kit for making soaps with a picture. Set of three soap bars with fragrance oil, soap moulds and soap pictures.\" \/>\n<meta property=\"og:url\" content=\"https:\/\/www.orreke.ee\/en\/toode\/3-picture-soap-set\/\" \/>\n<meta property=\"og:site_name\" content=\"\u00d6rreke\" \/>\n<meta property=\"article:publisher\" content=\"https:\/\/www.facebook.com\/orreke\/\" \/>\n<meta property=\"article:modified_time\" content=\"2025-09-24T07:27:55+00:00\" \/>\n<meta property=\"og:image\" content=\"https:\/\/www.orreke.ee\/wp-content\/uploads\/2025\/02\/pildiseep-3.jpg\" \/>\n\t<meta property=\"og:image:width\" content=\"1920\" \/>\n\t<meta property=\"og:image:height\" content=\"1080\" \/>\n\t<meta property=\"og:image:type\" content=\"image\/jpeg\" \/>\n<meta name=\"twitter:card\" content=\"summary_large_image\" \/>\n<meta name=\"twitter:label1\" content=\"Est. reading time\" \/>\n\t<meta name=\"twitter:data1\" content=\"1 minute\" \/>\n<script type=\"application\/ld+json\" class=\"yoast-schema-graph\">{\"@context\":\"https:\\\/\\\/schema.org\",\"@graph\":[{\"@type\":\"WebPage\",\"@id\":\"https:\\\/\\\/www.orreke.ee\\\/en\\\/toode\\\/3-picture-soap-set\\\/\",\"url\":\"https:\\\/\\\/www.orreke.ee\\\/en\\\/toode\\\/3-picture-soap-set\\\/\",\"name\":\"3 picturesoap set - \u00d6rreke\",\"isPartOf\":{\"@id\":\"https:\\\/\\\/www.orreke.ee\\\/en\\\/#website\"},\"primaryImageOfPage\":{\"@id\":\"https:\\\/\\\/www.orreke.ee\\\/en\\\/toode\\\/3-picture-soap-set\\\/#primaryimage\"},\"image\":{\"@id\":\"https:\\\/\\\/www.orreke.ee\\\/en\\\/toode\\\/3-picture-soap-set\\\/#primaryimage\"},\"thumbnailUrl\":\"https:\\\/\\\/www.orreke.ee\\\/wp-content\\\/uploads\\\/2025\\\/02\\\/pildiseep-3.jpg\",\"datePublished\":\"2025-02-07T08:08:25+00:00\",\"dateModified\":\"2025-09-24T07:27:55+00:00\",\"description\":\"A cute craft kit for making soaps with a picture. Set of three soap bars with fragrance oil, soap moulds and soap pictures.\",\"breadcrumb\":{\"@id\":\"https:\\\/\\\/www.orreke.ee\\\/en\\\/toode\\\/3-picture-soap-set\\\/#breadcrumb\"},\"inLanguage\":\"en-US\",\"potentialAction\":[{\"@type\":\"ReadAction\",\"target\":[\"https:\\\/\\\/www.orreke.ee\\\/en\\\/toode\\\/3-picture-soap-set\\\/\"]}]},{\"@type\":\"ImageObject\",\"inLanguage\":\"en-US\",\"@id\":\"https:\\\/\\\/www.orreke.ee\\\/en\\\/toode\\\/3-picture-soap-set\\\/#primaryimage\",\"url\":\"https:\\\/\\\/www.orreke.ee\\\/wp-content\\\/uploads\\\/2025\\\/02\\\/pildiseep-3.jpg\",\"contentUrl\":\"https:\\\/\\\/www.orreke.ee\\\/wp-content\\\/uploads\\\/2025\\\/02\\\/pildiseep-3.jpg\",\"width\":1920,\"height\":1080,\"caption\":\"Photo soap kit\"},{\"@type\":\"BreadcrumbList\",\"@id\":\"https:\\\/\\\/www.orreke.ee\\\/en\\\/toode\\\/3-picture-soap-set\\\/#breadcrumb\",\"itemListElement\":[{\"@type\":\"ListItem\",\"position\":1,\"name\":\"Home\",\"item\":\"https:\\\/\\\/www.orreke.ee\\\/en\\\/homepage\\\/\"},{\"@type\":\"ListItem\",\"position\":2,\"name\":\"Products\",\"item\":\"https:\\\/\\\/www.orreke.ee\\\/en\\\/shop\\\/\"},{\"@type\":\"ListItem\",\"position\":3,\"name\":\"3 picturesoap set\"}]},{\"@type\":\"WebSite\",\"@id\":\"https:\\\/\\\/www.orreke.ee\\\/en\\\/#website\",\"url\":\"https:\\\/\\\/www.orreke.ee\\\/en\\\/\",\"name\":\"\u00d6rreke\",\"description\":\"Rohkem kui pelgalt k\u00e4sit\u00f6\u00f6!\",\"publisher\":{\"@id\":\"https:\\\/\\\/www.orreke.ee\\\/en\\\/#organization\"},\"alternateName\":\"K\u00e4sit\u00f6\u00f6 \u00f5pitoad\",\"potentialAction\":[{\"@type\":\"SearchAction\",\"target\":{\"@type\":\"EntryPoint\",\"urlTemplate\":\"https:\\\/\\\/www.orreke.ee\\\/en\\\/?s={search_term_string}\"},\"query-input\":{\"@type\":\"PropertyValueSpecification\",\"valueRequired\":true,\"valueName\":\"search_term_string\"}}],\"inLanguage\":\"en-US\"},{\"@type\":\"Organization\",\"@id\":\"https:\\\/\\\/www.orreke.ee\\\/en\\\/#organization\",\"name\":\"\u00d6rreke\",\"alternateName\":\"K\u00e4sit\u00f6\u00f6 \u00f5pitoad Sinu \u00fcritusel\",\"url\":\"https:\\\/\\\/www.orreke.ee\\\/en\\\/\",\"logo\":{\"@type\":\"ImageObject\",\"inLanguage\":\"en-US\",\"@id\":\"https:\\\/\\\/www.orreke.ee\\\/en\\\/#\\\/schema\\\/logo\\\/image\\\/\",\"url\":\"https:\\\/\\\/www.orreke.ee\\\/wp-content\\\/uploads\\\/2024\\\/08\\\/ORREKE.svg\",\"contentUrl\":\"https:\\\/\\\/www.orreke.ee\\\/wp-content\\\/uploads\\\/2024\\\/08\\\/ORREKE.svg\",\"caption\":\"\u00d6rreke\"},\"image\":{\"@id\":\"https:\\\/\\\/www.orreke.ee\\\/en\\\/#\\\/schema\\\/logo\\\/image\\\/\"},\"sameAs\":[\"https:\\\/\\\/www.facebook.com\\\/orreke\\\/\",\"https:\\\/\\\/www.instagram.com\\\/orrekesemeistrikoda\\\/\",\"https:\\\/\\\/www.linkedin.com\\\/company\\\/orrekese-meistrikoda\\\/\"]}]}<\/script>\n<!-- \/ Yoast SEO plugin. -->","yoast_head_json":{"title":"3 picturesoap set - \u00d6rreke","description":"A cute craft kit for making soaps with a picture. Set of three soap bars with fragrance oil, soap moulds and soap pictures.","robots":{"index":"index","follow":"follow","max-snippet":"max-snippet:-1","max-image-preview":"max-image-preview:large","max-video-preview":"max-video-preview:-1"},"canonical":"https:\/\/www.orreke.ee\/en\/toode\/3-picture-soap-set\/","og_locale":"en_US","og_type":"article","og_title":"3 picturesoap set - \u00d6rreke","og_description":"A cute craft kit for making soaps with a picture. Set of three soap bars with fragrance oil, soap moulds and soap pictures.","og_url":"https:\/\/www.orreke.ee\/en\/toode\/3-picture-soap-set\/","og_site_name":"\u00d6rreke","article_publisher":"https:\/\/www.facebook.com\/orreke\/","article_modified_time":"2025-09-24T07:27:55+00:00","og_image":[{"width":1920,"height":1080,"url":"https:\/\/www.orreke.ee\/wp-content\/uploads\/2025\/02\/pildiseep-3.jpg","type":"image\/jpeg"}],"twitter_card":"summary_large_image","twitter_misc":{"Est. reading time":"1 minute"},"schema":{"@context":"https:\/\/schema.org","@graph":[{"@type":"WebPage","@id":"https:\/\/www.orreke.ee\/en\/toode\/3-picture-soap-set\/","url":"https:\/\/www.orreke.ee\/en\/toode\/3-picture-soap-set\/","name":"3 picturesoap set - \u00d6rreke","isPartOf":{"@id":"https:\/\/www.orreke.ee\/en\/#website"},"primaryImageOfPage":{"@id":"https:\/\/www.orreke.ee\/en\/toode\/3-picture-soap-set\/#primaryimage"},"image":{"@id":"https:\/\/www.orreke.ee\/en\/toode\/3-picture-soap-set\/#primaryimage"},"thumbnailUrl":"https:\/\/www.orreke.ee\/wp-content\/uploads\/2025\/02\/pildiseep-3.jpg","datePublished":"2025-02-07T08:08:25+00:00","dateModified":"2025-09-24T07:27:55+00:00","description":"A cute craft kit for making soaps with a picture. Set of three soap bars with fragrance oil, soap moulds and soap pictures.","breadcrumb":{"@id":"https:\/\/www.orreke.ee\/en\/toode\/3-picture-soap-set\/#breadcrumb"},"inLanguage":"en-US","potentialAction":[{"@type":"ReadAction","target":["https:\/\/www.orreke.ee\/en\/toode\/3-picture-soap-set\/"]}]},{"@type":"ImageObject","inLanguage":"en-US","@id":"https:\/\/www.orreke.ee\/en\/toode\/3-picture-soap-set\/#primaryimage","url":"https:\/\/www.orreke.ee\/wp-content\/uploads\/2025\/02\/pildiseep-3.jpg","contentUrl":"https:\/\/www.orreke.ee\/wp-content\/uploads\/2025\/02\/pildiseep-3.jpg","width":1920,"height":1080,"caption":"Photo soap kit"},{"@type":"BreadcrumbList","@id":"https:\/\/www.orreke.ee\/en\/toode\/3-picture-soap-set\/#breadcrumb","itemListElement":[{"@type":"ListItem","position":1,"name":"Home","item":"https:\/\/www.orreke.ee\/en\/homepage\/"},{"@type":"ListItem","position":2,"name":"Products","item":"https:\/\/www.orreke.ee\/en\/shop\/"},{"@type":"ListItem","position":3,"name":"3 picturesoap set"}]},{"@type":"WebSite","@id":"https:\/\/www.orreke.ee\/en\/#website","url":"https:\/\/www.orreke.ee\/en\/","name":"\u00d6rreke","description":"Rohkem kui pelgalt k\u00e4sit\u00f6\u00f6!","publisher":{"@id":"https:\/\/www.orreke.ee\/en\/#organization"},"alternateName":"K\u00e4sit\u00f6\u00f6 \u00f5pitoad","potentialAction":[{"@type":"SearchAction","target":{"@type":"EntryPoint","urlTemplate":"https:\/\/www.orreke.ee\/en\/?s={search_term_string}"},"query-input":{"@type":"PropertyValueSpecification","valueRequired":true,"valueName":"search_term_string"}}],"inLanguage":"en-US"},{"@type":"Organization","@id":"https:\/\/www.orreke.ee\/en\/#organization","name":"\u00d6rreke","alternateName":"K\u00e4sit\u00f6\u00f6 \u00f5pitoad Sinu \u00fcritusel","url":"https:\/\/www.orreke.ee\/en\/","logo":{"@type":"ImageObject","inLanguage":"en-US","@id":"https:\/\/www.orreke.ee\/en\/#\/schema\/logo\/image\/","url":"https:\/\/www.orreke.ee\/wp-content\/uploads\/2024\/08\/ORREKE.svg","contentUrl":"https:\/\/www.orreke.ee\/wp-content\/uploads\/2024\/08\/ORREKE.svg","caption":"\u00d6rreke"},"image":{"@id":"https:\/\/www.orreke.ee\/en\/#\/schema\/logo\/image\/"},"sameAs":["https:\/\/www.facebook.com\/orreke\/","https:\/\/www.instagram.com\/orrekesemeistrikoda\/","https:\/\/www.linkedin.com\/company\/orrekese-meistrikoda\/"]}]}},"_links":{"self":[{"href":"https:\/\/www.orreke.ee\/en\/wp-json\/wp\/v2\/product\/17955","targetHints":{"allow":["GET"]}}],"collection":[{"href":"https:\/\/www.orreke.ee\/en\/wp-json\/wp\/v2\/product"}],"about":[{"href":"https:\/\/www.orreke.ee\/en\/wp-json\/wp\/v2\/types\/product"}],"wp:featuredmedia":[{"embeddable":true,"href":"https:\/\/www.orreke.ee\/en\/wp-json\/wp\/v2\/media\/17957"}],"wp:attachment":[{"href":"https:\/\/www.orreke.ee\/en\/wp-json\/wp\/v2\/media?parent=17955"}],"wp:term":[{"taxonomy":"product_brand","embeddable":true,"href":"https:\/\/www.orreke.ee\/en\/wp-json\/wp\/v2\/product_brand?post=17955"},{"taxonomy":"product_cat","embeddable":true,"href":"https:\/\/www.orreke.ee\/en\/wp-json\/wp\/v2\/product_cat?post=17955"},{"taxonomy":"product_tag","embeddable":true,"href":"https:\/\/www.orreke.ee\/en\/wp-json\/wp\/v2\/product_tag?post=17955"}],"curies":[{"name":"wp","href":"https:\/\/api.w.org\/{rel}","templated":true}]}}