{"id":17337,"date":"2020-03-18T16:03:11","date_gmt":"2020-03-18T14:03:11","guid":{"rendered":"https:\/\/www.orreke.ee\/toode\/set-of-6-fishing-lines\/"},"modified":"2025-09-24T10:01:21","modified_gmt":"2025-09-24T08:01:21","slug":"6-lucky-stones","status":"publish","type":"product","link":"https:\/\/www.orreke.ee\/en\/toode\/6-lucky-stones\/","title":{"rendered":"Set of 6 lucky stones"},"content":{"rendered":"<p>It is a very soft stone and is easy to grind into different shaped stones. Luck is needed now more than ever. The oldest talismanic objects are nearly 5,500 years old, and the lucky stone you cut can last just as long. Grinding a stone is a peaceful, even therapeutic activity.    Dripping your favourite perfume or fragrance oil on the stone, however, turns it into a fragrance stone. The gemstone grinding kit is suitable for crafters of all ages.<\/p>\n","protected":false},"excerpt":{"rendered":"<p>In the kit you will find: six different boulders, different sandpapers, oil for oiling the stones, glueable beads, ribbons, keyrings and an instruction booklet in Estonian.  <a href=\"https:\/\/www.orreke.ee\/en\/tutorial-videos\/making-lucky-stones\/\" target=\"_blank\" rel=\"\\\"noopener noopener\">Watch the video tutorial on how to polish your lucky stones here.<\/a><\/p>\n","protected":false},"featured_media":16532,"template":"","meta":{"_acf_changed":false},"product_brand":[],"product_cat":[367,365,442],"product_tag":[],"class_list":{"0":"post-17337","1":"product","2":"type-product","3":"status-publish","4":"has-post-thumbnail","6":"product_cat-all","7":"product_cat-with-family","8":"product_cat-fathers-day","10":"first","11":"instock","12":"taxable","13":"shipping-taxable","14":"purchasable","15":"product-type-simple"},"acf":[],"yoast_head":"<!-- This site is optimized with the Yoast SEO plugin v27.3 - https:\/\/yoast.com\/product\/yoast-seo-wordpress\/ -->\n<title>Set of 6 lucky stones - \u00d6rreke<\/title>\n<meta name=\"description\" content=\"Set of 3 lucky stones. You&#039;ll find everything you need to grind the stones and your personal lucky stone or necklace is ready.\" \/>\n<meta name=\"robots\" content=\"index, follow, max-snippet:-1, max-image-preview:large, max-video-preview:-1\" \/>\n<link rel=\"canonical\" href=\"https:\/\/www.orreke.ee\/en\/toode\/6-lucky-stones\/\" \/>\n<meta property=\"og:locale\" content=\"en_US\" \/>\n<meta property=\"og:type\" content=\"article\" \/>\n<meta property=\"og:title\" content=\"Set of 6 lucky stones - \u00d6rreke\" \/>\n<meta property=\"og:description\" content=\"Set of 3 lucky stones. You&#039;ll find everything you need to grind the stones and your personal lucky stone or necklace is ready.\" \/>\n<meta property=\"og:url\" content=\"https:\/\/www.orreke.ee\/en\/toode\/6-lucky-stones\/\" \/>\n<meta property=\"og:site_name\" content=\"\u00d6rreke\" \/>\n<meta property=\"article:publisher\" content=\"https:\/\/www.facebook.com\/orreke\/\" \/>\n<meta property=\"article:modified_time\" content=\"2025-09-24T08:01:21+00:00\" \/>\n<meta property=\"og:image\" content=\"https:\/\/www.orreke.ee\/wp-content\/uploads\/2016\/06\/Pg1908-1400.jpg\" \/>\n\t<meta property=\"og:image:width\" content=\"900\" \/>\n\t<meta property=\"og:image:height\" content=\"700\" \/>\n\t<meta property=\"og:image:type\" content=\"image\/jpeg\" \/>\n<meta name=\"twitter:card\" content=\"summary_large_image\" \/>\n<script type=\"application\/ld+json\" class=\"yoast-schema-graph\">{\"@context\":\"https:\\\/\\\/schema.org\",\"@graph\":[{\"@type\":\"WebPage\",\"@id\":\"https:\\\/\\\/www.orreke.ee\\\/en\\\/toode\\\/6-lucky-stones\\\/\",\"url\":\"https:\\\/\\\/www.orreke.ee\\\/en\\\/toode\\\/6-lucky-stones\\\/\",\"name\":\"Set of 6 lucky stones - \u00d6rreke\",\"isPartOf\":{\"@id\":\"https:\\\/\\\/www.orreke.ee\\\/en\\\/#website\"},\"primaryImageOfPage\":{\"@id\":\"https:\\\/\\\/www.orreke.ee\\\/en\\\/toode\\\/6-lucky-stones\\\/#primaryimage\"},\"image\":{\"@id\":\"https:\\\/\\\/www.orreke.ee\\\/en\\\/toode\\\/6-lucky-stones\\\/#primaryimage\"},\"thumbnailUrl\":\"https:\\\/\\\/www.orreke.ee\\\/wp-content\\\/uploads\\\/2016\\\/06\\\/Pg1908-1400.jpg\",\"datePublished\":\"2020-03-18T14:03:11+00:00\",\"dateModified\":\"2025-09-24T08:01:21+00:00\",\"description\":\"Set of 3 lucky stones. You'll find everything you need to grind the stones and your personal lucky stone or necklace is ready.\",\"breadcrumb\":{\"@id\":\"https:\\\/\\\/www.orreke.ee\\\/en\\\/toode\\\/6-lucky-stones\\\/#breadcrumb\"},\"inLanguage\":\"en-US\",\"potentialAction\":[{\"@type\":\"ReadAction\",\"target\":[\"https:\\\/\\\/www.orreke.ee\\\/en\\\/toode\\\/6-lucky-stones\\\/\"]}]},{\"@type\":\"ImageObject\",\"inLanguage\":\"en-US\",\"@id\":\"https:\\\/\\\/www.orreke.ee\\\/en\\\/toode\\\/6-lucky-stones\\\/#primaryimage\",\"url\":\"https:\\\/\\\/www.orreke.ee\\\/wp-content\\\/uploads\\\/2016\\\/06\\\/Pg1908-1400.jpg\",\"contentUrl\":\"https:\\\/\\\/www.orreke.ee\\\/wp-content\\\/uploads\\\/2016\\\/06\\\/Pg1908-1400.jpg\",\"width\":900,\"height\":700},{\"@type\":\"BreadcrumbList\",\"@id\":\"https:\\\/\\\/www.orreke.ee\\\/en\\\/toode\\\/6-lucky-stones\\\/#breadcrumb\",\"itemListElement\":[{\"@type\":\"ListItem\",\"position\":1,\"name\":\"Home\",\"item\":\"https:\\\/\\\/www.orreke.ee\\\/en\\\/homepage\\\/\"},{\"@type\":\"ListItem\",\"position\":2,\"name\":\"Products\",\"item\":\"https:\\\/\\\/www.orreke.ee\\\/en\\\/shop\\\/\"},{\"@type\":\"ListItem\",\"position\":3,\"name\":\"Set of 6 lucky stones\"}]},{\"@type\":\"WebSite\",\"@id\":\"https:\\\/\\\/www.orreke.ee\\\/en\\\/#website\",\"url\":\"https:\\\/\\\/www.orreke.ee\\\/en\\\/\",\"name\":\"\u00d6rreke\",\"description\":\"Rohkem kui pelgalt k\u00e4sit\u00f6\u00f6!\",\"publisher\":{\"@id\":\"https:\\\/\\\/www.orreke.ee\\\/en\\\/#organization\"},\"alternateName\":\"K\u00e4sit\u00f6\u00f6 \u00f5pitoad\",\"potentialAction\":[{\"@type\":\"SearchAction\",\"target\":{\"@type\":\"EntryPoint\",\"urlTemplate\":\"https:\\\/\\\/www.orreke.ee\\\/en\\\/?s={search_term_string}\"},\"query-input\":{\"@type\":\"PropertyValueSpecification\",\"valueRequired\":true,\"valueName\":\"search_term_string\"}}],\"inLanguage\":\"en-US\"},{\"@type\":\"Organization\",\"@id\":\"https:\\\/\\\/www.orreke.ee\\\/en\\\/#organization\",\"name\":\"\u00d6rreke\",\"alternateName\":\"K\u00e4sit\u00f6\u00f6 \u00f5pitoad Sinu \u00fcritusel\",\"url\":\"https:\\\/\\\/www.orreke.ee\\\/en\\\/\",\"logo\":{\"@type\":\"ImageObject\",\"inLanguage\":\"en-US\",\"@id\":\"https:\\\/\\\/www.orreke.ee\\\/en\\\/#\\\/schema\\\/logo\\\/image\\\/\",\"url\":\"https:\\\/\\\/www.orreke.ee\\\/wp-content\\\/uploads\\\/2024\\\/08\\\/ORREKE.svg\",\"contentUrl\":\"https:\\\/\\\/www.orreke.ee\\\/wp-content\\\/uploads\\\/2024\\\/08\\\/ORREKE.svg\",\"caption\":\"\u00d6rreke\"},\"image\":{\"@id\":\"https:\\\/\\\/www.orreke.ee\\\/en\\\/#\\\/schema\\\/logo\\\/image\\\/\"},\"sameAs\":[\"https:\\\/\\\/www.facebook.com\\\/orreke\\\/\",\"https:\\\/\\\/www.instagram.com\\\/orrekesemeistrikoda\\\/\",\"https:\\\/\\\/www.linkedin.com\\\/company\\\/orrekese-meistrikoda\\\/\"]}]}<\/script>\n<!-- \/ Yoast SEO plugin. -->","yoast_head_json":{"title":"Set of 6 lucky stones - \u00d6rreke","description":"Set of 3 lucky stones. You'll find everything you need to grind the stones and your personal lucky stone or necklace is ready.","robots":{"index":"index","follow":"follow","max-snippet":"max-snippet:-1","max-image-preview":"max-image-preview:large","max-video-preview":"max-video-preview:-1"},"canonical":"https:\/\/www.orreke.ee\/en\/toode\/6-lucky-stones\/","og_locale":"en_US","og_type":"article","og_title":"Set of 6 lucky stones - \u00d6rreke","og_description":"Set of 3 lucky stones. You'll find everything you need to grind the stones and your personal lucky stone or necklace is ready.","og_url":"https:\/\/www.orreke.ee\/en\/toode\/6-lucky-stones\/","og_site_name":"\u00d6rreke","article_publisher":"https:\/\/www.facebook.com\/orreke\/","article_modified_time":"2025-09-24T08:01:21+00:00","og_image":[{"width":900,"height":700,"url":"https:\/\/www.orreke.ee\/wp-content\/uploads\/2016\/06\/Pg1908-1400.jpg","type":"image\/jpeg"}],"twitter_card":"summary_large_image","schema":{"@context":"https:\/\/schema.org","@graph":[{"@type":"WebPage","@id":"https:\/\/www.orreke.ee\/en\/toode\/6-lucky-stones\/","url":"https:\/\/www.orreke.ee\/en\/toode\/6-lucky-stones\/","name":"Set of 6 lucky stones - \u00d6rreke","isPartOf":{"@id":"https:\/\/www.orreke.ee\/en\/#website"},"primaryImageOfPage":{"@id":"https:\/\/www.orreke.ee\/en\/toode\/6-lucky-stones\/#primaryimage"},"image":{"@id":"https:\/\/www.orreke.ee\/en\/toode\/6-lucky-stones\/#primaryimage"},"thumbnailUrl":"https:\/\/www.orreke.ee\/wp-content\/uploads\/2016\/06\/Pg1908-1400.jpg","datePublished":"2020-03-18T14:03:11+00:00","dateModified":"2025-09-24T08:01:21+00:00","description":"Set of 3 lucky stones. You'll find everything you need to grind the stones and your personal lucky stone or necklace is ready.","breadcrumb":{"@id":"https:\/\/www.orreke.ee\/en\/toode\/6-lucky-stones\/#breadcrumb"},"inLanguage":"en-US","potentialAction":[{"@type":"ReadAction","target":["https:\/\/www.orreke.ee\/en\/toode\/6-lucky-stones\/"]}]},{"@type":"ImageObject","inLanguage":"en-US","@id":"https:\/\/www.orreke.ee\/en\/toode\/6-lucky-stones\/#primaryimage","url":"https:\/\/www.orreke.ee\/wp-content\/uploads\/2016\/06\/Pg1908-1400.jpg","contentUrl":"https:\/\/www.orreke.ee\/wp-content\/uploads\/2016\/06\/Pg1908-1400.jpg","width":900,"height":700},{"@type":"BreadcrumbList","@id":"https:\/\/www.orreke.ee\/en\/toode\/6-lucky-stones\/#breadcrumb","itemListElement":[{"@type":"ListItem","position":1,"name":"Home","item":"https:\/\/www.orreke.ee\/en\/homepage\/"},{"@type":"ListItem","position":2,"name":"Products","item":"https:\/\/www.orreke.ee\/en\/shop\/"},{"@type":"ListItem","position":3,"name":"Set of 6 lucky stones"}]},{"@type":"WebSite","@id":"https:\/\/www.orreke.ee\/en\/#website","url":"https:\/\/www.orreke.ee\/en\/","name":"\u00d6rreke","description":"Rohkem kui pelgalt k\u00e4sit\u00f6\u00f6!","publisher":{"@id":"https:\/\/www.orreke.ee\/en\/#organization"},"alternateName":"K\u00e4sit\u00f6\u00f6 \u00f5pitoad","potentialAction":[{"@type":"SearchAction","target":{"@type":"EntryPoint","urlTemplate":"https:\/\/www.orreke.ee\/en\/?s={search_term_string}"},"query-input":{"@type":"PropertyValueSpecification","valueRequired":true,"valueName":"search_term_string"}}],"inLanguage":"en-US"},{"@type":"Organization","@id":"https:\/\/www.orreke.ee\/en\/#organization","name":"\u00d6rreke","alternateName":"K\u00e4sit\u00f6\u00f6 \u00f5pitoad Sinu \u00fcritusel","url":"https:\/\/www.orreke.ee\/en\/","logo":{"@type":"ImageObject","inLanguage":"en-US","@id":"https:\/\/www.orreke.ee\/en\/#\/schema\/logo\/image\/","url":"https:\/\/www.orreke.ee\/wp-content\/uploads\/2024\/08\/ORREKE.svg","contentUrl":"https:\/\/www.orreke.ee\/wp-content\/uploads\/2024\/08\/ORREKE.svg","caption":"\u00d6rreke"},"image":{"@id":"https:\/\/www.orreke.ee\/en\/#\/schema\/logo\/image\/"},"sameAs":["https:\/\/www.facebook.com\/orreke\/","https:\/\/www.instagram.com\/orrekesemeistrikoda\/","https:\/\/www.linkedin.com\/company\/orrekese-meistrikoda\/"]}]}},"_links":{"self":[{"href":"https:\/\/www.orreke.ee\/en\/wp-json\/wp\/v2\/product\/17337","targetHints":{"allow":["GET"]}}],"collection":[{"href":"https:\/\/www.orreke.ee\/en\/wp-json\/wp\/v2\/product"}],"about":[{"href":"https:\/\/www.orreke.ee\/en\/wp-json\/wp\/v2\/types\/product"}],"wp:featuredmedia":[{"embeddable":true,"href":"https:\/\/www.orreke.ee\/en\/wp-json\/wp\/v2\/media\/16532"}],"wp:attachment":[{"href":"https:\/\/www.orreke.ee\/en\/wp-json\/wp\/v2\/media?parent=17337"}],"wp:term":[{"taxonomy":"product_brand","embeddable":true,"href":"https:\/\/www.orreke.ee\/en\/wp-json\/wp\/v2\/product_brand?post=17337"},{"taxonomy":"product_cat","embeddable":true,"href":"https:\/\/www.orreke.ee\/en\/wp-json\/wp\/v2\/product_cat?post=17337"},{"taxonomy":"product_tag","embeddable":true,"href":"https:\/\/www.orreke.ee\/en\/wp-json\/wp\/v2\/product_tag?post=17337"}],"curies":[{"name":"wp","href":"https:\/\/api.w.org\/{rel}","templated":true}]}}