{"id":17321,"date":"2017-05-24T10:19:15","date_gmt":"2017-05-24T08:19:15","guid":{"rendered":"https:\/\/www.orreke.ee\/toode\/norway-spruce\/"},"modified":"2025-09-24T08:34:15","modified_gmt":"2025-09-24T06:34:15","slug":"spruce","status":"publish","type":"product","link":"https:\/\/www.orreke.ee\/en\/toode\/spruce\/","title":{"rendered":"Spruce"},"content":{"rendered":"<p>The <strong>six-piece <\/strong>has carefully sanded birch plywood figurines. They can be coloured with pencils or finger paints and decorations can be added to them. So you can make the kind of ornaments your Christmas tree will be proud to wear every year. You can also turn a Christmas ornament into a Christmas card, with decorations on one side and Christmas wishes for a loved one on the other.<\/p>\n<p>The simplicity of the <strong>SPRUCE<\/strong> makes it a perfect Christmas gift for both very young children and adults who love creativity.<\/p>\n<p><a href=\"https:\/\/youtu.be\/xZHdj5OMpc4\" target=\"_blank\" rel=\"noopener noreferrer\">Watch the craft video here<\/a>                                    <a href=\"https:\/\/youtu.be\/gQul3rxL69w\" target=\"_blank\" rel=\"noopener noreferrer\">Watch the video on how to make a film camera here<\/a><\/p>\n<p>Have fun crafting!<\/p>\n","protected":false},"excerpt":{"rendered":"<p>A craft kit to decorate three wooden Christmas decorations. The package contains: 3 birch plywood shapes, wooden beads, hanging knots, stick-on decorations, everything you need to wrap Christmas leaves. The packaging can be used to make an old film camera.<\/p>\n","protected":false},"featured_media":16423,"template":"","meta":{"_acf_changed":false},"product_brand":[],"product_cat":[367,363,366],"product_tag":[],"class_list":{"0":"post-17321","1":"product","2":"type-product","3":"status-publish","4":"has-post-thumbnail","6":"product_cat-all","7":"product_cat-christmas-presents","8":"product_cat-craft-kits","10":"first","11":"instock","12":"taxable","13":"shipping-taxable","14":"purchasable","15":"product-type-simple"},"acf":[],"yoast_head":"<!-- This site is optimized with the Yoast SEO plugin v27.4 - https:\/\/yoast.com\/product\/yoast-seo-wordpress\/ -->\n<title>Spruce - \u00d6rreke<\/title>\n<meta name=\"description\" content=\"Set for decorating wooden Christmas trees. Suitable for crafters of all ages. The packaging makes an old-fashioned film reel.\" \/>\n<meta name=\"robots\" content=\"index, follow, max-snippet:-1, max-image-preview:large, max-video-preview:-1\" \/>\n<link rel=\"canonical\" href=\"https:\/\/www.orreke.ee\/en\/toode\/spruce\/\" \/>\n<meta property=\"og:locale\" content=\"en_US\" \/>\n<meta property=\"og:type\" content=\"article\" \/>\n<meta property=\"og:title\" content=\"Spruce - \u00d6rreke\" \/>\n<meta property=\"og:description\" content=\"Set for decorating wooden Christmas trees. Suitable for crafters of all ages. The packaging makes an old-fashioned film reel.\" \/>\n<meta property=\"og:url\" content=\"https:\/\/www.orreke.ee\/en\/toode\/spruce\/\" \/>\n<meta property=\"og:site_name\" content=\"\u00d6rreke\" \/>\n<meta property=\"article:publisher\" content=\"https:\/\/www.facebook.com\/orreke\/\" \/>\n<meta property=\"article:modified_time\" content=\"2025-09-24T06:34:15+00:00\" \/>\n<meta property=\"og:image\" content=\"https:\/\/www.orreke.ee\/wp-content\/uploads\/2017\/07\/Kuuseke-2.jpg\" \/>\n\t<meta property=\"og:image:width\" content=\"900\" \/>\n\t<meta property=\"og:image:height\" content=\"700\" \/>\n\t<meta property=\"og:image:type\" content=\"image\/jpeg\" \/>\n<meta name=\"twitter:card\" content=\"summary_large_image\" \/>\n<meta name=\"twitter:label1\" content=\"Est. reading time\" \/>\n\t<meta name=\"twitter:data1\" content=\"1 minute\" \/>\n<script type=\"application\/ld+json\" class=\"yoast-schema-graph\">{\"@context\":\"https:\\\/\\\/schema.org\",\"@graph\":[{\"@type\":\"WebPage\",\"@id\":\"https:\\\/\\\/www.orreke.ee\\\/en\\\/toode\\\/spruce\\\/\",\"url\":\"https:\\\/\\\/www.orreke.ee\\\/en\\\/toode\\\/spruce\\\/\",\"name\":\"Spruce - \u00d6rreke\",\"isPartOf\":{\"@id\":\"https:\\\/\\\/www.orreke.ee\\\/en\\\/#website\"},\"primaryImageOfPage\":{\"@id\":\"https:\\\/\\\/www.orreke.ee\\\/en\\\/toode\\\/spruce\\\/#primaryimage\"},\"image\":{\"@id\":\"https:\\\/\\\/www.orreke.ee\\\/en\\\/toode\\\/spruce\\\/#primaryimage\"},\"thumbnailUrl\":\"https:\\\/\\\/www.orreke.ee\\\/wp-content\\\/uploads\\\/2017\\\/07\\\/Kuuseke-2.jpg\",\"datePublished\":\"2017-05-24T08:19:15+00:00\",\"dateModified\":\"2025-09-24T06:34:15+00:00\",\"description\":\"Set for decorating wooden Christmas trees. Suitable for crafters of all ages. The packaging makes an old-fashioned film reel.\",\"breadcrumb\":{\"@id\":\"https:\\\/\\\/www.orreke.ee\\\/en\\\/toode\\\/spruce\\\/#breadcrumb\"},\"inLanguage\":\"en-US\",\"potentialAction\":[{\"@type\":\"ReadAction\",\"target\":[\"https:\\\/\\\/www.orreke.ee\\\/en\\\/toode\\\/spruce\\\/\"]}]},{\"@type\":\"ImageObject\",\"inLanguage\":\"en-US\",\"@id\":\"https:\\\/\\\/www.orreke.ee\\\/en\\\/toode\\\/spruce\\\/#primaryimage\",\"url\":\"https:\\\/\\\/www.orreke.ee\\\/wp-content\\\/uploads\\\/2017\\\/07\\\/Kuuseke-2.jpg\",\"contentUrl\":\"https:\\\/\\\/www.orreke.ee\\\/wp-content\\\/uploads\\\/2017\\\/07\\\/Kuuseke-2.jpg\",\"width\":900,\"height\":700,\"caption\":\"\u00d6rrekese handicraft shop | Order a craft kit for your home\"},{\"@type\":\"BreadcrumbList\",\"@id\":\"https:\\\/\\\/www.orreke.ee\\\/en\\\/toode\\\/spruce\\\/#breadcrumb\",\"itemListElement\":[{\"@type\":\"ListItem\",\"position\":1,\"name\":\"Home\",\"item\":\"https:\\\/\\\/www.orreke.ee\\\/en\\\/homepage\\\/\"},{\"@type\":\"ListItem\",\"position\":2,\"name\":\"Products\",\"item\":\"https:\\\/\\\/www.orreke.ee\\\/en\\\/shop\\\/\"},{\"@type\":\"ListItem\",\"position\":3,\"name\":\"Spruce\"}]},{\"@type\":\"WebSite\",\"@id\":\"https:\\\/\\\/www.orreke.ee\\\/en\\\/#website\",\"url\":\"https:\\\/\\\/www.orreke.ee\\\/en\\\/\",\"name\":\"\u00d6rreke\",\"description\":\"Rohkem kui pelgalt k\u00e4sit\u00f6\u00f6!\",\"publisher\":{\"@id\":\"https:\\\/\\\/www.orreke.ee\\\/en\\\/#organization\"},\"alternateName\":\"K\u00e4sit\u00f6\u00f6 \u00f5pitoad\",\"potentialAction\":[{\"@type\":\"SearchAction\",\"target\":{\"@type\":\"EntryPoint\",\"urlTemplate\":\"https:\\\/\\\/www.orreke.ee\\\/en\\\/?s={search_term_string}\"},\"query-input\":{\"@type\":\"PropertyValueSpecification\",\"valueRequired\":true,\"valueName\":\"search_term_string\"}}],\"inLanguage\":\"en-US\"},{\"@type\":\"Organization\",\"@id\":\"https:\\\/\\\/www.orreke.ee\\\/en\\\/#organization\",\"name\":\"\u00d6rreke\",\"alternateName\":\"K\u00e4sit\u00f6\u00f6 \u00f5pitoad Sinu \u00fcritusel\",\"url\":\"https:\\\/\\\/www.orreke.ee\\\/en\\\/\",\"logo\":{\"@type\":\"ImageObject\",\"inLanguage\":\"en-US\",\"@id\":\"https:\\\/\\\/www.orreke.ee\\\/en\\\/#\\\/schema\\\/logo\\\/image\\\/\",\"url\":\"https:\\\/\\\/www.orreke.ee\\\/wp-content\\\/uploads\\\/2024\\\/08\\\/ORREKE.svg\",\"contentUrl\":\"https:\\\/\\\/www.orreke.ee\\\/wp-content\\\/uploads\\\/2024\\\/08\\\/ORREKE.svg\",\"caption\":\"\u00d6rreke\"},\"image\":{\"@id\":\"https:\\\/\\\/www.orreke.ee\\\/en\\\/#\\\/schema\\\/logo\\\/image\\\/\"},\"sameAs\":[\"https:\\\/\\\/www.facebook.com\\\/orreke\\\/\",\"https:\\\/\\\/www.instagram.com\\\/orrekesemeistrikoda\\\/\",\"https:\\\/\\\/www.linkedin.com\\\/company\\\/orrekese-meistrikoda\\\/\"]}]}<\/script>\n<!-- \/ Yoast SEO plugin. -->","yoast_head_json":{"title":"Spruce - \u00d6rreke","description":"Set for decorating wooden Christmas trees. Suitable for crafters of all ages. The packaging makes an old-fashioned film reel.","robots":{"index":"index","follow":"follow","max-snippet":"max-snippet:-1","max-image-preview":"max-image-preview:large","max-video-preview":"max-video-preview:-1"},"canonical":"https:\/\/www.orreke.ee\/en\/toode\/spruce\/","og_locale":"en_US","og_type":"article","og_title":"Spruce - \u00d6rreke","og_description":"Set for decorating wooden Christmas trees. Suitable for crafters of all ages. The packaging makes an old-fashioned film reel.","og_url":"https:\/\/www.orreke.ee\/en\/toode\/spruce\/","og_site_name":"\u00d6rreke","article_publisher":"https:\/\/www.facebook.com\/orreke\/","article_modified_time":"2025-09-24T06:34:15+00:00","og_image":[{"width":900,"height":700,"url":"https:\/\/www.orreke.ee\/wp-content\/uploads\/2017\/07\/Kuuseke-2.jpg","type":"image\/jpeg"}],"twitter_card":"summary_large_image","twitter_misc":{"Est. reading time":"1 minute"},"schema":{"@context":"https:\/\/schema.org","@graph":[{"@type":"WebPage","@id":"https:\/\/www.orreke.ee\/en\/toode\/spruce\/","url":"https:\/\/www.orreke.ee\/en\/toode\/spruce\/","name":"Spruce - \u00d6rreke","isPartOf":{"@id":"https:\/\/www.orreke.ee\/en\/#website"},"primaryImageOfPage":{"@id":"https:\/\/www.orreke.ee\/en\/toode\/spruce\/#primaryimage"},"image":{"@id":"https:\/\/www.orreke.ee\/en\/toode\/spruce\/#primaryimage"},"thumbnailUrl":"https:\/\/www.orreke.ee\/wp-content\/uploads\/2017\/07\/Kuuseke-2.jpg","datePublished":"2017-05-24T08:19:15+00:00","dateModified":"2025-09-24T06:34:15+00:00","description":"Set for decorating wooden Christmas trees. Suitable for crafters of all ages. The packaging makes an old-fashioned film reel.","breadcrumb":{"@id":"https:\/\/www.orreke.ee\/en\/toode\/spruce\/#breadcrumb"},"inLanguage":"en-US","potentialAction":[{"@type":"ReadAction","target":["https:\/\/www.orreke.ee\/en\/toode\/spruce\/"]}]},{"@type":"ImageObject","inLanguage":"en-US","@id":"https:\/\/www.orreke.ee\/en\/toode\/spruce\/#primaryimage","url":"https:\/\/www.orreke.ee\/wp-content\/uploads\/2017\/07\/Kuuseke-2.jpg","contentUrl":"https:\/\/www.orreke.ee\/wp-content\/uploads\/2017\/07\/Kuuseke-2.jpg","width":900,"height":700,"caption":"\u00d6rrekese handicraft shop | Order a craft kit for your home"},{"@type":"BreadcrumbList","@id":"https:\/\/www.orreke.ee\/en\/toode\/spruce\/#breadcrumb","itemListElement":[{"@type":"ListItem","position":1,"name":"Home","item":"https:\/\/www.orreke.ee\/en\/homepage\/"},{"@type":"ListItem","position":2,"name":"Products","item":"https:\/\/www.orreke.ee\/en\/shop\/"},{"@type":"ListItem","position":3,"name":"Spruce"}]},{"@type":"WebSite","@id":"https:\/\/www.orreke.ee\/en\/#website","url":"https:\/\/www.orreke.ee\/en\/","name":"\u00d6rreke","description":"Rohkem kui pelgalt k\u00e4sit\u00f6\u00f6!","publisher":{"@id":"https:\/\/www.orreke.ee\/en\/#organization"},"alternateName":"K\u00e4sit\u00f6\u00f6 \u00f5pitoad","potentialAction":[{"@type":"SearchAction","target":{"@type":"EntryPoint","urlTemplate":"https:\/\/www.orreke.ee\/en\/?s={search_term_string}"},"query-input":{"@type":"PropertyValueSpecification","valueRequired":true,"valueName":"search_term_string"}}],"inLanguage":"en-US"},{"@type":"Organization","@id":"https:\/\/www.orreke.ee\/en\/#organization","name":"\u00d6rreke","alternateName":"K\u00e4sit\u00f6\u00f6 \u00f5pitoad Sinu \u00fcritusel","url":"https:\/\/www.orreke.ee\/en\/","logo":{"@type":"ImageObject","inLanguage":"en-US","@id":"https:\/\/www.orreke.ee\/en\/#\/schema\/logo\/image\/","url":"https:\/\/www.orreke.ee\/wp-content\/uploads\/2024\/08\/ORREKE.svg","contentUrl":"https:\/\/www.orreke.ee\/wp-content\/uploads\/2024\/08\/ORREKE.svg","caption":"\u00d6rreke"},"image":{"@id":"https:\/\/www.orreke.ee\/en\/#\/schema\/logo\/image\/"},"sameAs":["https:\/\/www.facebook.com\/orreke\/","https:\/\/www.instagram.com\/orrekesemeistrikoda\/","https:\/\/www.linkedin.com\/company\/orrekese-meistrikoda\/"]}]}},"_links":{"self":[{"href":"https:\/\/www.orreke.ee\/en\/wp-json\/wp\/v2\/product\/17321","targetHints":{"allow":["GET"]}}],"collection":[{"href":"https:\/\/www.orreke.ee\/en\/wp-json\/wp\/v2\/product"}],"about":[{"href":"https:\/\/www.orreke.ee\/en\/wp-json\/wp\/v2\/types\/product"}],"wp:featuredmedia":[{"embeddable":true,"href":"https:\/\/www.orreke.ee\/en\/wp-json\/wp\/v2\/media\/16423"}],"wp:attachment":[{"href":"https:\/\/www.orreke.ee\/en\/wp-json\/wp\/v2\/media?parent=17321"}],"wp:term":[{"taxonomy":"product_brand","embeddable":true,"href":"https:\/\/www.orreke.ee\/en\/wp-json\/wp\/v2\/product_brand?post=17321"},{"taxonomy":"product_cat","embeddable":true,"href":"https:\/\/www.orreke.ee\/en\/wp-json\/wp\/v2\/product_cat?post=17321"},{"taxonomy":"product_tag","embeddable":true,"href":"https:\/\/www.orreke.ee\/en\/wp-json\/wp\/v2\/product_tag?post=17321"}],"curies":[{"name":"wp","href":"https:\/\/api.w.org\/{rel}","templated":true}]}}