{"id":17316,"date":"2020-04-25T14:22:22","date_gmt":"2020-04-25T11:22:22","guid":{"rendered":"https:\/\/www.orreke.ee\/toode\/seabike\/"},"modified":"2026-04-17T10:51:01","modified_gmt":"2026-04-17T08:51:01","slug":"soap","status":"publish","type":"product","link":"https:\/\/www.orreke.ee\/en\/toode\/soap\/","title":{"rendered":"Soap"},"content":{"rendered":"<p data-start=\"280\" data-end=\"559\">In the old days, soap was made from ash lye and animal fat, and on the islands, even from tallow. The skill of soapmaking was held in high esteem and carefully passed down from generation to generation \u2013 on every farm, soap was a kind of work of art. Soap is an exciting craft kit that takes you back to the days when every farm made its own soap. Now you can try this old tradition in a modern and environmentally friendly way &#8211; all the necessary ingredients are in a compact box. The box later becomes a great movie machine. SEEBIKE makes a practical gift for everyone. It&#8217;s especially fun to make soap with the kids, adding dried flowers, salt crystals, buttons and why not cents. &#8220;Money soap&#8221; always keeps children&#8217;s hands clean!<\/p>\n<p data-start=\"561\" data-end=\"842\">The kit includes a gentle plant-based soap base (SLS and SLES free) for three soaps, paper soap moulds, dried herbs and flowers, salt crystals and fragrance oil. It also comes with everything you need to package your soaps nicely.<\/p>\n<p data-start=\"844\" data-end=\"1024\"><strong>SOAP<\/strong> is assembled in our workshop using environmentally friendly solutions. It&#8217;s a practical, creative and memorable gift.<\/p>\n<p> <a href=\"https:\/\/www.youtube.com\/watch?v=P9O2tOTTyi0\" target=\"_blank\" rel=\"noopener noreferrer\">Watch the soap making video here! <\/a>                                                                         <a href=\"https:\/\/www.youtube.com\/watch?v=gQul3rxL69w\" target=\"_blank\" rel=\"noopener noreferrer\">  Check out the video on how to make a film camera here!  <\/a><\/p>\n","protected":false},"excerpt":{"rendered":"<p data-start=\"561\" data-end=\"842\">The kit includes a gentle plant-based soap base (SLS and SLES free) for three soaps, paper soap moulds, dried herbs and flowers, salt crystals and fragrance oil. It also comes with everything you need to package your soaps nicely.<\/p>\n<p data-start=\"844\" data-end=\"1024\"><strong>SEEBIKE<\/strong> is assembled in our workshop using environmentally friendly solutions. It&#8217;s a practical, creative and memorable gift.<\/p>\n","protected":false},"featured_media":16643,"template":"","meta":{"_acf_changed":false},"product_brand":[],"product_cat":[367,363,366],"product_tag":[],"class_list":{"0":"post-17316","1":"product","2":"type-product","3":"status-publish","4":"has-post-thumbnail","6":"product_cat-all","7":"product_cat-christmas-presents","8":"product_cat-craft-kits","10":"first","11":"instock","12":"taxable","13":"shipping-taxable","14":"purchasable","15":"product-type-simple"},"acf":[],"yoast_head":"<!-- This site is optimized with the Yoast SEO plugin v27.5 - https:\/\/yoast.com\/product\/yoast-seo-wordpress\/ -->\n<title>Soap - \u00d6rreke<\/title>\n<meta name=\"description\" content=\"A craft kit for making soaps. A film machine can be made from the packaging of the set. Suitable as a Christmas present or practical creative activity for children of all ages.\" \/>\n<meta name=\"robots\" content=\"index, follow, max-snippet:-1, max-image-preview:large, max-video-preview:-1\" \/>\n<link rel=\"canonical\" href=\"https:\/\/www.orreke.ee\/en\/toode\/soap\/\" \/>\n<meta property=\"og:locale\" content=\"en_US\" \/>\n<meta property=\"og:type\" content=\"article\" \/>\n<meta property=\"og:title\" content=\"Soap - \u00d6rreke\" \/>\n<meta property=\"og:description\" content=\"A craft kit for making soaps. A film machine can be made from the packaging of the set. Suitable as a Christmas present or practical creative activity for children of all ages.\" \/>\n<meta property=\"og:url\" content=\"https:\/\/www.orreke.ee\/en\/toode\/soap\/\" \/>\n<meta property=\"og:site_name\" content=\"\u00d6rreke\" \/>\n<meta property=\"article:publisher\" content=\"https:\/\/www.facebook.com\/orreke\/\" \/>\n<meta property=\"article:modified_time\" content=\"2026-04-17T08:51:01+00:00\" \/>\n<meta property=\"og:image\" content=\"https:\/\/www.orreke.ee\/wp-content\/uploads\/2020\/04\/SEEBIKE2.jpg\" \/>\n\t<meta property=\"og:image:width\" content=\"900\" \/>\n\t<meta property=\"og:image:height\" content=\"700\" \/>\n\t<meta property=\"og:image:type\" content=\"image\/jpeg\" \/>\n<meta name=\"twitter:card\" content=\"summary_large_image\" \/>\n<meta name=\"twitter:label1\" content=\"Est. reading time\" \/>\n\t<meta name=\"twitter:data1\" content=\"1 minute\" \/>\n<script type=\"application\/ld+json\" class=\"yoast-schema-graph\">{\"@context\":\"https:\\\/\\\/schema.org\",\"@graph\":[{\"@type\":\"WebPage\",\"@id\":\"https:\\\/\\\/www.orreke.ee\\\/en\\\/toode\\\/soap\\\/\",\"url\":\"https:\\\/\\\/www.orreke.ee\\\/en\\\/toode\\\/soap\\\/\",\"name\":\"Soap - \u00d6rreke\",\"isPartOf\":{\"@id\":\"https:\\\/\\\/www.orreke.ee\\\/en\\\/#website\"},\"primaryImageOfPage\":{\"@id\":\"https:\\\/\\\/www.orreke.ee\\\/en\\\/toode\\\/soap\\\/#primaryimage\"},\"image\":{\"@id\":\"https:\\\/\\\/www.orreke.ee\\\/en\\\/toode\\\/soap\\\/#primaryimage\"},\"thumbnailUrl\":\"https:\\\/\\\/www.orreke.ee\\\/wp-content\\\/uploads\\\/2020\\\/04\\\/SEEBIKE2.jpg\",\"datePublished\":\"2020-04-25T11:22:22+00:00\",\"dateModified\":\"2026-04-17T08:51:01+00:00\",\"description\":\"A craft kit for making soaps. A film machine can be made from the packaging of the set. Suitable as a Christmas present or practical creative activity for children of all ages.\",\"breadcrumb\":{\"@id\":\"https:\\\/\\\/www.orreke.ee\\\/en\\\/toode\\\/soap\\\/#breadcrumb\"},\"inLanguage\":\"en-US\",\"potentialAction\":[{\"@type\":\"ReadAction\",\"target\":[\"https:\\\/\\\/www.orreke.ee\\\/en\\\/toode\\\/soap\\\/\"]}]},{\"@type\":\"ImageObject\",\"inLanguage\":\"en-US\",\"@id\":\"https:\\\/\\\/www.orreke.ee\\\/en\\\/toode\\\/soap\\\/#primaryimage\",\"url\":\"https:\\\/\\\/www.orreke.ee\\\/wp-content\\\/uploads\\\/2020\\\/04\\\/SEEBIKE2.jpg\",\"contentUrl\":\"https:\\\/\\\/www.orreke.ee\\\/wp-content\\\/uploads\\\/2020\\\/04\\\/SEEBIKE2.jpg\",\"width\":900,\"height\":700,\"caption\":\"Soap bike set\"},{\"@type\":\"BreadcrumbList\",\"@id\":\"https:\\\/\\\/www.orreke.ee\\\/en\\\/toode\\\/soap\\\/#breadcrumb\",\"itemListElement\":[{\"@type\":\"ListItem\",\"position\":1,\"name\":\"Home\",\"item\":\"https:\\\/\\\/www.orreke.ee\\\/en\\\/homepage\\\/\"},{\"@type\":\"ListItem\",\"position\":2,\"name\":\"Products\",\"item\":\"https:\\\/\\\/www.orreke.ee\\\/en\\\/shop\\\/\"},{\"@type\":\"ListItem\",\"position\":3,\"name\":\"Soap\"}]},{\"@type\":\"WebSite\",\"@id\":\"https:\\\/\\\/www.orreke.ee\\\/en\\\/#website\",\"url\":\"https:\\\/\\\/www.orreke.ee\\\/en\\\/\",\"name\":\"\u00d6rreke\",\"description\":\"Rohkem kui pelgalt k\u00e4sit\u00f6\u00f6!\",\"publisher\":{\"@id\":\"https:\\\/\\\/www.orreke.ee\\\/en\\\/#organization\"},\"alternateName\":\"K\u00e4sit\u00f6\u00f6 \u00f5pitoad\",\"potentialAction\":[{\"@type\":\"SearchAction\",\"target\":{\"@type\":\"EntryPoint\",\"urlTemplate\":\"https:\\\/\\\/www.orreke.ee\\\/en\\\/?s={search_term_string}\"},\"query-input\":{\"@type\":\"PropertyValueSpecification\",\"valueRequired\":true,\"valueName\":\"search_term_string\"}}],\"inLanguage\":\"en-US\"},{\"@type\":\"Organization\",\"@id\":\"https:\\\/\\\/www.orreke.ee\\\/en\\\/#organization\",\"name\":\"\u00d6rreke\",\"alternateName\":\"K\u00e4sit\u00f6\u00f6 \u00f5pitoad Sinu \u00fcritusel\",\"url\":\"https:\\\/\\\/www.orreke.ee\\\/en\\\/\",\"logo\":{\"@type\":\"ImageObject\",\"inLanguage\":\"en-US\",\"@id\":\"https:\\\/\\\/www.orreke.ee\\\/en\\\/#\\\/schema\\\/logo\\\/image\\\/\",\"url\":\"https:\\\/\\\/www.orreke.ee\\\/wp-content\\\/uploads\\\/2024\\\/08\\\/ORREKE.svg\",\"contentUrl\":\"https:\\\/\\\/www.orreke.ee\\\/wp-content\\\/uploads\\\/2024\\\/08\\\/ORREKE.svg\",\"caption\":\"\u00d6rreke\"},\"image\":{\"@id\":\"https:\\\/\\\/www.orreke.ee\\\/en\\\/#\\\/schema\\\/logo\\\/image\\\/\"},\"sameAs\":[\"https:\\\/\\\/www.facebook.com\\\/orreke\\\/\",\"https:\\\/\\\/www.instagram.com\\\/orrekesemeistrikoda\\\/\",\"https:\\\/\\\/www.linkedin.com\\\/company\\\/orrekese-meistrikoda\\\/\"]}]}<\/script>\n<!-- \/ Yoast SEO plugin. -->","yoast_head_json":{"title":"Soap - \u00d6rreke","description":"A craft kit for making soaps. A film machine can be made from the packaging of the set. Suitable as a Christmas present or practical creative activity for children of all ages.","robots":{"index":"index","follow":"follow","max-snippet":"max-snippet:-1","max-image-preview":"max-image-preview:large","max-video-preview":"max-video-preview:-1"},"canonical":"https:\/\/www.orreke.ee\/en\/toode\/soap\/","og_locale":"en_US","og_type":"article","og_title":"Soap - \u00d6rreke","og_description":"A craft kit for making soaps. A film machine can be made from the packaging of the set. Suitable as a Christmas present or practical creative activity for children of all ages.","og_url":"https:\/\/www.orreke.ee\/en\/toode\/soap\/","og_site_name":"\u00d6rreke","article_publisher":"https:\/\/www.facebook.com\/orreke\/","article_modified_time":"2026-04-17T08:51:01+00:00","og_image":[{"width":900,"height":700,"url":"https:\/\/www.orreke.ee\/wp-content\/uploads\/2020\/04\/SEEBIKE2.jpg","type":"image\/jpeg"}],"twitter_card":"summary_large_image","twitter_misc":{"Est. reading time":"1 minute"},"schema":{"@context":"https:\/\/schema.org","@graph":[{"@type":"WebPage","@id":"https:\/\/www.orreke.ee\/en\/toode\/soap\/","url":"https:\/\/www.orreke.ee\/en\/toode\/soap\/","name":"Soap - \u00d6rreke","isPartOf":{"@id":"https:\/\/www.orreke.ee\/en\/#website"},"primaryImageOfPage":{"@id":"https:\/\/www.orreke.ee\/en\/toode\/soap\/#primaryimage"},"image":{"@id":"https:\/\/www.orreke.ee\/en\/toode\/soap\/#primaryimage"},"thumbnailUrl":"https:\/\/www.orreke.ee\/wp-content\/uploads\/2020\/04\/SEEBIKE2.jpg","datePublished":"2020-04-25T11:22:22+00:00","dateModified":"2026-04-17T08:51:01+00:00","description":"A craft kit for making soaps. A film machine can be made from the packaging of the set. Suitable as a Christmas present or practical creative activity for children of all ages.","breadcrumb":{"@id":"https:\/\/www.orreke.ee\/en\/toode\/soap\/#breadcrumb"},"inLanguage":"en-US","potentialAction":[{"@type":"ReadAction","target":["https:\/\/www.orreke.ee\/en\/toode\/soap\/"]}]},{"@type":"ImageObject","inLanguage":"en-US","@id":"https:\/\/www.orreke.ee\/en\/toode\/soap\/#primaryimage","url":"https:\/\/www.orreke.ee\/wp-content\/uploads\/2020\/04\/SEEBIKE2.jpg","contentUrl":"https:\/\/www.orreke.ee\/wp-content\/uploads\/2020\/04\/SEEBIKE2.jpg","width":900,"height":700,"caption":"Soap bike set"},{"@type":"BreadcrumbList","@id":"https:\/\/www.orreke.ee\/en\/toode\/soap\/#breadcrumb","itemListElement":[{"@type":"ListItem","position":1,"name":"Home","item":"https:\/\/www.orreke.ee\/en\/homepage\/"},{"@type":"ListItem","position":2,"name":"Products","item":"https:\/\/www.orreke.ee\/en\/shop\/"},{"@type":"ListItem","position":3,"name":"Soap"}]},{"@type":"WebSite","@id":"https:\/\/www.orreke.ee\/en\/#website","url":"https:\/\/www.orreke.ee\/en\/","name":"\u00d6rreke","description":"Rohkem kui pelgalt k\u00e4sit\u00f6\u00f6!","publisher":{"@id":"https:\/\/www.orreke.ee\/en\/#organization"},"alternateName":"K\u00e4sit\u00f6\u00f6 \u00f5pitoad","potentialAction":[{"@type":"SearchAction","target":{"@type":"EntryPoint","urlTemplate":"https:\/\/www.orreke.ee\/en\/?s={search_term_string}"},"query-input":{"@type":"PropertyValueSpecification","valueRequired":true,"valueName":"search_term_string"}}],"inLanguage":"en-US"},{"@type":"Organization","@id":"https:\/\/www.orreke.ee\/en\/#organization","name":"\u00d6rreke","alternateName":"K\u00e4sit\u00f6\u00f6 \u00f5pitoad Sinu \u00fcritusel","url":"https:\/\/www.orreke.ee\/en\/","logo":{"@type":"ImageObject","inLanguage":"en-US","@id":"https:\/\/www.orreke.ee\/en\/#\/schema\/logo\/image\/","url":"https:\/\/www.orreke.ee\/wp-content\/uploads\/2024\/08\/ORREKE.svg","contentUrl":"https:\/\/www.orreke.ee\/wp-content\/uploads\/2024\/08\/ORREKE.svg","caption":"\u00d6rreke"},"image":{"@id":"https:\/\/www.orreke.ee\/en\/#\/schema\/logo\/image\/"},"sameAs":["https:\/\/www.facebook.com\/orreke\/","https:\/\/www.instagram.com\/orrekesemeistrikoda\/","https:\/\/www.linkedin.com\/company\/orrekese-meistrikoda\/"]}]}},"_links":{"self":[{"href":"https:\/\/www.orreke.ee\/en\/wp-json\/wp\/v2\/product\/17316","targetHints":{"allow":["GET"]}}],"collection":[{"href":"https:\/\/www.orreke.ee\/en\/wp-json\/wp\/v2\/product"}],"about":[{"href":"https:\/\/www.orreke.ee\/en\/wp-json\/wp\/v2\/types\/product"}],"wp:featuredmedia":[{"embeddable":true,"href":"https:\/\/www.orreke.ee\/en\/wp-json\/wp\/v2\/media\/16643"}],"wp:attachment":[{"href":"https:\/\/www.orreke.ee\/en\/wp-json\/wp\/v2\/media?parent=17316"}],"wp:term":[{"taxonomy":"product_brand","embeddable":true,"href":"https:\/\/www.orreke.ee\/en\/wp-json\/wp\/v2\/product_brand?post=17316"},{"taxonomy":"product_cat","embeddable":true,"href":"https:\/\/www.orreke.ee\/en\/wp-json\/wp\/v2\/product_cat?post=17316"},{"taxonomy":"product_tag","embeddable":true,"href":"https:\/\/www.orreke.ee\/en\/wp-json\/wp\/v2\/product_tag?post=17316"}],"curies":[{"name":"wp","href":"https:\/\/api.w.org\/{rel}","templated":true}]}}