{"id":17300,"date":"2020-03-18T16:08:14","date_gmt":"2020-03-18T13:08:14","guid":{"rendered":"https:\/\/www.orreke.ee\/toode\/3-shea-butter-cream-set\/"},"modified":"2025-09-24T10:01:22","modified_gmt":"2025-09-24T08:01:22","slug":"3-shea-butter-cream-set","status":"publish","type":"product","link":"https:\/\/www.orreke.ee\/en\/toode\/3-shea-butter-cream-set\/","title":{"rendered":"3 shea butter cream set"},"content":{"rendered":"<p>Shea butter, and especially unrefined shea butter, is rich in vitamin E, which is an essential vitamin for our beautiful and fresh skin.The shea butter used in the masterpiece comes from Ghana and is supplied to us by Mondo. Mondo is developing the production of shea butter in Ghana. By buying the \u00d6rrekese craft kit, you are also contributing to the development of women&#8217;s entrepreneurship in a remote African country.  <\/p>\n","protected":false},"excerpt":{"rendered":"<p>3 shea butter body cream kit. The set includes: 3 jars, unrefined shea butter, lavender fragrance oil and instructions for making the cream. You can also choose between blueberry, raspberry or citrus fragrance oils. Write your fragrance oil request in the notes when ordering.  <a href=\"https:\/\/www.orreke.ee\/en\/tutorial-videos\/katekreemi-valmistamine\/\" target=\"_blank\" rel=\"\\\"noopener noopener\">Watch the video tutorial here.<\/a><\/p>\n","protected":false},"featured_media":16582,"template":"","meta":{"_acf_changed":false},"product_brand":[],"product_cat":[367,362,364],"product_tag":[],"class_list":{"0":"post-17300","1":"product","2":"type-product","3":"status-publish","4":"has-post-thumbnail","6":"product_cat-all","7":"product_cat-for-mothers-day","8":"product_cat-making-home-cosmetics-and-eco-products","10":"first","11":"instock","12":"taxable","13":"shipping-taxable","14":"purchasable","15":"product-type-simple"},"acf":[],"yoast_head":"<!-- This site is optimized with the Yoast SEO plugin v27.4 - https:\/\/yoast.com\/product\/yoast-seo-wordpress\/ -->\n<title>3 shea butter cream set - \u00d6rreke<\/title>\n<meta name=\"description\" content=\"A cute DIY kit to make shea butter body cream at home. Set of 3 shea butter lotions.\" \/>\n<meta name=\"robots\" content=\"index, follow, max-snippet:-1, max-image-preview:large, max-video-preview:-1\" \/>\n<link rel=\"canonical\" href=\"https:\/\/www.orreke.ee\/en\/toode\/3-shea-butter-cream-set\/\" \/>\n<meta property=\"og:locale\" content=\"en_US\" \/>\n<meta property=\"og:type\" content=\"article\" \/>\n<meta property=\"og:title\" content=\"3 shea butter cream set - \u00d6rreke\" \/>\n<meta property=\"og:description\" content=\"A cute DIY kit to make shea butter body cream at home. Set of 3 shea butter lotions.\" \/>\n<meta property=\"og:url\" content=\"https:\/\/www.orreke.ee\/en\/toode\/3-shea-butter-cream-set\/\" \/>\n<meta property=\"og:site_name\" content=\"\u00d6rreke\" \/>\n<meta property=\"article:publisher\" content=\"https:\/\/www.facebook.com\/orreke\/\" \/>\n<meta property=\"article:modified_time\" content=\"2025-09-24T08:01:22+00:00\" \/>\n<meta property=\"og:image\" content=\"https:\/\/www.orreke.ee\/wp-content\/uploads\/2020\/03\/Or2003_059-e1599816041168.jpg\" \/>\n\t<meta property=\"og:image:width\" content=\"800\" \/>\n\t<meta property=\"og:image:height\" content=\"533\" \/>\n\t<meta property=\"og:image:type\" content=\"image\/jpeg\" \/>\n<meta name=\"twitter:card\" content=\"summary_large_image\" \/>\n<script type=\"application\/ld+json\" class=\"yoast-schema-graph\">{\"@context\":\"https:\\\/\\\/schema.org\",\"@graph\":[{\"@type\":\"WebPage\",\"@id\":\"https:\\\/\\\/www.orreke.ee\\\/en\\\/toode\\\/3-shea-butter-cream-set\\\/\",\"url\":\"https:\\\/\\\/www.orreke.ee\\\/en\\\/toode\\\/3-shea-butter-cream-set\\\/\",\"name\":\"3 shea butter cream set - \u00d6rreke\",\"isPartOf\":{\"@id\":\"https:\\\/\\\/www.orreke.ee\\\/en\\\/#website\"},\"primaryImageOfPage\":{\"@id\":\"https:\\\/\\\/www.orreke.ee\\\/en\\\/toode\\\/3-shea-butter-cream-set\\\/#primaryimage\"},\"image\":{\"@id\":\"https:\\\/\\\/www.orreke.ee\\\/en\\\/toode\\\/3-shea-butter-cream-set\\\/#primaryimage\"},\"thumbnailUrl\":\"https:\\\/\\\/www.orreke.ee\\\/wp-content\\\/uploads\\\/2020\\\/03\\\/Or2003_059-e1599816041168.jpg\",\"datePublished\":\"2020-03-18T13:08:14+00:00\",\"dateModified\":\"2025-09-24T08:01:22+00:00\",\"description\":\"A cute DIY kit to make shea butter body cream at home. Set of 3 shea butter lotions.\",\"breadcrumb\":{\"@id\":\"https:\\\/\\\/www.orreke.ee\\\/en\\\/toode\\\/3-shea-butter-cream-set\\\/#breadcrumb\"},\"inLanguage\":\"en-US\",\"potentialAction\":[{\"@type\":\"ReadAction\",\"target\":[\"https:\\\/\\\/www.orreke.ee\\\/en\\\/toode\\\/3-shea-butter-cream-set\\\/\"]}]},{\"@type\":\"ImageObject\",\"inLanguage\":\"en-US\",\"@id\":\"https:\\\/\\\/www.orreke.ee\\\/en\\\/toode\\\/3-shea-butter-cream-set\\\/#primaryimage\",\"url\":\"https:\\\/\\\/www.orreke.ee\\\/wp-content\\\/uploads\\\/2020\\\/03\\\/Or2003_059-e1599816041168.jpg\",\"contentUrl\":\"https:\\\/\\\/www.orreke.ee\\\/wp-content\\\/uploads\\\/2020\\\/03\\\/Or2003_059-e1599816041168.jpg\",\"width\":800,\"height\":533},{\"@type\":\"BreadcrumbList\",\"@id\":\"https:\\\/\\\/www.orreke.ee\\\/en\\\/toode\\\/3-shea-butter-cream-set\\\/#breadcrumb\",\"itemListElement\":[{\"@type\":\"ListItem\",\"position\":1,\"name\":\"Home\",\"item\":\"https:\\\/\\\/www.orreke.ee\\\/en\\\/homepage\\\/\"},{\"@type\":\"ListItem\",\"position\":2,\"name\":\"Products\",\"item\":\"https:\\\/\\\/www.orreke.ee\\\/en\\\/shop\\\/\"},{\"@type\":\"ListItem\",\"position\":3,\"name\":\"3 shea butter cream set\"}]},{\"@type\":\"WebSite\",\"@id\":\"https:\\\/\\\/www.orreke.ee\\\/en\\\/#website\",\"url\":\"https:\\\/\\\/www.orreke.ee\\\/en\\\/\",\"name\":\"\u00d6rreke\",\"description\":\"Rohkem kui pelgalt k\u00e4sit\u00f6\u00f6!\",\"publisher\":{\"@id\":\"https:\\\/\\\/www.orreke.ee\\\/en\\\/#organization\"},\"alternateName\":\"K\u00e4sit\u00f6\u00f6 \u00f5pitoad\",\"potentialAction\":[{\"@type\":\"SearchAction\",\"target\":{\"@type\":\"EntryPoint\",\"urlTemplate\":\"https:\\\/\\\/www.orreke.ee\\\/en\\\/?s={search_term_string}\"},\"query-input\":{\"@type\":\"PropertyValueSpecification\",\"valueRequired\":true,\"valueName\":\"search_term_string\"}}],\"inLanguage\":\"en-US\"},{\"@type\":\"Organization\",\"@id\":\"https:\\\/\\\/www.orreke.ee\\\/en\\\/#organization\",\"name\":\"\u00d6rreke\",\"alternateName\":\"K\u00e4sit\u00f6\u00f6 \u00f5pitoad Sinu \u00fcritusel\",\"url\":\"https:\\\/\\\/www.orreke.ee\\\/en\\\/\",\"logo\":{\"@type\":\"ImageObject\",\"inLanguage\":\"en-US\",\"@id\":\"https:\\\/\\\/www.orreke.ee\\\/en\\\/#\\\/schema\\\/logo\\\/image\\\/\",\"url\":\"https:\\\/\\\/www.orreke.ee\\\/wp-content\\\/uploads\\\/2024\\\/08\\\/ORREKE.svg\",\"contentUrl\":\"https:\\\/\\\/www.orreke.ee\\\/wp-content\\\/uploads\\\/2024\\\/08\\\/ORREKE.svg\",\"caption\":\"\u00d6rreke\"},\"image\":{\"@id\":\"https:\\\/\\\/www.orreke.ee\\\/en\\\/#\\\/schema\\\/logo\\\/image\\\/\"},\"sameAs\":[\"https:\\\/\\\/www.facebook.com\\\/orreke\\\/\",\"https:\\\/\\\/www.instagram.com\\\/orrekesemeistrikoda\\\/\",\"https:\\\/\\\/www.linkedin.com\\\/company\\\/orrekese-meistrikoda\\\/\"]}]}<\/script>\n<!-- \/ Yoast SEO plugin. -->","yoast_head_json":{"title":"3 shea butter cream set - \u00d6rreke","description":"A cute DIY kit to make shea butter body cream at home. Set of 3 shea butter lotions.","robots":{"index":"index","follow":"follow","max-snippet":"max-snippet:-1","max-image-preview":"max-image-preview:large","max-video-preview":"max-video-preview:-1"},"canonical":"https:\/\/www.orreke.ee\/en\/toode\/3-shea-butter-cream-set\/","og_locale":"en_US","og_type":"article","og_title":"3 shea butter cream set - \u00d6rreke","og_description":"A cute DIY kit to make shea butter body cream at home. Set of 3 shea butter lotions.","og_url":"https:\/\/www.orreke.ee\/en\/toode\/3-shea-butter-cream-set\/","og_site_name":"\u00d6rreke","article_publisher":"https:\/\/www.facebook.com\/orreke\/","article_modified_time":"2025-09-24T08:01:22+00:00","og_image":[{"width":800,"height":533,"url":"https:\/\/www.orreke.ee\/wp-content\/uploads\/2020\/03\/Or2003_059-e1599816041168.jpg","type":"image\/jpeg"}],"twitter_card":"summary_large_image","schema":{"@context":"https:\/\/schema.org","@graph":[{"@type":"WebPage","@id":"https:\/\/www.orreke.ee\/en\/toode\/3-shea-butter-cream-set\/","url":"https:\/\/www.orreke.ee\/en\/toode\/3-shea-butter-cream-set\/","name":"3 shea butter cream set - \u00d6rreke","isPartOf":{"@id":"https:\/\/www.orreke.ee\/en\/#website"},"primaryImageOfPage":{"@id":"https:\/\/www.orreke.ee\/en\/toode\/3-shea-butter-cream-set\/#primaryimage"},"image":{"@id":"https:\/\/www.orreke.ee\/en\/toode\/3-shea-butter-cream-set\/#primaryimage"},"thumbnailUrl":"https:\/\/www.orreke.ee\/wp-content\/uploads\/2020\/03\/Or2003_059-e1599816041168.jpg","datePublished":"2020-03-18T13:08:14+00:00","dateModified":"2025-09-24T08:01:22+00:00","description":"A cute DIY kit to make shea butter body cream at home. Set of 3 shea butter lotions.","breadcrumb":{"@id":"https:\/\/www.orreke.ee\/en\/toode\/3-shea-butter-cream-set\/#breadcrumb"},"inLanguage":"en-US","potentialAction":[{"@type":"ReadAction","target":["https:\/\/www.orreke.ee\/en\/toode\/3-shea-butter-cream-set\/"]}]},{"@type":"ImageObject","inLanguage":"en-US","@id":"https:\/\/www.orreke.ee\/en\/toode\/3-shea-butter-cream-set\/#primaryimage","url":"https:\/\/www.orreke.ee\/wp-content\/uploads\/2020\/03\/Or2003_059-e1599816041168.jpg","contentUrl":"https:\/\/www.orreke.ee\/wp-content\/uploads\/2020\/03\/Or2003_059-e1599816041168.jpg","width":800,"height":533},{"@type":"BreadcrumbList","@id":"https:\/\/www.orreke.ee\/en\/toode\/3-shea-butter-cream-set\/#breadcrumb","itemListElement":[{"@type":"ListItem","position":1,"name":"Home","item":"https:\/\/www.orreke.ee\/en\/homepage\/"},{"@type":"ListItem","position":2,"name":"Products","item":"https:\/\/www.orreke.ee\/en\/shop\/"},{"@type":"ListItem","position":3,"name":"3 shea butter cream set"}]},{"@type":"WebSite","@id":"https:\/\/www.orreke.ee\/en\/#website","url":"https:\/\/www.orreke.ee\/en\/","name":"\u00d6rreke","description":"Rohkem kui pelgalt k\u00e4sit\u00f6\u00f6!","publisher":{"@id":"https:\/\/www.orreke.ee\/en\/#organization"},"alternateName":"K\u00e4sit\u00f6\u00f6 \u00f5pitoad","potentialAction":[{"@type":"SearchAction","target":{"@type":"EntryPoint","urlTemplate":"https:\/\/www.orreke.ee\/en\/?s={search_term_string}"},"query-input":{"@type":"PropertyValueSpecification","valueRequired":true,"valueName":"search_term_string"}}],"inLanguage":"en-US"},{"@type":"Organization","@id":"https:\/\/www.orreke.ee\/en\/#organization","name":"\u00d6rreke","alternateName":"K\u00e4sit\u00f6\u00f6 \u00f5pitoad Sinu \u00fcritusel","url":"https:\/\/www.orreke.ee\/en\/","logo":{"@type":"ImageObject","inLanguage":"en-US","@id":"https:\/\/www.orreke.ee\/en\/#\/schema\/logo\/image\/","url":"https:\/\/www.orreke.ee\/wp-content\/uploads\/2024\/08\/ORREKE.svg","contentUrl":"https:\/\/www.orreke.ee\/wp-content\/uploads\/2024\/08\/ORREKE.svg","caption":"\u00d6rreke"},"image":{"@id":"https:\/\/www.orreke.ee\/en\/#\/schema\/logo\/image\/"},"sameAs":["https:\/\/www.facebook.com\/orreke\/","https:\/\/www.instagram.com\/orrekesemeistrikoda\/","https:\/\/www.linkedin.com\/company\/orrekese-meistrikoda\/"]}]}},"_links":{"self":[{"href":"https:\/\/www.orreke.ee\/en\/wp-json\/wp\/v2\/product\/17300","targetHints":{"allow":["GET"]}}],"collection":[{"href":"https:\/\/www.orreke.ee\/en\/wp-json\/wp\/v2\/product"}],"about":[{"href":"https:\/\/www.orreke.ee\/en\/wp-json\/wp\/v2\/types\/product"}],"wp:featuredmedia":[{"embeddable":true,"href":"https:\/\/www.orreke.ee\/en\/wp-json\/wp\/v2\/media\/16582"}],"wp:attachment":[{"href":"https:\/\/www.orreke.ee\/en\/wp-json\/wp\/v2\/media?parent=17300"}],"wp:term":[{"taxonomy":"product_brand","embeddable":true,"href":"https:\/\/www.orreke.ee\/en\/wp-json\/wp\/v2\/product_brand?post=17300"},{"taxonomy":"product_cat","embeddable":true,"href":"https:\/\/www.orreke.ee\/en\/wp-json\/wp\/v2\/product_cat?post=17300"},{"taxonomy":"product_tag","embeddable":true,"href":"https:\/\/www.orreke.ee\/en\/wp-json\/wp\/v2\/product_tag?post=17300"}],"curies":[{"name":"wp","href":"https:\/\/api.w.org\/{rel}","templated":true}]}}