{"id":17294,"date":"2022-11-27T11:25:04","date_gmt":"2022-11-27T08:25:04","guid":{"rendered":"https:\/\/www.orreke.ee\/toode\/wooden-car-building-kit-for-three-cars\/"},"modified":"2025-09-24T09:30:46","modified_gmt":"2025-09-24T07:30:46","slug":"three-wooden-car-crafting-kit","status":"publish","type":"product","link":"https:\/\/www.orreke.ee\/en\/toode\/three-wooden-car-crafting-kit\/","title":{"rendered":"Three wooden car craft set"},"content":{"rendered":"<p>A craft kit where you will find the birch plywood pieces to make three cars. A bit of sanding, decorating and skilful assembling and you&#8217;ve got one heck of a machine. <\/p>\n<p>People with reduced work capacity from the Amanita Estonia organization have contributed to the completion of the details.<\/p>\n","protected":false},"excerpt":{"rendered":"<p>In the craft kit you&#8217;ll find: assembling parts for the box, sandpaper for sanding, stick-on beads and a crafting guide. Watch the video tutorial <a href=\"https:\/\/www.orreke.ee\/en\/tutorial-videos\/making-a-wooden-box\/\" target=\"_blank\" rel=\"noopener\">here.<\/a><\/p>\n","protected":false},"featured_media":16790,"template":"","meta":{"_acf_changed":false},"product_brand":[],"product_cat":[367,365],"product_tag":[],"class_list":{"0":"post-17294","1":"product","2":"type-product","3":"status-publish","4":"has-post-thumbnail","6":"product_cat-all","7":"product_cat-with-family","9":"first","10":"instock","11":"taxable","12":"shipping-taxable","13":"purchasable","14":"product-type-simple"},"acf":[],"yoast_head":"<!-- This site is optimized with the Yoast SEO plugin v27.3 - https:\/\/yoast.com\/product\/yoast-seo-wordpress\/ -->\n<title>Three wooden car craft set - \u00d6rreke<\/title>\n<meta name=\"description\" content=\"A masterpiece kit where you&#039;ll find three wooden car parts. A little sanding, decorating and skilful assembly and you&#039;re ready for a fierce car.\" \/>\n<meta name=\"robots\" content=\"index, follow, max-snippet:-1, max-image-preview:large, max-video-preview:-1\" \/>\n<link rel=\"canonical\" href=\"https:\/\/www.orreke.ee\/en\/toode\/three-wooden-car-crafting-kit\/\" \/>\n<meta property=\"og:locale\" content=\"en_US\" \/>\n<meta property=\"og:type\" content=\"article\" \/>\n<meta property=\"og:title\" content=\"Three wooden car craft set - \u00d6rreke\" \/>\n<meta property=\"og:description\" content=\"A masterpiece kit where you&#039;ll find three wooden car parts. A little sanding, decorating and skilful assembly and you&#039;re ready for a fierce car.\" \/>\n<meta property=\"og:url\" content=\"https:\/\/www.orreke.ee\/en\/toode\/three-wooden-car-crafting-kit\/\" \/>\n<meta property=\"og:site_name\" content=\"\u00d6rreke\" \/>\n<meta property=\"article:publisher\" content=\"https:\/\/www.facebook.com\/orreke\/\" \/>\n<meta property=\"article:modified_time\" content=\"2025-09-24T07:30:46+00:00\" \/>\n<meta property=\"og:image\" content=\"https:\/\/www.orreke.ee\/wp-content\/uploads\/2022\/11\/3-autot.jpg\" \/>\n\t<meta property=\"og:image:width\" content=\"900\" \/>\n\t<meta property=\"og:image:height\" content=\"700\" \/>\n\t<meta property=\"og:image:type\" content=\"image\/jpeg\" \/>\n<meta name=\"twitter:card\" content=\"summary_large_image\" \/>\n<script type=\"application\/ld+json\" class=\"yoast-schema-graph\">{\"@context\":\"https:\\\/\\\/schema.org\",\"@graph\":[{\"@type\":\"WebPage\",\"@id\":\"https:\\\/\\\/www.orreke.ee\\\/en\\\/toode\\\/three-wooden-car-crafting-kit\\\/\",\"url\":\"https:\\\/\\\/www.orreke.ee\\\/en\\\/toode\\\/three-wooden-car-crafting-kit\\\/\",\"name\":\"Three wooden car craft set - \u00d6rreke\",\"isPartOf\":{\"@id\":\"https:\\\/\\\/www.orreke.ee\\\/en\\\/#website\"},\"primaryImageOfPage\":{\"@id\":\"https:\\\/\\\/www.orreke.ee\\\/en\\\/toode\\\/three-wooden-car-crafting-kit\\\/#primaryimage\"},\"image\":{\"@id\":\"https:\\\/\\\/www.orreke.ee\\\/en\\\/toode\\\/three-wooden-car-crafting-kit\\\/#primaryimage\"},\"thumbnailUrl\":\"https:\\\/\\\/www.orreke.ee\\\/wp-content\\\/uploads\\\/2022\\\/11\\\/3-autot.jpg\",\"datePublished\":\"2022-11-27T08:25:04+00:00\",\"dateModified\":\"2025-09-24T07:30:46+00:00\",\"description\":\"A masterpiece kit where you'll find three wooden car parts. A little sanding, decorating and skilful assembly and you're ready for a fierce car.\",\"breadcrumb\":{\"@id\":\"https:\\\/\\\/www.orreke.ee\\\/en\\\/toode\\\/three-wooden-car-crafting-kit\\\/#breadcrumb\"},\"inLanguage\":\"en-US\",\"potentialAction\":[{\"@type\":\"ReadAction\",\"target\":[\"https:\\\/\\\/www.orreke.ee\\\/en\\\/toode\\\/three-wooden-car-crafting-kit\\\/\"]}]},{\"@type\":\"ImageObject\",\"inLanguage\":\"en-US\",\"@id\":\"https:\\\/\\\/www.orreke.ee\\\/en\\\/toode\\\/three-wooden-car-crafting-kit\\\/#primaryimage\",\"url\":\"https:\\\/\\\/www.orreke.ee\\\/wp-content\\\/uploads\\\/2022\\\/11\\\/3-autot.jpg\",\"contentUrl\":\"https:\\\/\\\/www.orreke.ee\\\/wp-content\\\/uploads\\\/2022\\\/11\\\/3-autot.jpg\",\"width\":900,\"height\":700},{\"@type\":\"BreadcrumbList\",\"@id\":\"https:\\\/\\\/www.orreke.ee\\\/en\\\/toode\\\/three-wooden-car-crafting-kit\\\/#breadcrumb\",\"itemListElement\":[{\"@type\":\"ListItem\",\"position\":1,\"name\":\"Home\",\"item\":\"https:\\\/\\\/www.orreke.ee\\\/en\\\/homepage\\\/\"},{\"@type\":\"ListItem\",\"position\":2,\"name\":\"Products\",\"item\":\"https:\\\/\\\/www.orreke.ee\\\/en\\\/shop\\\/\"},{\"@type\":\"ListItem\",\"position\":3,\"name\":\"Three wooden car craft set\"}]},{\"@type\":\"WebSite\",\"@id\":\"https:\\\/\\\/www.orreke.ee\\\/en\\\/#website\",\"url\":\"https:\\\/\\\/www.orreke.ee\\\/en\\\/\",\"name\":\"\u00d6rreke\",\"description\":\"Rohkem kui pelgalt k\u00e4sit\u00f6\u00f6!\",\"publisher\":{\"@id\":\"https:\\\/\\\/www.orreke.ee\\\/en\\\/#organization\"},\"alternateName\":\"K\u00e4sit\u00f6\u00f6 \u00f5pitoad\",\"potentialAction\":[{\"@type\":\"SearchAction\",\"target\":{\"@type\":\"EntryPoint\",\"urlTemplate\":\"https:\\\/\\\/www.orreke.ee\\\/en\\\/?s={search_term_string}\"},\"query-input\":{\"@type\":\"PropertyValueSpecification\",\"valueRequired\":true,\"valueName\":\"search_term_string\"}}],\"inLanguage\":\"en-US\"},{\"@type\":\"Organization\",\"@id\":\"https:\\\/\\\/www.orreke.ee\\\/en\\\/#organization\",\"name\":\"\u00d6rreke\",\"alternateName\":\"K\u00e4sit\u00f6\u00f6 \u00f5pitoad Sinu \u00fcritusel\",\"url\":\"https:\\\/\\\/www.orreke.ee\\\/en\\\/\",\"logo\":{\"@type\":\"ImageObject\",\"inLanguage\":\"en-US\",\"@id\":\"https:\\\/\\\/www.orreke.ee\\\/en\\\/#\\\/schema\\\/logo\\\/image\\\/\",\"url\":\"https:\\\/\\\/www.orreke.ee\\\/wp-content\\\/uploads\\\/2024\\\/08\\\/ORREKE.svg\",\"contentUrl\":\"https:\\\/\\\/www.orreke.ee\\\/wp-content\\\/uploads\\\/2024\\\/08\\\/ORREKE.svg\",\"caption\":\"\u00d6rreke\"},\"image\":{\"@id\":\"https:\\\/\\\/www.orreke.ee\\\/en\\\/#\\\/schema\\\/logo\\\/image\\\/\"},\"sameAs\":[\"https:\\\/\\\/www.facebook.com\\\/orreke\\\/\",\"https:\\\/\\\/www.instagram.com\\\/orrekesemeistrikoda\\\/\",\"https:\\\/\\\/www.linkedin.com\\\/company\\\/orrekese-meistrikoda\\\/\"]}]}<\/script>\n<!-- \/ Yoast SEO plugin. -->","yoast_head_json":{"title":"Three wooden car craft set - \u00d6rreke","description":"A masterpiece kit where you'll find three wooden car parts. A little sanding, decorating and skilful assembly and you're ready for a fierce car.","robots":{"index":"index","follow":"follow","max-snippet":"max-snippet:-1","max-image-preview":"max-image-preview:large","max-video-preview":"max-video-preview:-1"},"canonical":"https:\/\/www.orreke.ee\/en\/toode\/three-wooden-car-crafting-kit\/","og_locale":"en_US","og_type":"article","og_title":"Three wooden car craft set - \u00d6rreke","og_description":"A masterpiece kit where you'll find three wooden car parts. A little sanding, decorating and skilful assembly and you're ready for a fierce car.","og_url":"https:\/\/www.orreke.ee\/en\/toode\/three-wooden-car-crafting-kit\/","og_site_name":"\u00d6rreke","article_publisher":"https:\/\/www.facebook.com\/orreke\/","article_modified_time":"2025-09-24T07:30:46+00:00","og_image":[{"width":900,"height":700,"url":"https:\/\/www.orreke.ee\/wp-content\/uploads\/2022\/11\/3-autot.jpg","type":"image\/jpeg"}],"twitter_card":"summary_large_image","schema":{"@context":"https:\/\/schema.org","@graph":[{"@type":"WebPage","@id":"https:\/\/www.orreke.ee\/en\/toode\/three-wooden-car-crafting-kit\/","url":"https:\/\/www.orreke.ee\/en\/toode\/three-wooden-car-crafting-kit\/","name":"Three wooden car craft set - \u00d6rreke","isPartOf":{"@id":"https:\/\/www.orreke.ee\/en\/#website"},"primaryImageOfPage":{"@id":"https:\/\/www.orreke.ee\/en\/toode\/three-wooden-car-crafting-kit\/#primaryimage"},"image":{"@id":"https:\/\/www.orreke.ee\/en\/toode\/three-wooden-car-crafting-kit\/#primaryimage"},"thumbnailUrl":"https:\/\/www.orreke.ee\/wp-content\/uploads\/2022\/11\/3-autot.jpg","datePublished":"2022-11-27T08:25:04+00:00","dateModified":"2025-09-24T07:30:46+00:00","description":"A masterpiece kit where you'll find three wooden car parts. A little sanding, decorating and skilful assembly and you're ready for a fierce car.","breadcrumb":{"@id":"https:\/\/www.orreke.ee\/en\/toode\/three-wooden-car-crafting-kit\/#breadcrumb"},"inLanguage":"en-US","potentialAction":[{"@type":"ReadAction","target":["https:\/\/www.orreke.ee\/en\/toode\/three-wooden-car-crafting-kit\/"]}]},{"@type":"ImageObject","inLanguage":"en-US","@id":"https:\/\/www.orreke.ee\/en\/toode\/three-wooden-car-crafting-kit\/#primaryimage","url":"https:\/\/www.orreke.ee\/wp-content\/uploads\/2022\/11\/3-autot.jpg","contentUrl":"https:\/\/www.orreke.ee\/wp-content\/uploads\/2022\/11\/3-autot.jpg","width":900,"height":700},{"@type":"BreadcrumbList","@id":"https:\/\/www.orreke.ee\/en\/toode\/three-wooden-car-crafting-kit\/#breadcrumb","itemListElement":[{"@type":"ListItem","position":1,"name":"Home","item":"https:\/\/www.orreke.ee\/en\/homepage\/"},{"@type":"ListItem","position":2,"name":"Products","item":"https:\/\/www.orreke.ee\/en\/shop\/"},{"@type":"ListItem","position":3,"name":"Three wooden car craft set"}]},{"@type":"WebSite","@id":"https:\/\/www.orreke.ee\/en\/#website","url":"https:\/\/www.orreke.ee\/en\/","name":"\u00d6rreke","description":"Rohkem kui pelgalt k\u00e4sit\u00f6\u00f6!","publisher":{"@id":"https:\/\/www.orreke.ee\/en\/#organization"},"alternateName":"K\u00e4sit\u00f6\u00f6 \u00f5pitoad","potentialAction":[{"@type":"SearchAction","target":{"@type":"EntryPoint","urlTemplate":"https:\/\/www.orreke.ee\/en\/?s={search_term_string}"},"query-input":{"@type":"PropertyValueSpecification","valueRequired":true,"valueName":"search_term_string"}}],"inLanguage":"en-US"},{"@type":"Organization","@id":"https:\/\/www.orreke.ee\/en\/#organization","name":"\u00d6rreke","alternateName":"K\u00e4sit\u00f6\u00f6 \u00f5pitoad Sinu \u00fcritusel","url":"https:\/\/www.orreke.ee\/en\/","logo":{"@type":"ImageObject","inLanguage":"en-US","@id":"https:\/\/www.orreke.ee\/en\/#\/schema\/logo\/image\/","url":"https:\/\/www.orreke.ee\/wp-content\/uploads\/2024\/08\/ORREKE.svg","contentUrl":"https:\/\/www.orreke.ee\/wp-content\/uploads\/2024\/08\/ORREKE.svg","caption":"\u00d6rreke"},"image":{"@id":"https:\/\/www.orreke.ee\/en\/#\/schema\/logo\/image\/"},"sameAs":["https:\/\/www.facebook.com\/orreke\/","https:\/\/www.instagram.com\/orrekesemeistrikoda\/","https:\/\/www.linkedin.com\/company\/orrekese-meistrikoda\/"]}]}},"_links":{"self":[{"href":"https:\/\/www.orreke.ee\/en\/wp-json\/wp\/v2\/product\/17294","targetHints":{"allow":["GET"]}}],"collection":[{"href":"https:\/\/www.orreke.ee\/en\/wp-json\/wp\/v2\/product"}],"about":[{"href":"https:\/\/www.orreke.ee\/en\/wp-json\/wp\/v2\/types\/product"}],"wp:featuredmedia":[{"embeddable":true,"href":"https:\/\/www.orreke.ee\/en\/wp-json\/wp\/v2\/media\/16790"}],"wp:attachment":[{"href":"https:\/\/www.orreke.ee\/en\/wp-json\/wp\/v2\/media?parent=17294"}],"wp:term":[{"taxonomy":"product_brand","embeddable":true,"href":"https:\/\/www.orreke.ee\/en\/wp-json\/wp\/v2\/product_brand?post=17294"},{"taxonomy":"product_cat","embeddable":true,"href":"https:\/\/www.orreke.ee\/en\/wp-json\/wp\/v2\/product_cat?post=17294"},{"taxonomy":"product_tag","embeddable":true,"href":"https:\/\/www.orreke.ee\/en\/wp-json\/wp\/v2\/product_tag?post=17294"}],"curies":[{"name":"wp","href":"https:\/\/api.w.org\/{rel}","templated":true}]}}