{"id":17122,"date":"2024-08-05T14:50:53","date_gmt":"2024-08-05T12:50:53","guid":{"rendered":"https:\/\/www.orreke.ee\/blog\/"},"modified":"2026-03-09T12:37:52","modified_gmt":"2026-03-09T10:37:52","slug":"blog","status":"publish","type":"page","link":"https:\/\/www.orreke.ee\/en\/blog\/","title":{"rendered":"Blog"},"content":{"rendered":"\t\t<div data-elementor-type=\"wp-page\" data-elementor-id=\"17122\" class=\"elementor elementor-17122 elementor-989\" data-elementor-post-type=\"page\">\n\t\t\t\t<div class=\"elementor-element elementor-element-8627b48 e-flex e-con-boxed e-con e-parent\" data-id=\"8627b48\" data-element_type=\"container\" data-e-type=\"container\">\n\t\t\t\t\t<div class=\"e-con-inner\">\n\t\t\t\t<div class=\"elementor-element elementor-element-6cd0d3e elementor-widget elementor-widget-spacer\" data-id=\"6cd0d3e\" data-element_type=\"widget\" data-e-type=\"widget\" data-widget_type=\"spacer.default\">\n\t\t\t\t<div class=\"elementor-widget-container\">\n\t\t\t\t\t\t\t<div class=\"elementor-spacer\">\n\t\t\t<div class=\"elementor-spacer-inner\"><\/div>\n\t\t<\/div>\n\t\t\t\t\t\t<\/div>\n\t\t\t\t<\/div>\n\t\t\t\t<div class=\"elementor-element elementor-element-73ddfd1 elementor-widget elementor-widget-heading\" data-id=\"73ddfd1\" data-element_type=\"widget\" data-e-type=\"widget\" data-widget_type=\"heading.default\">\n\t\t\t\t<div class=\"elementor-widget-container\">\n\t\t\t\t\t<h2 class=\"elementor-heading-title elementor-size-default\">\u00d6rreke blog<\/h2>\t\t\t\t<\/div>\n\t\t\t\t<\/div>\n\t\t\t\t<div class=\"elementor-element elementor-element-a56d2d0 elementor-widget__width-initial elementor-widget elementor-widget-text-editor\" data-id=\"a56d2d0\" data-element_type=\"widget\" data-e-type=\"widget\" data-widget_type=\"text-editor.default\">\n\t\t\t\t<div class=\"elementor-widget-container\">\n\t\t\t\t\t\t\t\t\t<p>We collect various crafts on the \u00d6rrekes blog that you can easily do at home, as well as more general stories about crafts, materials, creativity, and how these crafts came to \u00d6rrekes.<\/p>\t\t\t\t\t\t\t\t<\/div>\n\t\t\t\t<\/div>\n\t\t\t\t<div class=\"elementor-element elementor-element-d4d1a77 elementor-widget elementor-widget-spacer\" data-id=\"d4d1a77\" data-element_type=\"widget\" data-e-type=\"widget\" data-widget_type=\"spacer.default\">\n\t\t\t\t<div class=\"elementor-widget-container\">\n\t\t\t\t\t\t\t<div class=\"elementor-spacer\">\n\t\t\t<div class=\"elementor-spacer-inner\"><\/div>\n\t\t<\/div>\n\t\t\t\t\t\t<\/div>\n\t\t\t\t<\/div>\n\t\t\t\t<div class=\"elementor-element elementor-element-e433e9b elementor-posts--align-left elementor-grid-2 elementor-grid-tablet-2 elementor-grid-mobile-1 elementor-posts--thumbnail-top elementor-widget elementor-widget-posts\" data-id=\"e433e9b\" data-element_type=\"widget\" data-e-type=\"widget\" data-settings=\"{&quot;classic_row_gap&quot;:{&quot;unit&quot;:&quot;px&quot;,&quot;size&quot;:20,&quot;sizes&quot;:[]},&quot;pagination_type&quot;:&quot;load_more_infinite_scroll&quot;,&quot;classic_columns&quot;:&quot;2&quot;,&quot;classic_columns_tablet&quot;:&quot;2&quot;,&quot;classic_columns_mobile&quot;:&quot;1&quot;,&quot;classic_row_gap_tablet&quot;:{&quot;unit&quot;:&quot;px&quot;,&quot;size&quot;:&quot;&quot;,&quot;sizes&quot;:[]},&quot;classic_row_gap_mobile&quot;:{&quot;unit&quot;:&quot;px&quot;,&quot;size&quot;:&quot;&quot;,&quot;sizes&quot;:[]},&quot;load_more_spinner&quot;:{&quot;value&quot;:&quot;fas fa-spinner&quot;,&quot;library&quot;:&quot;fa-solid&quot;}}\" data-widget_type=\"posts.classic\">\n\t\t\t\t<div class=\"elementor-widget-container\">\n\t\t\t\t\t\t\t<div class=\"elementor-posts-container elementor-posts elementor-posts--skin-classic elementor-grid\" role=\"list\">\n\t\t\t\t<article class=\"elementor-post elementor-grid-item post-18768 post type-post status-publish format-standard has-post-thumbnail hentry category-uncategorized\" role=\"listitem\">\n\t\t\t\t<a class=\"elementor-post__thumbnail__link\" href=\"https:\/\/www.orreke.ee\/en\/lighter-strips-made-from-candle-wastes\/\" tabindex=\"-1\" >\n\t\t\t<div class=\"elementor-post__thumbnail\"><img fetchpriority=\"high\" decoding=\"async\" width=\"900\" height=\"700\" src=\"https:\/\/www.orreke.ee\/wp-content\/uploads\/2025\/01\/6rrek20nov_030-E.jpg\" class=\"attachment-full size-full wp-image-17890\" alt=\"\" srcset=\"https:\/\/www.orreke.ee\/wp-content\/uploads\/2025\/01\/6rrek20nov_030-E.jpg 900w, https:\/\/www.orreke.ee\/wp-content\/uploads\/2025\/01\/6rrek20nov_030-E-300x233.jpg 300w, https:\/\/www.orreke.ee\/wp-content\/uploads\/2025\/01\/6rrek20nov_030-E-768x597.jpg 768w\" sizes=\"(max-width: 900px) 100vw, 900px\" \/><\/div>\n\t\t<\/a>\n\t\t\t\t<div class=\"elementor-post__text\">\n\t\t\t\t<h2 class=\"elementor-post__title\">\n\t\t\t<a href=\"https:\/\/www.orreke.ee\/en\/lighter-strips-made-from-candle-wastes\/\" >\n\t\t\t\tEco-life workshop 5, lighter strips made from candle wastes\t\t\t<\/a>\n\t\t<\/h2>\n\t\t\n\t\t<a class=\"elementor-post__read-more\" href=\"https:\/\/www.orreke.ee\/en\/lighter-strips-made-from-candle-wastes\/\" aria-label=\"Read more about Eco-life workshop 5, lighter strips made from candle wastes\" tabindex=\"-1\" >\n\t\t\tRead More \u00bb\t\t<\/a>\n\n\t\t\t\t<\/div>\n\t\t\t\t<\/article>\n\t\t\t\t<article class=\"elementor-post elementor-grid-item post-17374 post type-post status-publish format-standard has-post-thumbnail hentry category-eco-life-workshops tag-desovar tag-eco-living-workshop\" role=\"listitem\">\n\t\t\t\t<a class=\"elementor-post__thumbnail__link\" href=\"https:\/\/www.orreke.ee\/en\/eco-life-workshop-4-home-cleaning-products\/\" tabindex=\"-1\" >\n\t\t\t<div class=\"elementor-post__thumbnail\"><img decoding=\"async\" width=\"900\" height=\"700\" src=\"https:\/\/www.orreke.ee\/wp-content\/uploads\/2019\/02\/IMG_8853.jpg\" class=\"attachment-full size-full wp-image-16473\" alt=\"\" srcset=\"https:\/\/www.orreke.ee\/wp-content\/uploads\/2019\/02\/IMG_8853.jpg 900w, https:\/\/www.orreke.ee\/wp-content\/uploads\/2019\/02\/IMG_8853-300x233.jpg 300w, https:\/\/www.orreke.ee\/wp-content\/uploads\/2019\/02\/IMG_8853-768x597.jpg 768w\" sizes=\"(max-width: 900px) 100vw, 900px\" \/><\/div>\n\t\t<\/a>\n\t\t\t\t<div class=\"elementor-post__text\">\n\t\t\t\t<h2 class=\"elementor-post__title\">\n\t\t\t<a href=\"https:\/\/www.orreke.ee\/en\/eco-life-workshop-4-home-cleaning-products\/\" >\n\t\t\t\tEco-life workshop 4, Home cleaning products\t\t\t<\/a>\n\t\t<\/h2>\n\t\t\n\t\t<a class=\"elementor-post__read-more\" href=\"https:\/\/www.orreke.ee\/en\/eco-life-workshop-4-home-cleaning-products\/\" aria-label=\"Read more about Eco-life workshop 4, Home cleaning products\" tabindex=\"-1\" >\n\t\t\tRead More \u00bb\t\t<\/a>\n\n\t\t\t\t<\/div>\n\t\t\t\t<\/article>\n\t\t\t\t<article class=\"elementor-post elementor-grid-item post-17373 post type-post status-publish format-standard has-post-thumbnail hentry category-uncategorized\" role=\"listitem\">\n\t\t\t\t<a class=\"elementor-post__thumbnail__link\" href=\"https:\/\/www.orreke.ee\/en\/marzipan-and-easter\/\" tabindex=\"-1\" >\n\t\t\t<div class=\"elementor-post__thumbnail\"><img decoding=\"async\" width=\"900\" height=\"600\" src=\"https:\/\/www.orreke.ee\/wp-content\/uploads\/2020\/04\/Pg1403-0080.jpg\" class=\"attachment-full size-full wp-image-17053\" alt=\"\" srcset=\"https:\/\/www.orreke.ee\/wp-content\/uploads\/2020\/04\/Pg1403-0080.jpg 900w, https:\/\/www.orreke.ee\/wp-content\/uploads\/2020\/04\/Pg1403-0080-300x200.jpg 300w, https:\/\/www.orreke.ee\/wp-content\/uploads\/2020\/04\/Pg1403-0080-768x512.jpg 768w\" sizes=\"(max-width: 900px) 100vw, 900px\" \/><\/div>\n\t\t<\/a>\n\t\t\t\t<div class=\"elementor-post__text\">\n\t\t\t\t<h2 class=\"elementor-post__title\">\n\t\t\t<a href=\"https:\/\/www.orreke.ee\/en\/marzipan-and-easter\/\" >\n\t\t\t\tMarzipan and Easter\t\t\t<\/a>\n\t\t<\/h2>\n\t\t\n\t\t<a class=\"elementor-post__read-more\" href=\"https:\/\/www.orreke.ee\/en\/marzipan-and-easter\/\" aria-label=\"Read more about Marzipan and Easter\" tabindex=\"-1\" >\n\t\t\tRead More \u00bb\t\t<\/a>\n\n\t\t\t\t<\/div>\n\t\t\t\t<\/article>\n\t\t\t\t<article class=\"elementor-post elementor-grid-item post-17375 post type-post status-publish format-standard has-post-thumbnail hentry category-eco-life-workshops tag-eco-living-workshop\" role=\"listitem\">\n\t\t\t\t<a class=\"elementor-post__thumbnail__link\" href=\"https:\/\/www.orreke.ee\/en\/eco-life-workshop-3-homemade-deodorant\/\" tabindex=\"-1\" >\n\t\t\t<div class=\"elementor-post__thumbnail\"><img loading=\"lazy\" decoding=\"async\" width=\"900\" height=\"700\" src=\"https:\/\/www.orreke.ee\/wp-content\/uploads\/2019\/11\/deodorant-1.jpg\" class=\"attachment-full size-full wp-image-16659\" alt=\"Eesti k\u00e4sit\u00f6\u00f6\" srcset=\"https:\/\/www.orreke.ee\/wp-content\/uploads\/2019\/11\/deodorant-1.jpg 900w, https:\/\/www.orreke.ee\/wp-content\/uploads\/2019\/11\/deodorant-1-300x233.jpg 300w, https:\/\/www.orreke.ee\/wp-content\/uploads\/2019\/11\/deodorant-1-768x597.jpg 768w\" sizes=\"(max-width: 900px) 100vw, 900px\" \/><\/div>\n\t\t<\/a>\n\t\t\t\t<div class=\"elementor-post__text\">\n\t\t\t\t<h2 class=\"elementor-post__title\">\n\t\t\t<a href=\"https:\/\/www.orreke.ee\/en\/eco-life-workshop-3-homemade-deodorant\/\" >\n\t\t\t\tEco-life workshop 3, homemade deodorant\t\t\t<\/a>\n\t\t<\/h2>\n\t\t\n\t\t<a class=\"elementor-post__read-more\" href=\"https:\/\/www.orreke.ee\/en\/eco-life-workshop-3-homemade-deodorant\/\" aria-label=\"Read more about Eco-life workshop 3, homemade deodorant\" tabindex=\"-1\" >\n\t\t\tRead More \u00bb\t\t<\/a>\n\n\t\t\t\t<\/div>\n\t\t\t\t<\/article>\n\t\t\t\t<article class=\"elementor-post elementor-grid-item post-17377 post type-post status-publish format-standard has-post-thumbnail hentry category-eco-life-workshops\" role=\"listitem\">\n\t\t\t\t<a class=\"elementor-post__thumbnail__link\" href=\"https:\/\/www.orreke.ee\/en\/eco-life-workshop-2-homemade-hand-cream\/\" tabindex=\"-1\" >\n\t\t\t<div class=\"elementor-post__thumbnail\"><img loading=\"lazy\" decoding=\"async\" width=\"800\" height=\"533\" src=\"https:\/\/www.orreke.ee\/wp-content\/uploads\/2024\/08\/Or2003_059-e1599816041168.jpg\" class=\"attachment-full size-full wp-image-16958\" alt=\"\" srcset=\"https:\/\/www.orreke.ee\/wp-content\/uploads\/2024\/08\/Or2003_059-e1599816041168.jpg 800w, https:\/\/www.orreke.ee\/wp-content\/uploads\/2024\/08\/Or2003_059-e1599816041168-300x200.jpg 300w, https:\/\/www.orreke.ee\/wp-content\/uploads\/2024\/08\/Or2003_059-e1599816041168-768x512.jpg 768w\" sizes=\"(max-width: 800px) 100vw, 800px\" \/><\/div>\n\t\t<\/a>\n\t\t\t\t<div class=\"elementor-post__text\">\n\t\t\t\t<h2 class=\"elementor-post__title\">\n\t\t\t<a href=\"https:\/\/www.orreke.ee\/en\/eco-life-workshop-2-homemade-hand-cream\/\" >\n\t\t\t\tEco-life workshop 2, homemade hand cream\t\t\t<\/a>\n\t\t<\/h2>\n\t\t\n\t\t<a class=\"elementor-post__read-more\" href=\"https:\/\/www.orreke.ee\/en\/eco-life-workshop-2-homemade-hand-cream\/\" aria-label=\"Read more about Eco-life workshop 2, homemade hand cream\" tabindex=\"-1\" >\n\t\t\tRead More \u00bb\t\t<\/a>\n\n\t\t\t\t<\/div>\n\t\t\t\t<\/article>\n\t\t\t\t<article class=\"elementor-post elementor-grid-item post-17379 post type-post status-publish format-standard has-post-thumbnail hentry category-eco-life-workshops tag-eco-living-workshop\" role=\"listitem\">\n\t\t\t\t<a class=\"elementor-post__thumbnail__link\" href=\"https:\/\/www.orreke.ee\/en\/eco-life-workshop-1-making-a-hand-sanitiser\/\" tabindex=\"-1\" >\n\t\t\t<div class=\"elementor-post__thumbnail\"><img loading=\"lazy\" decoding=\"async\" width=\"514\" height=\"386\" src=\"https:\/\/www.orreke.ee\/wp-content\/uploads\/2022\/12\/9d184c_0c9c86fb34e7436c97dc9b7d23657a2bmv2.webp\" class=\"attachment-full size-full wp-image-16973\" alt=\"\" srcset=\"https:\/\/www.orreke.ee\/wp-content\/uploads\/2022\/12\/9d184c_0c9c86fb34e7436c97dc9b7d23657a2bmv2.webp 514w, https:\/\/www.orreke.ee\/wp-content\/uploads\/2022\/12\/9d184c_0c9c86fb34e7436c97dc9b7d23657a2bmv2-300x225.webp 300w, https:\/\/www.orreke.ee\/wp-content\/uploads\/2022\/12\/9d184c_0c9c86fb34e7436c97dc9b7d23657a2bmv2-510x382.webp 510w\" sizes=\"(max-width: 514px) 100vw, 514px\" \/><\/div>\n\t\t<\/a>\n\t\t\t\t<div class=\"elementor-post__text\">\n\t\t\t\t<h2 class=\"elementor-post__title\">\n\t\t\t<a href=\"https:\/\/www.orreke.ee\/en\/eco-life-workshop-1-making-a-hand-sanitiser\/\" >\n\t\t\t\tEco-life workshop 1, making a hand sanitiser\t\t\t<\/a>\n\t\t<\/h2>\n\t\t\n\t\t<a class=\"elementor-post__read-more\" href=\"https:\/\/www.orreke.ee\/en\/eco-life-workshop-1-making-a-hand-sanitiser\/\" aria-label=\"Read more about Eco-life workshop 1, making a hand sanitiser\" tabindex=\"-1\" >\n\t\t\tRead More \u00bb\t\t<\/a>\n\n\t\t\t\t<\/div>\n\t\t\t\t<\/article>\n\t\t\t\t<\/div>\n\t\t\t\t\t<span class=\"e-load-more-spinner\">\n\t\t\t\t<svg aria-hidden=\"true\" class=\"e-font-icon-svg e-fas-spinner\" viewBox=\"0 0 512 512\" xmlns=\"http:\/\/www.w3.org\/2000\/svg\"><path d=\"M304 48c0 26.51-21.49 48-48 48s-48-21.49-48-48 21.49-48 48-48 48 21.49 48 48zm-48 368c-26.51 0-48 21.49-48 48s21.49 48 48 48 48-21.49 48-48-21.49-48-48-48zm208-208c-26.51 0-48 21.49-48 48s21.49 48 48 48 48-21.49 48-48-21.49-48-48-48zM96 256c0-26.51-21.49-48-48-48S0 229.49 0 256s21.49 48 48 48 48-21.49 48-48zm12.922 99.078c-26.51 0-48 21.49-48 48s21.49 48 48 48 48-21.49 48-48c0-26.509-21.491-48-48-48zm294.156 0c-26.51 0-48 21.49-48 48s21.49 48 48 48 48-21.49 48-48c0-26.509-21.49-48-48-48zM108.922 60.922c-26.51 0-48 21.49-48 48s21.49 48 48 48 48-21.49 48-48-21.491-48-48-48z\"><\/path><\/svg>\t\t\t<\/span>\n\t\t\n\t\t\t\t<div class=\"e-load-more-anchor\" data-page=\"1\" data-max-page=\"3\" data-next-page=\"https:\/\/www.orreke.ee\/en\/wp-json\/wp\/v2\/pages\/17122\/page\/2\/\"><\/div>\n\t\t\t\t<div class=\"e-load-more-message\"><\/div>\n\t\t\t\t\t\t<\/div>\n\t\t\t\t<\/div>\n\t\t\t\t\t<\/div>\n\t\t\t\t<\/div>\n\t\t\t\t<\/div>\n\t\t","protected":false},"excerpt":{"rendered":"<p>\u00d6rreke blog We collect various crafts on the \u00d6rrekes blog that you can easily do at home, as well as more general stories about crafts,<\/p>\n","protected":false},"author":1,"featured_media":17017,"parent":0,"menu_order":0,"comment_status":"closed","ping_status":"closed","template":"","meta":{"_acf_changed":false,"footnotes":""},"class_list":["post-17122","page","type-page","status-publish","has-post-thumbnail","hentry"],"acf":[],"yoast_head":"<!-- This site is optimized with the Yoast SEO plugin v27.4 - https:\/\/yoast.com\/product\/yoast-seo-wordpress\/ -->\n<title>\u00d6rreke Blog - Stories about crafts and everything related to crafts<\/title>\n<meta name=\"description\" content=\"\u00d6rrekes&#039; blog is about self-made crafts, more general stories about crafts, materials and how these crafts got to \u00d6rrekes.\" \/>\n<meta name=\"robots\" content=\"index, follow, max-snippet:-1, max-image-preview:large, max-video-preview:-1\" \/>\n<link rel=\"canonical\" href=\"https:\/\/www.orreke.ee\/en\/blog\/\" \/>\n<meta property=\"og:locale\" content=\"en_US\" \/>\n<meta property=\"og:type\" content=\"article\" \/>\n<meta property=\"og:title\" content=\"\u00d6rreke Blog - Stories about crafts and everything related to crafts\" \/>\n<meta property=\"og:description\" content=\"\u00d6rrekes&#039; blog is about self-made crafts, more general stories about crafts, materials and how these crafts got to \u00d6rrekes.\" \/>\n<meta property=\"og:url\" content=\"https:\/\/www.orreke.ee\/en\/blog\/\" \/>\n<meta property=\"og:site_name\" content=\"\u00d6rreke\" \/>\n<meta property=\"article:publisher\" content=\"https:\/\/www.facebook.com\/orreke\/\" \/>\n<meta property=\"article:modified_time\" content=\"2026-03-09T10:37:52+00:00\" \/>\n<meta property=\"og:image\" content=\"https:\/\/www.orreke.ee\/wp-content\/uploads\/2024\/09\/Uusdisaini-opituba-3-scaled-e1727007375782.jpg\" \/>\n\t<meta property=\"og:image:width\" content=\"1920\" \/>\n\t<meta property=\"og:image:height\" content=\"961\" \/>\n\t<meta property=\"og:image:type\" content=\"image\/jpeg\" \/>\n<meta name=\"twitter:card\" content=\"summary_large_image\" \/>\n<script type=\"application\/ld+json\" class=\"yoast-schema-graph\">{\"@context\":\"https:\\\/\\\/schema.org\",\"@graph\":[{\"@type\":\"WebPage\",\"@id\":\"https:\\\/\\\/www.orreke.ee\\\/en\\\/blog\\\/\",\"url\":\"https:\\\/\\\/www.orreke.ee\\\/en\\\/blog\\\/\",\"name\":\"\u00d6rreke Blog - Stories about crafts and everything related to crafts\",\"isPartOf\":{\"@id\":\"https:\\\/\\\/www.orreke.ee\\\/en\\\/#website\"},\"primaryImageOfPage\":{\"@id\":\"https:\\\/\\\/www.orreke.ee\\\/en\\\/blog\\\/#primaryimage\"},\"image\":{\"@id\":\"https:\\\/\\\/www.orreke.ee\\\/en\\\/blog\\\/#primaryimage\"},\"thumbnailUrl\":\"https:\\\/\\\/www.orreke.ee\\\/wp-content\\\/uploads\\\/2024\\\/09\\\/Uusdisaini-opituba-3-scaled-e1727007375782.jpg\",\"datePublished\":\"2024-08-05T12:50:53+00:00\",\"dateModified\":\"2026-03-09T10:37:52+00:00\",\"description\":\"\u00d6rrekes' blog is about self-made crafts, more general stories about crafts, materials and how these crafts got to \u00d6rrekes.\",\"breadcrumb\":{\"@id\":\"https:\\\/\\\/www.orreke.ee\\\/en\\\/blog\\\/#breadcrumb\"},\"inLanguage\":\"en-US\",\"potentialAction\":[{\"@type\":\"ReadAction\",\"target\":[\"https:\\\/\\\/www.orreke.ee\\\/en\\\/blog\\\/\"]}]},{\"@type\":\"ImageObject\",\"inLanguage\":\"en-US\",\"@id\":\"https:\\\/\\\/www.orreke.ee\\\/en\\\/blog\\\/#primaryimage\",\"url\":\"https:\\\/\\\/www.orreke.ee\\\/wp-content\\\/uploads\\\/2024\\\/09\\\/Uusdisaini-opituba-3-scaled-e1727007375782.jpg\",\"contentUrl\":\"https:\\\/\\\/www.orreke.ee\\\/wp-content\\\/uploads\\\/2024\\\/09\\\/Uusdisaini-opituba-3-scaled-e1727007375782.jpg\",\"width\":1920,\"height\":961},{\"@type\":\"BreadcrumbList\",\"@id\":\"https:\\\/\\\/www.orreke.ee\\\/en\\\/blog\\\/#breadcrumb\",\"itemListElement\":[{\"@type\":\"ListItem\",\"position\":1,\"name\":\"Home\",\"item\":\"https:\\\/\\\/www.orreke.ee\\\/en\\\/homepage\\\/\"},{\"@type\":\"ListItem\",\"position\":2,\"name\":\"Blog\"}]},{\"@type\":\"WebSite\",\"@id\":\"https:\\\/\\\/www.orreke.ee\\\/en\\\/#website\",\"url\":\"https:\\\/\\\/www.orreke.ee\\\/en\\\/\",\"name\":\"\u00d6rreke\",\"description\":\"Rohkem kui pelgalt k\u00e4sit\u00f6\u00f6!\",\"publisher\":{\"@id\":\"https:\\\/\\\/www.orreke.ee\\\/en\\\/#organization\"},\"alternateName\":\"K\u00e4sit\u00f6\u00f6 \u00f5pitoad\",\"potentialAction\":[{\"@type\":\"SearchAction\",\"target\":{\"@type\":\"EntryPoint\",\"urlTemplate\":\"https:\\\/\\\/www.orreke.ee\\\/en\\\/?s={search_term_string}\"},\"query-input\":{\"@type\":\"PropertyValueSpecification\",\"valueRequired\":true,\"valueName\":\"search_term_string\"}}],\"inLanguage\":\"en-US\"},{\"@type\":\"Organization\",\"@id\":\"https:\\\/\\\/www.orreke.ee\\\/en\\\/#organization\",\"name\":\"\u00d6rreke\",\"alternateName\":\"K\u00e4sit\u00f6\u00f6 \u00f5pitoad Sinu \u00fcritusel\",\"url\":\"https:\\\/\\\/www.orreke.ee\\\/en\\\/\",\"logo\":{\"@type\":\"ImageObject\",\"inLanguage\":\"en-US\",\"@id\":\"https:\\\/\\\/www.orreke.ee\\\/en\\\/#\\\/schema\\\/logo\\\/image\\\/\",\"url\":\"https:\\\/\\\/www.orreke.ee\\\/wp-content\\\/uploads\\\/2024\\\/08\\\/ORREKE.svg\",\"contentUrl\":\"https:\\\/\\\/www.orreke.ee\\\/wp-content\\\/uploads\\\/2024\\\/08\\\/ORREKE.svg\",\"caption\":\"\u00d6rreke\"},\"image\":{\"@id\":\"https:\\\/\\\/www.orreke.ee\\\/en\\\/#\\\/schema\\\/logo\\\/image\\\/\"},\"sameAs\":[\"https:\\\/\\\/www.facebook.com\\\/orreke\\\/\",\"https:\\\/\\\/www.instagram.com\\\/orrekesemeistrikoda\\\/\",\"https:\\\/\\\/www.linkedin.com\\\/company\\\/orrekese-meistrikoda\\\/\"]}]}<\/script>\n<!-- \/ Yoast SEO plugin. -->","yoast_head_json":{"title":"\u00d6rreke Blog - Stories about crafts and everything related to crafts","description":"\u00d6rrekes' blog is about self-made crafts, more general stories about crafts, materials and how these crafts got to \u00d6rrekes.","robots":{"index":"index","follow":"follow","max-snippet":"max-snippet:-1","max-image-preview":"max-image-preview:large","max-video-preview":"max-video-preview:-1"},"canonical":"https:\/\/www.orreke.ee\/en\/blog\/","og_locale":"en_US","og_type":"article","og_title":"\u00d6rreke Blog - Stories about crafts and everything related to crafts","og_description":"\u00d6rrekes' blog is about self-made crafts, more general stories about crafts, materials and how these crafts got to \u00d6rrekes.","og_url":"https:\/\/www.orreke.ee\/en\/blog\/","og_site_name":"\u00d6rreke","article_publisher":"https:\/\/www.facebook.com\/orreke\/","article_modified_time":"2026-03-09T10:37:52+00:00","og_image":[{"width":1920,"height":961,"url":"https:\/\/www.orreke.ee\/wp-content\/uploads\/2024\/09\/Uusdisaini-opituba-3-scaled-e1727007375782.jpg","type":"image\/jpeg"}],"twitter_card":"summary_large_image","schema":{"@context":"https:\/\/schema.org","@graph":[{"@type":"WebPage","@id":"https:\/\/www.orreke.ee\/en\/blog\/","url":"https:\/\/www.orreke.ee\/en\/blog\/","name":"\u00d6rreke Blog - Stories about crafts and everything related to crafts","isPartOf":{"@id":"https:\/\/www.orreke.ee\/en\/#website"},"primaryImageOfPage":{"@id":"https:\/\/www.orreke.ee\/en\/blog\/#primaryimage"},"image":{"@id":"https:\/\/www.orreke.ee\/en\/blog\/#primaryimage"},"thumbnailUrl":"https:\/\/www.orreke.ee\/wp-content\/uploads\/2024\/09\/Uusdisaini-opituba-3-scaled-e1727007375782.jpg","datePublished":"2024-08-05T12:50:53+00:00","dateModified":"2026-03-09T10:37:52+00:00","description":"\u00d6rrekes' blog is about self-made crafts, more general stories about crafts, materials and how these crafts got to \u00d6rrekes.","breadcrumb":{"@id":"https:\/\/www.orreke.ee\/en\/blog\/#breadcrumb"},"inLanguage":"en-US","potentialAction":[{"@type":"ReadAction","target":["https:\/\/www.orreke.ee\/en\/blog\/"]}]},{"@type":"ImageObject","inLanguage":"en-US","@id":"https:\/\/www.orreke.ee\/en\/blog\/#primaryimage","url":"https:\/\/www.orreke.ee\/wp-content\/uploads\/2024\/09\/Uusdisaini-opituba-3-scaled-e1727007375782.jpg","contentUrl":"https:\/\/www.orreke.ee\/wp-content\/uploads\/2024\/09\/Uusdisaini-opituba-3-scaled-e1727007375782.jpg","width":1920,"height":961},{"@type":"BreadcrumbList","@id":"https:\/\/www.orreke.ee\/en\/blog\/#breadcrumb","itemListElement":[{"@type":"ListItem","position":1,"name":"Home","item":"https:\/\/www.orreke.ee\/en\/homepage\/"},{"@type":"ListItem","position":2,"name":"Blog"}]},{"@type":"WebSite","@id":"https:\/\/www.orreke.ee\/en\/#website","url":"https:\/\/www.orreke.ee\/en\/","name":"\u00d6rreke","description":"Rohkem kui pelgalt k\u00e4sit\u00f6\u00f6!","publisher":{"@id":"https:\/\/www.orreke.ee\/en\/#organization"},"alternateName":"K\u00e4sit\u00f6\u00f6 \u00f5pitoad","potentialAction":[{"@type":"SearchAction","target":{"@type":"EntryPoint","urlTemplate":"https:\/\/www.orreke.ee\/en\/?s={search_term_string}"},"query-input":{"@type":"PropertyValueSpecification","valueRequired":true,"valueName":"search_term_string"}}],"inLanguage":"en-US"},{"@type":"Organization","@id":"https:\/\/www.orreke.ee\/en\/#organization","name":"\u00d6rreke","alternateName":"K\u00e4sit\u00f6\u00f6 \u00f5pitoad Sinu \u00fcritusel","url":"https:\/\/www.orreke.ee\/en\/","logo":{"@type":"ImageObject","inLanguage":"en-US","@id":"https:\/\/www.orreke.ee\/en\/#\/schema\/logo\/image\/","url":"https:\/\/www.orreke.ee\/wp-content\/uploads\/2024\/08\/ORREKE.svg","contentUrl":"https:\/\/www.orreke.ee\/wp-content\/uploads\/2024\/08\/ORREKE.svg","caption":"\u00d6rreke"},"image":{"@id":"https:\/\/www.orreke.ee\/en\/#\/schema\/logo\/image\/"},"sameAs":["https:\/\/www.facebook.com\/orreke\/","https:\/\/www.instagram.com\/orrekesemeistrikoda\/","https:\/\/www.linkedin.com\/company\/orrekese-meistrikoda\/"]}]}},"_links":{"self":[{"href":"https:\/\/www.orreke.ee\/en\/wp-json\/wp\/v2\/pages\/17122","targetHints":{"allow":["GET"]}}],"collection":[{"href":"https:\/\/www.orreke.ee\/en\/wp-json\/wp\/v2\/pages"}],"about":[{"href":"https:\/\/www.orreke.ee\/en\/wp-json\/wp\/v2\/types\/page"}],"author":[{"embeddable":true,"href":"https:\/\/www.orreke.ee\/en\/wp-json\/wp\/v2\/users\/1"}],"replies":[{"embeddable":true,"href":"https:\/\/www.orreke.ee\/en\/wp-json\/wp\/v2\/comments?post=17122"}],"version-history":[{"count":3,"href":"https:\/\/www.orreke.ee\/en\/wp-json\/wp\/v2\/pages\/17122\/revisions"}],"predecessor-version":[{"id":20008,"href":"https:\/\/www.orreke.ee\/en\/wp-json\/wp\/v2\/pages\/17122\/revisions\/20008"}],"wp:featuredmedia":[{"embeddable":true,"href":"https:\/\/www.orreke.ee\/en\/wp-json\/wp\/v2\/media\/17017"}],"wp:attachment":[{"href":"https:\/\/www.orreke.ee\/en\/wp-json\/wp\/v2\/media?parent=17122"}],"curies":[{"name":"wp","href":"https:\/\/api.w.org\/{rel}","templated":true}]}}