{"id":17093,"date":"2024-09-15T16:49:26","date_gmt":"2024-09-15T13:49:26","guid":{"rendered":"https:\/\/www.orreke.ee\/privacy-policy\/"},"modified":"2024-10-10T22:41:44","modified_gmt":"2024-10-10T19:41:44","slug":"privacy-policy","status":"publish","type":"page","link":"https:\/\/www.orreke.ee\/en\/privacy-policy\/","title":{"rendered":"Privacy policy"},"content":{"rendered":"\t\t<div data-elementor-type=\"wp-page\" data-elementor-id=\"17093\" class=\"elementor elementor-17093 elementor-15023\" data-elementor-post-type=\"page\">\n\t\t\t\t<div class=\"elementor-element elementor-element-d32a46c e-flex e-con-boxed e-con e-parent\" data-id=\"d32a46c\" data-element_type=\"container\" data-e-type=\"container\">\n\t\t\t\t\t<div class=\"e-con-inner\">\n\t\t\t\t<div class=\"elementor-element elementor-element-908049b elementor-widget elementor-widget-spacer\" data-id=\"908049b\" data-element_type=\"widget\" data-e-type=\"widget\" data-widget_type=\"spacer.default\">\n\t\t\t\t<div class=\"elementor-widget-container\">\n\t\t\t\t\t\t\t<div class=\"elementor-spacer\">\n\t\t\t<div class=\"elementor-spacer-inner\"><\/div>\n\t\t<\/div>\n\t\t\t\t\t\t<\/div>\n\t\t\t\t<\/div>\n\t\t\t\t<div class=\"elementor-element elementor-element-1a21cb4 elementor-widget elementor-widget-heading\" data-id=\"1a21cb4\" data-element_type=\"widget\" data-e-type=\"widget\" data-widget_type=\"heading.default\">\n\t\t\t\t<div class=\"elementor-widget-container\">\n\t\t\t\t\t<h2 class=\"elementor-heading-title elementor-size-default\">Privacy policy<\/h2>\t\t\t\t<\/div>\n\t\t\t\t<\/div>\n\t\t\t\t<div class=\"elementor-element elementor-element-e874c9a elementor-widget elementor-widget-text-editor\" data-id=\"e874c9a\" data-element_type=\"widget\" data-e-type=\"widget\" data-widget_type=\"text-editor.default\">\n\t\t\t\t<div class=\"elementor-widget-container\">\n\t\t\t\t\t\t\t\t\t<p class=\"font_8\" style=\"background: transparent; border: 0px; outline: 0px; padding: 0px; vertical-align: baseline; pointer-events: auto; line-height: 1.6; color: rgb(var(--color_15)); margin-block-end: 0px; margin: 0px;\">Protecting the privacy of our customers is very important to us. That&#8217;s why we&#8217;ve created a privacy policy that explains how we collect, use, disclose, transfer and store personal information. When processing personal data, we comply with the laws in force in Estonia, including the EU General Data Protection Regulation (GDPR).  <\/p>\n<p><\/p>\n<p class=\"font_8\" style=\"background: transparent; border: 0px; outline: 0px; padding: 0px; vertical-align: baseline; pointer-events: auto; line-height: 1.6; color: rgb(var(--color_15)); margin-block-end: 0px; margin: 0px;\">Personal data are data through which an individual can be identified.<br><br><\/p>\n<ol class=\"font_8\" style=\"margin: 0px; padding: 0px; list-style-position: initial; list-style-image: initial; pointer-events: auto; line-height: 1.6; color: rgb(var(--color_15)); margin-inline-start: 0.5em; padding-inline: 1.3em 0px;\">\n<li style=\"margin: 0px; padding: 0px; font-style: inherit; font-weight: inherit; line-height: inherit;\">\n<p class=\"font_8\" style=\"background: transparent; border: 0px; outline: 0px; padding: 0px; vertical-align: baseline; line-height: 1.6; color: rgb(var(--color_15)); letter-spacing: 0em; margin-block-end: 0px; margin: 0px;\">\u00d6rrekese Master Workshop (Sinka O\u00dc) asks the customer to provide us with personal data if the customer wishes to order a workshop or make a purchase from the e-shop. The personal data we ask for are: <\/p>\n<ul class=\"font_8\" style=\"margin: 0px; padding: 0px; list-style-position: initial; list-style-image: initial; pointer-events: auto; line-height: 1.6; color: rgb(var(--color_15)); margin-inline-start: 0.5em; padding-inline: 1.3em 0px;\">\n<li style=\"margin: 0px; padding: 0px; font-style: inherit; font-weight: inherit; line-height: inherit;\">\n<p class=\"font_8\" style=\"background: transparent; border: 0px; outline: 0px; padding: 0px; vertical-align: baseline; line-height: 1.6; color: rgb(var(--color_15)); letter-spacing: 0em; margin-block-end: 0px; margin: 0px;\">name,<\/p>\n<\/li>\n<li style=\"margin: 0px; padding: 0px; font-style: inherit; font-weight: inherit; line-height: inherit;\">\n<p class=\"font_8\" style=\"background: transparent; border: 0px; outline: 0px; padding: 0px; vertical-align: baseline; line-height: 1.6; color: rgb(var(--color_15)); letter-spacing: 0em; margin-block-end: 0px; margin: 0px;\">telephone number,<\/p>\n<\/li>\n<li style=\"margin: 0px; padding: 0px; font-style: inherit; font-weight: inherit; line-height: inherit;\">\n<p class=\"font_8\" style=\"background: transparent; border: 0px; outline: 0px; padding: 0px; vertical-align: baseline; line-height: 1.6; color: rgb(var(--color_15)); letter-spacing: 0em; margin-block-end: 0px; margin: 0px;\"><span style=\"background-color: transparent; color: rgb(var(--color_15)); font-family: var( --e-global-typography-text-font-family ), Sans-serif; font-style: inherit; font-weight: inherit; letter-spacing: 0em; text-align: var(--text-align); font-size: var( --e-global-typography-text-font-size );\">e-mail address<br><br><\/span><\/p>\n<\/li>\n<\/ul>\n<\/li>\n<li><span style=\"background-color: transparent; color: rgb(var(--color_15)); font-family: var( --e-global-typography-text-font-family ), Sans-serif; font-style: inherit; font-weight: inherit; letter-spacing: 0em; text-align: var(--text-align);\">We use the personal data collected:<\/span><br><ul class=\"font_8\" style=\"margin: 0px; padding: 0px; list-style-position: initial; list-style-image: initial; pointer-events: auto; line-height: 1.6; color: rgb(var(--color_15)); margin-inline-start: 0.5em; padding-inline: 1.3em 0px;\">\n<li style=\"margin: 0px; padding: 0px; font-style: inherit; font-weight: inherit; line-height: inherit;\">\n<p class=\"font_8\" style=\"background: transparent; border: 0px; outline: 0px; padding: 0px; vertical-align: baseline; line-height: 1.6; color: rgb(var(--color_15)); letter-spacing: 0em; margin-block-end: 0px; margin: 0px;\">to prepare and issue invoices,<\/p>\n<\/li>\n<li style=\"margin: 0px; padding: 0px; font-style: inherit; font-weight: inherit; line-height: inherit;\">\n<p class=\"font_8\" style=\"background: transparent; border: 0px; outline: 0px; padding: 0px; vertical-align: baseline; line-height: 1.6; color: rgb(var(--color_15)); letter-spacing: 0em; margin-block-end: 0px; margin: 0px;\">to send information about a workshop or a product to a client.<br><br><\/p>\n<\/li>\n<\/ul>\n<\/li>\n<li>The customer always has the possibility to modify or request the deletion of personal data. To do so, please send an e-mail to &nbsp;info@orreke.ee&nbsp;to send a substantive e-mail.<br><br><\/li>\n<li>We will share the personal data we collect at the request of the authorities or when necessary to provide the service requested by the customer. The data controller is the data processor. In order to carry out the supply, we provide the data entered by the customer to the supplier.  <br>\n<br><br><\/li>\n<li style=\"margin: 0px; padding: 0px; font-style: inherit; font-weight: inherit; line-height: inherit;\">\n<p class=\"font_8\" style=\"background: transparent; border: 0px; outline: 0px; padding: 0px; vertical-align: baseline; line-height: 1.6; color: rgb(var(--color_15)); letter-spacing: 0em; margin-block-end: 0px; margin: 0px;\">We take every precaution to protect your personal data. Access to process data is restricted to authorised personnel. <br><br><\/p>\n<\/li>\n<li style=\"margin: 0px; padding: 0px; font-style: inherit; font-weight: inherit; line-height: inherit;\">\n<p class=\"font_8\" style=\"background: transparent; border: 0px; outline: 0px; padding: 0px; vertical-align: baseline; line-height: 1.6; color: rgb(var(--color_15)); letter-spacing: 0em; margin-block-end: 0px; margin: 0px;\">\u00d6rrekese Master Garden reserves the right to change its privacy policy if necessary. We will inform our customers of this, and we will also publish information about the changes on the \u00d6rrekes website. <br><br><\/p>\n<\/li>\n<li style=\"margin: 0px; padding: 0px; font-style: inherit; font-weight: inherit; line-height: inherit;\">\n<p class=\"font_8\" style=\"background: transparent; border: 0px; outline: 0px; padding: 0px; vertical-align: baseline; line-height: 1.6; color: rgb(var(--color_15)); letter-spacing: 0em; margin-block-end: 0px; margin: 0px;\">For any questions or suggestions, please contact.&nbsp;<a style=\"background-image: initial; background-position: initial; background-size: initial; background-repeat: initial; background-attachment: initial; background-origin: initial; background-clip: initial; border: 0px; margin: 0px; outline: 0px; padding: 0px; vertical-align: baseline; cursor: pointer;\" href=\"mailto:info@orreke.ee\" data-auto-recognition=\"true\">info@orreke.ee.<\/a> You can also contact the Data Protection Inspectorate or the courts. <\/p>\n<\/li>\n<\/ol>\t\t\t\t\t\t\t\t<\/div>\n\t\t\t\t<\/div>\n\t\t\t\t\t<\/div>\n\t\t\t\t<\/div>\n\t\t\t\t<\/div>\n\t\t","protected":false},"excerpt":{"rendered":"<p>Privacy policy Protecting the privacy of our customers is very important to us. That&#8217;s why we&#8217;ve created a privacy policy that explains how we collect, use, disclose, transfer and store personal information. When processing personal data, we comply with the laws in force in Estonia, including the EU General Data Protection Regulation (GDPR). Personal data [&hellip;]<\/p>\n","protected":false},"author":1,"featured_media":0,"parent":0,"menu_order":0,"comment_status":"closed","ping_status":"closed","template":"","meta":{"_acf_changed":false,"footnotes":""},"class_list":["post-17093","page","type-page","status-publish","hentry"],"acf":[],"yoast_head":"<!-- This site is optimized with the Yoast SEO plugin v27.4 - https:\/\/yoast.com\/product\/yoast-seo-wordpress\/ -->\n<title>\u00d6rreke Privacy policy - \u00d6rreke<\/title>\n<meta name=\"description\" content=\"Keeping the privacy of \u00d6rreke customers is very important to us. That&#039;s why we have a privacy policy.\" \/>\n<meta name=\"robots\" content=\"index, follow, max-snippet:-1, max-image-preview:large, max-video-preview:-1\" \/>\n<link rel=\"canonical\" href=\"https:\/\/www.orreke.ee\/en\/privacy-policy\/\" \/>\n<meta property=\"og:locale\" content=\"en_US\" \/>\n<meta property=\"og:type\" content=\"article\" \/>\n<meta property=\"og:title\" content=\"\u00d6rreke Privacy policy - \u00d6rreke\" \/>\n<meta property=\"og:description\" content=\"Keeping the privacy of \u00d6rreke customers is very important to us. That&#039;s why we have a privacy policy.\" \/>\n<meta property=\"og:url\" content=\"https:\/\/www.orreke.ee\/en\/privacy-policy\/\" \/>\n<meta property=\"og:site_name\" content=\"\u00d6rreke\" \/>\n<meta property=\"article:publisher\" content=\"https:\/\/www.facebook.com\/orreke\/\" \/>\n<meta property=\"article:modified_time\" content=\"2024-10-10T19:41:44+00:00\" \/>\n<meta property=\"og:image\" content=\"https:\/\/www.orreke.ee\/wp-content\/uploads\/2024\/09\/Copy-of-mesikanga-opituba-seltskonnale.jpg\" \/>\n\t<meta property=\"og:image:width\" content=\"900\" \/>\n\t<meta property=\"og:image:height\" content=\"700\" \/>\n\t<meta property=\"og:image:type\" content=\"image\/jpeg\" \/>\n<meta name=\"twitter:card\" content=\"summary_large_image\" \/>\n<meta name=\"twitter:label1\" content=\"Est. reading time\" \/>\n\t<meta name=\"twitter:data1\" content=\"1 minute\" \/>\n<script type=\"application\/ld+json\" class=\"yoast-schema-graph\">{\"@context\":\"https:\\\/\\\/schema.org\",\"@graph\":[{\"@type\":\"WebPage\",\"@id\":\"https:\\\/\\\/www.orreke.ee\\\/en\\\/privacy-policy\\\/\",\"url\":\"https:\\\/\\\/www.orreke.ee\\\/en\\\/privacy-policy\\\/\",\"name\":\"\u00d6rreke Privacy policy - \u00d6rreke\",\"isPartOf\":{\"@id\":\"https:\\\/\\\/www.orreke.ee\\\/en\\\/#website\"},\"datePublished\":\"2024-09-15T13:49:26+00:00\",\"dateModified\":\"2024-10-10T19:41:44+00:00\",\"description\":\"Keeping the privacy of \u00d6rreke customers is very important to us. That's why we have a privacy policy.\",\"breadcrumb\":{\"@id\":\"https:\\\/\\\/www.orreke.ee\\\/en\\\/privacy-policy\\\/#breadcrumb\"},\"inLanguage\":\"en-US\",\"potentialAction\":[{\"@type\":\"ReadAction\",\"target\":[\"https:\\\/\\\/www.orreke.ee\\\/en\\\/privacy-policy\\\/\"]}]},{\"@type\":\"BreadcrumbList\",\"@id\":\"https:\\\/\\\/www.orreke.ee\\\/en\\\/privacy-policy\\\/#breadcrumb\",\"itemListElement\":[{\"@type\":\"ListItem\",\"position\":1,\"name\":\"Home\",\"item\":\"https:\\\/\\\/www.orreke.ee\\\/en\\\/homepage\\\/\"},{\"@type\":\"ListItem\",\"position\":2,\"name\":\"Privacy policy\"}]},{\"@type\":\"WebSite\",\"@id\":\"https:\\\/\\\/www.orreke.ee\\\/en\\\/#website\",\"url\":\"https:\\\/\\\/www.orreke.ee\\\/en\\\/\",\"name\":\"\u00d6rreke\",\"description\":\"Rohkem kui pelgalt k\u00e4sit\u00f6\u00f6!\",\"publisher\":{\"@id\":\"https:\\\/\\\/www.orreke.ee\\\/en\\\/#organization\"},\"alternateName\":\"K\u00e4sit\u00f6\u00f6 \u00f5pitoad\",\"potentialAction\":[{\"@type\":\"SearchAction\",\"target\":{\"@type\":\"EntryPoint\",\"urlTemplate\":\"https:\\\/\\\/www.orreke.ee\\\/en\\\/?s={search_term_string}\"},\"query-input\":{\"@type\":\"PropertyValueSpecification\",\"valueRequired\":true,\"valueName\":\"search_term_string\"}}],\"inLanguage\":\"en-US\"},{\"@type\":\"Organization\",\"@id\":\"https:\\\/\\\/www.orreke.ee\\\/en\\\/#organization\",\"name\":\"\u00d6rreke\",\"alternateName\":\"K\u00e4sit\u00f6\u00f6 \u00f5pitoad Sinu \u00fcritusel\",\"url\":\"https:\\\/\\\/www.orreke.ee\\\/en\\\/\",\"logo\":{\"@type\":\"ImageObject\",\"inLanguage\":\"en-US\",\"@id\":\"https:\\\/\\\/www.orreke.ee\\\/en\\\/#\\\/schema\\\/logo\\\/image\\\/\",\"url\":\"https:\\\/\\\/www.orreke.ee\\\/wp-content\\\/uploads\\\/2024\\\/08\\\/ORREKE.svg\",\"contentUrl\":\"https:\\\/\\\/www.orreke.ee\\\/wp-content\\\/uploads\\\/2024\\\/08\\\/ORREKE.svg\",\"caption\":\"\u00d6rreke\"},\"image\":{\"@id\":\"https:\\\/\\\/www.orreke.ee\\\/en\\\/#\\\/schema\\\/logo\\\/image\\\/\"},\"sameAs\":[\"https:\\\/\\\/www.facebook.com\\\/orreke\\\/\",\"https:\\\/\\\/www.instagram.com\\\/orrekesemeistrikoda\\\/\",\"https:\\\/\\\/www.linkedin.com\\\/company\\\/orrekese-meistrikoda\\\/\"]}]}<\/script>\n<!-- \/ Yoast SEO plugin. -->","yoast_head_json":{"title":"\u00d6rreke Privacy policy - \u00d6rreke","description":"Keeping the privacy of \u00d6rreke customers is very important to us. That's why we have a privacy policy.","robots":{"index":"index","follow":"follow","max-snippet":"max-snippet:-1","max-image-preview":"max-image-preview:large","max-video-preview":"max-video-preview:-1"},"canonical":"https:\/\/www.orreke.ee\/en\/privacy-policy\/","og_locale":"en_US","og_type":"article","og_title":"\u00d6rreke Privacy policy - \u00d6rreke","og_description":"Keeping the privacy of \u00d6rreke customers is very important to us. That's why we have a privacy policy.","og_url":"https:\/\/www.orreke.ee\/en\/privacy-policy\/","og_site_name":"\u00d6rreke","article_publisher":"https:\/\/www.facebook.com\/orreke\/","article_modified_time":"2024-10-10T19:41:44+00:00","og_image":[{"width":900,"height":700,"url":"https:\/\/www.orreke.ee\/wp-content\/uploads\/2024\/09\/Copy-of-mesikanga-opituba-seltskonnale.jpg","type":"image\/jpeg"}],"twitter_card":"summary_large_image","twitter_misc":{"Est. reading time":"1 minute"},"schema":{"@context":"https:\/\/schema.org","@graph":[{"@type":"WebPage","@id":"https:\/\/www.orreke.ee\/en\/privacy-policy\/","url":"https:\/\/www.orreke.ee\/en\/privacy-policy\/","name":"\u00d6rreke Privacy policy - \u00d6rreke","isPartOf":{"@id":"https:\/\/www.orreke.ee\/en\/#website"},"datePublished":"2024-09-15T13:49:26+00:00","dateModified":"2024-10-10T19:41:44+00:00","description":"Keeping the privacy of \u00d6rreke customers is very important to us. That's why we have a privacy policy.","breadcrumb":{"@id":"https:\/\/www.orreke.ee\/en\/privacy-policy\/#breadcrumb"},"inLanguage":"en-US","potentialAction":[{"@type":"ReadAction","target":["https:\/\/www.orreke.ee\/en\/privacy-policy\/"]}]},{"@type":"BreadcrumbList","@id":"https:\/\/www.orreke.ee\/en\/privacy-policy\/#breadcrumb","itemListElement":[{"@type":"ListItem","position":1,"name":"Home","item":"https:\/\/www.orreke.ee\/en\/homepage\/"},{"@type":"ListItem","position":2,"name":"Privacy policy"}]},{"@type":"WebSite","@id":"https:\/\/www.orreke.ee\/en\/#website","url":"https:\/\/www.orreke.ee\/en\/","name":"\u00d6rreke","description":"Rohkem kui pelgalt k\u00e4sit\u00f6\u00f6!","publisher":{"@id":"https:\/\/www.orreke.ee\/en\/#organization"},"alternateName":"K\u00e4sit\u00f6\u00f6 \u00f5pitoad","potentialAction":[{"@type":"SearchAction","target":{"@type":"EntryPoint","urlTemplate":"https:\/\/www.orreke.ee\/en\/?s={search_term_string}"},"query-input":{"@type":"PropertyValueSpecification","valueRequired":true,"valueName":"search_term_string"}}],"inLanguage":"en-US"},{"@type":"Organization","@id":"https:\/\/www.orreke.ee\/en\/#organization","name":"\u00d6rreke","alternateName":"K\u00e4sit\u00f6\u00f6 \u00f5pitoad Sinu \u00fcritusel","url":"https:\/\/www.orreke.ee\/en\/","logo":{"@type":"ImageObject","inLanguage":"en-US","@id":"https:\/\/www.orreke.ee\/en\/#\/schema\/logo\/image\/","url":"https:\/\/www.orreke.ee\/wp-content\/uploads\/2024\/08\/ORREKE.svg","contentUrl":"https:\/\/www.orreke.ee\/wp-content\/uploads\/2024\/08\/ORREKE.svg","caption":"\u00d6rreke"},"image":{"@id":"https:\/\/www.orreke.ee\/en\/#\/schema\/logo\/image\/"},"sameAs":["https:\/\/www.facebook.com\/orreke\/","https:\/\/www.instagram.com\/orrekesemeistrikoda\/","https:\/\/www.linkedin.com\/company\/orrekese-meistrikoda\/"]}]}},"_links":{"self":[{"href":"https:\/\/www.orreke.ee\/en\/wp-json\/wp\/v2\/pages\/17093","targetHints":{"allow":["GET"]}}],"collection":[{"href":"https:\/\/www.orreke.ee\/en\/wp-json\/wp\/v2\/pages"}],"about":[{"href":"https:\/\/www.orreke.ee\/en\/wp-json\/wp\/v2\/types\/page"}],"author":[{"embeddable":true,"href":"https:\/\/www.orreke.ee\/en\/wp-json\/wp\/v2\/users\/1"}],"replies":[{"embeddable":true,"href":"https:\/\/www.orreke.ee\/en\/wp-json\/wp\/v2\/comments?post=17093"}],"version-history":[{"count":1,"href":"https:\/\/www.orreke.ee\/en\/wp-json\/wp\/v2\/pages\/17093\/revisions"}],"predecessor-version":[{"id":17097,"href":"https:\/\/www.orreke.ee\/en\/wp-json\/wp\/v2\/pages\/17093\/revisions\/17097"}],"wp:attachment":[{"href":"https:\/\/www.orreke.ee\/en\/wp-json\/wp\/v2\/media?parent=17093"}],"curies":[{"name":"wp","href":"https:\/\/api.w.org\/{rel}","templated":true}]}}